{"id":3806,"date":"2021-08-03T08:11:24","date_gmt":"2021-08-03T12:11:24","guid":{"rendered":"https:\/\/itsyourepilepsy.com\/?page_id=3806"},"modified":"2022-10-21T04:12:06","modified_gmt":"2022-10-21T08:12:06","slug":"diccionario","status":"publish","type":"page","link":"https:\/\/itsyourepilepsy.com\/es\/diccionario\/","title":{"rendered":"Diccionario"},"content":{"rendered":"<div class=\"gb-container gb-container-43a31da0\"><div class=\"gb-inside-container\">\n\n<p class=\"has-text-align-left\">En este diccionario encontrar\u00e1 la definici\u00f3n de palabras y vocabulario incluidos en las diferentes secciones de nuestra p\u00e1gina web.<\/p>\n\n\n<div class=\"wpgb-facet wpgb-loading wpgb-facet-1\" data-facet=\"1\" data-grid=\"1\"><\/div>\n\n<div class=\"wpgb-facet wpgb-loading wpgb-facet-5\" data-facet=\"5\" data-grid=\"1\"><\/div>\n\n<!-- Gridbuilder \u1d42\u1d3e Plugin (https:\/\/wpgridbuilder.com) -->\n<div class=\"wp-grid-builder wpgb-grid-1 glossario\" data-options=\"{&quot;id&quot;:1,&quot;type&quot;:&quot;masonry&quot;,&quot;source&quot;:&quot;post_type&quot;,&quot;loader&quot;:0,&quot;layout&quot;:&quot;vertical&quot;,&quot;reveal&quot;:0,&quot;isMainQuery&quot;:false,&quot;lazyLoad&quot;:0,&quot;cardSizes&quot;:{&quot;9999&quot;:{&quot;columns&quot;:1,&quot;height&quot;:240,&quot;gutter&quot;:0,&quot;ratio&quot;:&quot;1.33333&quot;},&quot;1200&quot;:{&quot;columns&quot;:1,&quot;height&quot;:240,&quot;gutter&quot;:0,&quot;ratio&quot;:&quot;1.33333&quot;},&quot;992&quot;:{&quot;columns&quot;:1,&quot;height&quot;:220,&quot;gutter&quot;:0,&quot;ratio&quot;:&quot;1.33333&quot;},&quot;768&quot;:{&quot;columns&quot;:1,&quot;height&quot;:220,&quot;gutter&quot;:0,&quot;ratio&quot;:&quot;1.33333&quot;},&quot;576&quot;:{&quot;columns&quot;:1,&quot;height&quot;:200,&quot;gutter&quot;:0,&quot;ratio&quot;:&quot;1.33333&quot;},&quot;320&quot;:{&quot;columns&quot;:1,&quot;height&quot;:200,&quot;gutter&quot;:0,&quot;ratio&quot;:&quot;1.33333&quot;}},&quot;fitRows&quot;:0,&quot;equalRows&quot;:0,&quot;equalColumns&quot;:0,&quot;fillLastRow&quot;:0,&quot;centerLastRow&quot;:0,&quot;horizontalOrder&quot;:0,&quot;fullWidth&quot;:0,&quot;transitionDelay&quot;:100,&quot;gallerySlideshow&quot;:0,&quot;rowsNumber&quot;:1,&quot;slideAlign&quot;:&quot;left&quot;,&quot;groupCells&quot;:1,&quot;draggable&quot;:1,&quot;initialIndex&quot;:0,&quot;contain&quot;:0,&quot;freeScroll&quot;:0,&quot;freeFriction&quot;:&quot;0.075&quot;,&quot;friction&quot;:&quot;0.285&quot;,&quot;attraction&quot;:&quot;0.025&quot;,&quot;autoPlay&quot;:0,&quot;pageDotAriaLabel&quot;:&quot;Page dot %d&quot;,&quot;isPreview&quot;:false,&quot;isGutenberg&quot;:false,&quot;rightToLeft&quot;:false}\"><div class=\"wpgb-svg-icons\" hidden>\n\t<svg viewBox=\"0 0 120 24\" width=\"0\" height=\"0\">\n\t<defs>\n        <polygon id=\"wpgb-star-svg\" points=\"12 2.5 15.1 8.8 22 9.8 17 14.6 18.2 21.5 12 18.3 5.8 21.5 7 14.6 2 9.8 8.9 8.8\"><\/polygon>\n    <\/defs>\n    <symbol id=\"wpgb-rating-stars-svg\">\n        <use xlink:href=\"#wpgb-star-svg\"><\/use>\n        <use xlink:href=\"#wpgb-star-svg\" x=\"24\"><\/use>\n        <use xlink:href=\"#wpgb-star-svg\" x=\"48\"><\/use>\n        <use xlink:href=\"#wpgb-star-svg\" x=\"72\"><\/use>\n        <use xlink:href=\"#wpgb-star-svg\" x=\"96\"><\/use>\n    <\/symbol>\n<\/svg>\n<\/div>\n<div class=\"wpgb-wrapper\">\n\t<div class=\"wpgb-main\">\n\t<div class=\"wpgb-layout\">\n\t<div class=\"wpgb-viewport\">\n\t\t<div class=\"wpgb-masonry\">\n\t\t\t<article class=\"wpgb-card wpgb-card-21 wpgb-post-3895\" data-col=\"1\" data-row=\"1\" data-format=\"standard\"><div class=\"wpgb-card-wrapper\"><div class=\"wpgb-card-inner\"><div class=\"wpgb-card-content wpgb-scheme-dark\"><div class=\"wpgb-card-body\"><h3 class=\"wpgb-block-1 wpgb-idle-scheme-1 wpgb-hover-accent-1\">Ablaci\u00f3n Estereot\u00e1ctica con L\u00e1ser<\/h3><div class=\"wpgb-block-5 wpgb-idle-scheme-1\"><p>Tambi\u00e9n conocida como SLA (por sus siglas en ingl\u00e9s). Procedimiento m\u00ednimamente invasivo que utiliza una fibra l\u00e1ser para destruir el tejido da\u00f1ado del cerebro que causa las convulsiones<\/p><\/div><\/div><\/div><\/div><\/div><\/article><article class=\"wpgb-card wpgb-card-21 wpgb-post-3973\" data-col=\"1\" data-row=\"1\" data-format=\"standard\"><div class=\"wpgb-card-wrapper\"><div class=\"wpgb-card-inner\"><div class=\"wpgb-card-content wpgb-scheme-dark\"><div class=\"wpgb-card-body\"><h3 class=\"wpgb-block-1 wpgb-idle-scheme-1 wpgb-hover-accent-1\">Accidente cerebrovascular<\/h3><div class=\"wpgb-block-5 wpgb-idle-scheme-1\"><p>Bloqueo del flujo de sangre en las arterias que nutren el cerebro o cuando hay un sangrado que afecta los tejidos y neuronas cerebrales.<\/p><\/div><\/div><\/div><\/div><\/div><\/article><article class=\"wpgb-card wpgb-card-21 wpgb-post-3896\" data-col=\"1\" data-row=\"1\" data-format=\"standard\"><div class=\"wpgb-card-wrapper\"><div class=\"wpgb-card-inner\"><div class=\"wpgb-card-content wpgb-scheme-dark\"><div class=\"wpgb-card-body\"><h3 class=\"wpgb-block-1 wpgb-idle-scheme-1 wpgb-hover-accent-1\">Actividad Metab\u00f3lica<\/h3><div class=\"wpgb-block-5 wpgb-idle-scheme-1\"><p>Serie de procesos qu\u00edmicos que ocurren en el cuerpo humano generando crecimiento, producci\u00f3n de energ\u00eda, eliminaci\u00f3n de residuos del cuerpo, etc.<\/p><\/div><\/div><\/div><\/div><\/div><\/article>\t\t<\/div>\n\t<\/div>\n\t<\/div>\n\t<\/div>\n\t\t<\/div>\n<\/div>\n\n<\/div><\/div>","protected":false},"excerpt":{"rendered":"<p>En este diccionario encontrar\u00e1 la definici\u00f3n de palabras y vocabulario incluidos en las diferentes secciones de nuestra p\u00e1gina web.<\/p>\n","protected":false},"author":13,"featured_media":0,"parent":0,"menu_order":0,"comment_status":"closed","ping_status":"closed","template":"","meta":{"_acf_changed":false,"footnotes":""},"class_list":["post-3806","page","type-page","status-publish"],"acf":[],"_links":{"self":[{"href":"https:\/\/itsyourepilepsy.com\/es\/wp-json\/wp\/v2\/pages\/3806","targetHints":{"allow":["GET"]}}],"collection":[{"href":"https:\/\/itsyourepilepsy.com\/es\/wp-json\/wp\/v2\/pages"}],"about":[{"href":"https:\/\/itsyourepilepsy.com\/es\/wp-json\/wp\/v2\/types\/page"}],"author":[{"embeddable":true,"href":"https:\/\/itsyourepilepsy.com\/es\/wp-json\/wp\/v2\/users\/13"}],"replies":[{"embeddable":true,"href":"https:\/\/itsyourepilepsy.com\/es\/wp-json\/wp\/v2\/comments?post=3806"}],"version-history":[{"count":0,"href":"https:\/\/itsyourepilepsy.com\/es\/wp-json\/wp\/v2\/pages\/3806\/revisions"}],"wp:attachment":[{"href":"https:\/\/itsyourepilepsy.com\/es\/wp-json\/wp\/v2\/media?parent=3806"}],"curies":[{"name":"wp","href":"https:\/\/api.w.org\/{rel}","templated":true}]}}