{"id":3745,"date":"2021-08-03T08:22:03","date_gmt":"2021-08-03T12:22:03","guid":{"rendered":"https:\/\/itsyourepilepsy.com\/?page_id=3745"},"modified":"2022-10-25T11:45:42","modified_gmt":"2022-10-25T15:45:42","slug":"controles-periodicos-de-tratamiento","status":"publish","type":"page","link":"https:\/\/itsyourepilepsy.com\/es\/evaluaciones-y-opciones-de-tratamiento\/controles-periodicos-de-tratamiento\/","title":{"rendered":"Controles Peri\u00f3dicos de Tratamiento"},"content":{"rendered":"<div class=\"gb-container gb-container-f9469345\"><div class=\"gb-inside-container\">\n\n<p>Follow-up care is an integrative part of the treatment plan and must not be overseen. Your team of specialists will closely monitor you. It is important to remember that each epilepsy is unique, and so is the treatment plan and follow-up care.<\/p>\n\n\n\n<div style=\"height:40px\" aria-hidden=\"true\" class=\"wp-block-spacer\"><\/div>\n\n\n<div class=\"gb-grid-wrapper gb-grid-wrapper-76a22ec3 bordered\">\n<div class=\"gb-grid-column gb-grid-column-585aa5da\"><div class=\"gb-container gb-container-585aa5da covered\"><div class=\"gb-inside-container\">\n\n<figure class=\"wp-block-image alignwide size-full\"><img loading=\"lazy\" decoding=\"async\" width=\"600\" height=\"401\" src=\"https:\/\/itsyourepilepsy.com\/wp-content\/uploads\/2021\/09\/Medication-Therapy.jpg\" alt=\"Medication Therapy\" class=\"wp-image-2352\" srcset=\"https:\/\/itsyourepilepsy.com\/wp-content\/uploads\/2021\/09\/Medication-Therapy.jpg 600w, https:\/\/itsyourepilepsy.com\/wp-content\/uploads\/2021\/09\/Medication-Therapy-300x201.jpg 300w\" sizes=\"auto, (max-width: 600px) 100vw, 600px\" \/><\/figure>\n\n<\/div><\/div><\/div>\n\n<div class=\"gb-grid-column gb-grid-column-70daec9b\"><div class=\"gb-container gb-container-70daec9b\"><div class=\"gb-inside-container\">\n\n<h2 class=\"gb-headline gb-headline-376e47c5 gb-headline-text\">Terapia con medicamentos<\/h2>\n\n\n\n<p>Los m\u00e9dicos evaluar\u00e1n regularmente la respuesta a los medicamentos anticonvulsivantes para confirmar si se est\u00e1 tolerando la dosis y descartar posibles efectos secundarios. Para el \u00e9xito de cualquier tratamiento, es fundamental asistir a los controles y revisar c\u00f3mo funcionan los medicamentos, adem\u00e1s de observar todos los cambios en su cuerpo.<\/p>\n\n\n\t\n<div id=\"read-more-modal-block_19fbf92932529d01191110374f7a7684\" class=\"more\">\n\t\n  \n<div class=\"gb-button-wrapper gb-button-wrapper-viola\">\n<button class=\"gb-button gb-button-text gb-button-viola open-modal\" data-open=\"modal-block_19fbf92932529d01191110374f7a7684\">Leer m\u00e1s<\/button>\n<\/div>\n\t<div class=\"modal\" id=\"modal-block_19fbf92932529d01191110374f7a7684\" data-animation=\"slideInOutLeft\">\n  <div class=\"modal-dialog\">\n <button class=\"close-modal\" aria-label=\"close modal\" data-close>\n        \u2715  \n      <\/button>\n    <section class=\"modal-content\">\n      <p>Debe ser consistente y programar sus citas regularmente para evaluar la progresi\u00f3n de su epilepsia y evaluar los efectos de los medicamentos. Si la respuesta no es la que usted y el equipo cl\u00ednico esperan, ser\u00e1 necesario realizar cambios o ajustes en los medicamentos.<\/p>\n<p>Las personas con epilepsia resistente a los medicamentos responden de manera diferente a las diferentes terapias. Es por eso que el anticonvulsivante se ajusta de acuerdo con el historial m\u00e9dico de la persona, el tipo de convulsiones, la causa de las convulsiones, los medicamentos tomados previamente, las contraindicaciones, qu\u00e9 otras enfermedades o afecciones padece, la informaci\u00f3n gen\u00e9tica, la edad, las cirug\u00edas, etc.<\/p>\n<p>Si usted es diagnosticado con epilepsia resistente a los medicamentos y es candidato para cualquiera de las otras opciones de tratamiento, existe la posibilidad de que contin\u00fae tomando medicamentos orales. Durante el seguimiento o controles peri\u00f3dicos de tratamiento, el personal m\u00e9dico determinar\u00e1 si la gravedad y la frecuencia de las convulsiones han disminuido, si tiene un menor riesgo de complicaciones o si sus convulsiones est\u00e1n bajo control. Los m\u00e9dicos tambi\u00e9n har\u00e1n los ajustes necesarios ya sea agregando medicamentos, haciendo cambios en la dosis o suspendi\u00e9ndolos.<\/p>\n    <\/section>\n  <\/div>\n<\/div>\n\t\n\t<\/div>\n<\/div><\/div><\/div>\n<\/div>\n\n\n<div style=\"height:40px\" aria-hidden=\"true\" class=\"wp-block-spacer\"><\/div>\n\n\n<div class=\"gb-grid-wrapper gb-grid-wrapper-21ded39f bordered\">\n<div class=\"gb-grid-column gb-grid-column-93684f04\"><div class=\"gb-container gb-container-93684f04 covered\"><div class=\"gb-inside-container\">\n\n<figure class=\"wp-block-image alignwide size-full\"><img loading=\"lazy\" decoding=\"async\" width=\"600\" height=\"399\" src=\"https:\/\/itsyourepilepsy.com\/wp-content\/uploads\/2021\/09\/Recovering-from-Surgery.jpg\" alt=\"Recovering from Surgery\" class=\"wp-image-2351\" srcset=\"https:\/\/itsyourepilepsy.com\/wp-content\/uploads\/2021\/09\/Recovering-from-Surgery.jpg 600w, https:\/\/itsyourepilepsy.com\/wp-content\/uploads\/2021\/09\/Recovering-from-Surgery-300x200.jpg 300w\" sizes=\"auto, (max-width: 600px) 100vw, 600px\" \/><\/figure>\n\n<\/div><\/div><\/div>\n\n<div class=\"gb-grid-column gb-grid-column-802d256b\"><div class=\"gb-container gb-container-802d256b\"><div class=\"gb-inside-container\">\n\n<h2 class=\"gb-headline gb-headline-a7e4024c gb-headline-text\">Recuperaci\u00f3n de la Cirug\u00eda<\/h2>\n\n\n\n<p>La recuperaci\u00f3n de la cirug\u00eda cambia de persona a persona y se inicia en la unidad de cuidados intensivos (UCI). Este monitoreo es continuo en donde el equipo de especialistas controla sus signos vitales, los medicamentos, las heridas de la cirug\u00eda y si hay signos de dolor o incomodidad. El tiempo de duraci\u00f3n en la UCI depende del tipo de cirug\u00eda realizada y del estado general.<\/p>\n\n\n\t\n<div id=\"read-more-modal-block_866a00ca680f5780c6994072c13d2f5b\" class=\"more\">\n\t\n  \n<div class=\"gb-button-wrapper gb-button-wrapper-viola\">\n<button class=\"gb-button gb-button-text gb-button-viola open-modal\" data-open=\"modal-block_866a00ca680f5780c6994072c13d2f5b\">Leer m\u00e1s<\/button>\n<\/div>\n\t<div class=\"modal\" id=\"modal-block_866a00ca680f5780c6994072c13d2f5b\" data-animation=\"slideInOutLeft\">\n  <div class=\"modal-dialog\">\n <button class=\"close-modal\" aria-label=\"close modal\" data-close>\n        \u2715  \n      <\/button>\n    <section class=\"modal-content\">\n      <p>Si despu\u00e9s de la cirug\u00eda est\u00e1 estable, ser\u00e1 transferido a una habitaci\u00f3n en el hospital o unidad de rehabilitaci\u00f3n. El equipo de especialistas continuar\u00e1 monitoreando la actividad cerebral y estar\u00e1n observando si hay signos de sangrado, infecci\u00f3n o si hay otras complicaciones.<\/p>\n<p>Una vez sea enviado a casa, debe seguir las instrucciones de los profesionales de la salud seg\u00fan lo indicado para su tipo de cirug\u00eda. D\u00e9jele saber a su epilept\u00f3logo, y otros miembros del equipo m\u00e9dico, si est\u00e1 experimentando alg\u00fan cambio en su condici\u00f3n o si hay signos de posibles efectos secundarios.<\/p>\n<p>Programe y asista a sus citas de seguimiento. La atenci\u00f3n postoperatoria es crucial para asegurar una buena recuperaci\u00f3n, evaluar los resultados de la cirug\u00eda y reducir el riesgo de complicaciones.<\/p>\n    <\/section>\n  <\/div>\n<\/div>\n\t\n\t<\/div>\n<\/div><\/div><\/div>\n<\/div>\n\n\n<div style=\"height:40px\" aria-hidden=\"true\" class=\"wp-block-spacer\"><\/div>\n\n\n<div class=\"gb-grid-wrapper gb-grid-wrapper-f2546244 bordered\">\n<div class=\"gb-grid-column gb-grid-column-8c07977e\"><div class=\"gb-container gb-container-8c07977e covered\"><div class=\"gb-inside-container\">\n\n<figure class=\"wp-block-image alignwide size-full\"><img loading=\"lazy\" decoding=\"async\" width=\"600\" height=\"500\" src=\"https:\/\/itsyourepilepsy.com\/wp-content\/uploads\/2021\/09\/Rehabilitation-Therapy.jpg\" alt=\"Rehabilitation Therapy\" class=\"wp-image-2363\" srcset=\"https:\/\/itsyourepilepsy.com\/wp-content\/uploads\/2021\/09\/Rehabilitation-Therapy.jpg 600w, https:\/\/itsyourepilepsy.com\/wp-content\/uploads\/2021\/09\/Rehabilitation-Therapy-300x250.jpg 300w\" sizes=\"auto, (max-width: 600px) 100vw, 600px\" \/><\/figure>\n\n<\/div><\/div><\/div>\n\n<div class=\"gb-grid-column gb-grid-column-b0351250\"><div class=\"gb-container gb-container-b0351250\"><div class=\"gb-inside-container\">\n\n<h2 class=\"gb-headline gb-headline-295ec481 gb-headline-text\">Terapia de rehabilitaci\u00f3n<\/h2>\n\n\n\n<p>La rehabilitaci\u00f3n, despu\u00e9s de la cirug\u00eda cerebral en personas con epilepsia resistente a los medicamentos, hace parte importante del plan de tratamiento y durante la recuperaci\u00f3n ayuda a la persona a volver a ser independiente cuando realiza actividades de la vida diaria como caminar, hablar, comer, vestirse, etc.<\/p>\n\n\n\n<p>Durante este per\u00edodo de recuperaci\u00f3n, el equipo de profesionales de la salud le entregar\u00e1 un programa adecuado de rehabilitaci\u00f3n para prevenir complicaciones y proteger las funciones cerebrales como la memoria, el equilibrio y el habla.<\/p>\n\n\n\t\n<div id=\"read-more-modal-block_e27c9ce8a0a4f9bfa2ebeff007839f01\" class=\"more\">\n\t\n  \n<div class=\"gb-button-wrapper gb-button-wrapper-viola\">\n<button class=\"gb-button gb-button-text gb-button-viola open-modal\" data-open=\"modal-block_e27c9ce8a0a4f9bfa2ebeff007839f01\">Para mayor informaci\u00f3n<\/button>\n<\/div>\n\t<div class=\"modal\" id=\"modal-block_e27c9ce8a0a4f9bfa2ebeff007839f01\" data-animation=\"slideInOutLeft\">\n  <div class=\"modal-dialog\">\n <button class=\"close-modal\" aria-label=\"close modal\" data-close>\n        \u2715  \n      <\/button>\n    <section class=\"modal-content\">\n      <p>El programa de rehabilitaci\u00f3n depender\u00e1 del tipo de cirug\u00eda, los resultados de \u00e9sta y sus necesidades individuales. Los ejercicios y las tareas son parte de la terapia. Estos le ayudar\u00e1n con la marcha y el equilibrio, a mejorar la coordinaci\u00f3n, prevenir la contracci\u00f3n de los m\u00fasculos y para volver a entrenar el cerebro, si es que se presenta alg\u00fan problema con el habla, la memoria y la atenci\u00f3n.<\/p>\n<p>La rehabilitaci\u00f3n se debe iniciar lo antes posible, y se le asignar\u00e1 un programa de ejercicios durante su hospitalizaci\u00f3n. Si se requiere una terapia m\u00e1s intensa y prolongada, es posible que lo transfieran a un hospital de rehabilitaci\u00f3n o a una habitaci\u00f3n especial.<\/p>\n<p>El equipo de profesionales de la salud sabe la importancia de involucrar a la familia y a las personas que lo apoyan. Los miembros de la familia desempe\u00f1an un papel clave en el proceso de rehabilitaci\u00f3n al brindar soporte e informaci\u00f3n sobre sus logros y desaf\u00edos.<\/p>\n<p>Para continuar y promover su recuperaci\u00f3n, es posible que necesite rehabilitaci\u00f3n inmediatamente despu\u00e9s de salir del hospital. La rehabilitaci\u00f3n fuera del hospital es tan importante como la rehabilitaci\u00f3n realizada durante su hospitalizaci\u00f3n. Cuando se vaya a casa, contin\u00fae con el programa ambulatorio el cual le ayudar\u00e1 a estimular sus funciones cerebrales para que pueda vivir de la manera m\u00e1s independiente y mejorar su calidad de vida.<\/p>\n    <\/section>\n  <\/div>\n<\/div>\n\t\n\t<\/div>\n<\/div><\/div><\/div>\n<\/div>\n\n\n<div style=\"height:60px\" aria-hidden=\"true\" class=\"wp-block-spacer\"><\/div>\n\n\n\n<p>No dude en hablar con el equipo de especialistas sobre el seguimiento o controles peri\u00f3dicos de tratamiento. Aseg\u00farese de programar sus citas m\u00e9dicas, hacer los ajustes necesarios y seguir todas las recomendaciones.<\/p>\n\n<\/div><\/div>\n\n<div class=\"gb-container gb-container-c1fc816e\"><div class=\"gb-inside-container\">\n\n<hr class=\"wp-block-separator has-text-color has-css-opacity has-background\" style=\"background-color:#f7bb54;color:#f7bb54\"\/>\n\n\n\n<div style=\"height:40px\" aria-hidden=\"true\" class=\"wp-block-spacer\"><\/div>\n\n\n<div class=\"gb-grid-wrapper gb-grid-wrapper-bfdd098d\">\n<div class=\"gb-grid-column gb-grid-column-d030e05b\"><div class=\"gb-container gb-container-d030e05b\"><div class=\"gb-inside-container\">\n<div id=\"related-block_c786fe2d213f6c2374d1b8ad7dfcf285\" class=\"related\">\n\t<div class=\"related-container\">\n    <div class=\"related-image\">\n\t\t<a href=\"https:\/\/itsyourepilepsy.com\/es\/atencion-plena-o-mindfulness\/\" title=\"Atenci\u00f3n Plena o Mindfulness\">\n        <img loading=\"lazy\" decoding=\"async\" width=\"1024\" height=\"683\" src=\"https:\/\/itsyourepilepsy.com\/wp-content\/uploads\/2021\/09\/Mindfulness-1024x683.jpg\" class=\"attachment-large size-large wp-post-image\" alt=\"\" srcset=\"https:\/\/itsyourepilepsy.com\/wp-content\/uploads\/2021\/09\/Mindfulness-1024x683.jpg 1024w, https:\/\/itsyourepilepsy.com\/wp-content\/uploads\/2021\/09\/Mindfulness-300x200.jpg 300w, https:\/\/itsyourepilepsy.com\/wp-content\/uploads\/2021\/09\/Mindfulness-768x512.jpg 768w, https:\/\/itsyourepilepsy.com\/wp-content\/uploads\/2021\/09\/Mindfulness.jpg 1200w\" sizes=\"auto, (max-width: 1024px) 100vw, 1024px\" \/>    <\/a>\n    <\/div>\n    <div class=\"related-content\">\n\t\t\n        <h3 class=\"related-title\">\n\t\t\t\t\t\t<a href=\"https:\/\/itsyourepilepsy.com\/es\/atencion-plena-o-mindfulness\/\" title=\"Atenci\u00f3n Plena o Mindfulness\">Atenci\u00f3n Plena o Mindfulness<\/a>\n\t\t<\/h3>\n\t\t<div class=\"related-meta\">\n\t\t\t<span class=\"entry-meta\">09.08.2021<\/span>\n\t\t\t<span class=\"entry-meta cat-links terapias alternativas\"><a href=\"https:\/\/itsyourepilepsy.com\/es\/category\/terapias-alternativas\/\" rel=\"category tag\">Terapias Alternativas<\/a><\/span>\t\t<\/div>\n        <p>Las alteraciones f\u00edsicas y mentales se han asociado con el estr\u00e9s y la&#8230;<\/p>\t\n\t\t\n    <\/div>\n\t\t<div class=\"related-footer\">\n\t\t\t<a href=\"https:\/\/itsyourepilepsy.com\/es\/atencion-plena-o-mindfulness\/\" title=\"Atenci\u00f3n Plena o Mindfulness\">\t\n\t\t\t\t<svg   viewBox=\"0 0 32 32\"><path d=\"M19.414 27.414l10-10c0.781-0.781 0.781-2.047 0-2.828l-10-10c-0.781-0.781-2.047-0.781-2.828 0s-0.781 2.047 0 2.828l6.586 6.586h-19.172c-1.105 0-2 0.895-2 2s0.895 2 2 2h19.172l-6.586 6.586c-0.39 0.39-0.586 0.902-0.586 1.414s0.195 1.024 0.586 1.414c0.781 0.781 2.047 0.781 2.828 0z\"><\/path><\/svg>\n\t\t\t<\/a>\n\t\t<\/div>\n\t<\/div>\n<\/div>\n<\/div><\/div><\/div>\n\n<div class=\"gb-grid-column gb-grid-column-1d878940\"><div class=\"gb-container gb-container-1d878940\"><div class=\"gb-inside-container\">\n<div id=\"related-block_26bd8c1fa07070e89c10e6dd3986b4a2\" class=\"related\">\n\t<div class=\"related-container\">\n    <div class=\"related-image\">\n\t\t<a href=\"https:\/\/itsyourepilepsy.com\/es\/yoga\/\" title=\"Yoga\">\n        <img loading=\"lazy\" decoding=\"async\" width=\"1024\" height=\"683\" src=\"https:\/\/itsyourepilepsy.com\/wp-content\/uploads\/2021\/09\/Yoga-1024x683.jpg\" class=\"attachment-large size-large wp-post-image\" alt=\"\" srcset=\"https:\/\/itsyourepilepsy.com\/wp-content\/uploads\/2021\/09\/Yoga-1024x683.jpg 1024w, https:\/\/itsyourepilepsy.com\/wp-content\/uploads\/2021\/09\/Yoga-300x200.jpg 300w, https:\/\/itsyourepilepsy.com\/wp-content\/uploads\/2021\/09\/Yoga-768x512.jpg 768w, https:\/\/itsyourepilepsy.com\/wp-content\/uploads\/2021\/09\/Yoga.jpg 1200w\" sizes=\"auto, (max-width: 1024px) 100vw, 1024px\" \/>    <\/a>\n    <\/div>\n    <div class=\"related-content\">\n\t\t\n        <h3 class=\"related-title\">\n\t\t\t\t\t\t<a href=\"https:\/\/itsyourepilepsy.com\/es\/yoga\/\" title=\"Yoga\">Yoga<\/a>\n\t\t<\/h3>\n\t\t<div class=\"related-meta\">\n\t\t\t<span class=\"entry-meta\">09.08.2021<\/span>\n\t\t\t<span class=\"entry-meta cat-links terapias alternativas\"><a href=\"https:\/\/itsyourepilepsy.com\/es\/category\/terapias-alternativas\/\" rel=\"category tag\">Terapias Alternativas<\/a><\/span>\t\t<\/div>\n        <p>El yoga es un tipo de actividad f\u00edsica que incluye secuencias de posturas y&#8230;<\/p>\t\n\t\t\n    <\/div>\n\t\t<div class=\"related-footer\">\n\t\t\t<a href=\"https:\/\/itsyourepilepsy.com\/es\/yoga\/\" title=\"Yoga\">\t\n\t\t\t\t<svg   viewBox=\"0 0 32 32\"><path d=\"M19.414 27.414l10-10c0.781-0.781 0.781-2.047 0-2.828l-10-10c-0.781-0.781-2.047-0.781-2.828 0s-0.781 2.047 0 2.828l6.586 6.586h-19.172c-1.105 0-2 0.895-2 2s0.895 2 2 2h19.172l-6.586 6.586c-0.39 0.39-0.586 0.902-0.586 1.414s0.195 1.024 0.586 1.414c0.781 0.781 2.047 0.781 2.828 0z\"><\/path><\/svg>\n\t\t\t<\/a>\n\t\t<\/div>\n\t<\/div>\n<\/div>\n<\/div><\/div><\/div>\n\n<div class=\"gb-grid-column gb-grid-column-d753681f\"><div class=\"gb-container gb-container-d753681f\"><div class=\"gb-inside-container\">\n<div id=\"related-block_6b736d5f333d9da4d11532f292f791f9\" class=\"related\">\n\t<div class=\"related-container\">\n    <div class=\"related-image\">\n\t\t<a href=\"https:\/\/itsyourepilepsy.com\/es\/concentrados-de-marihuana\/\" title=\"Concentrados de Marihuana\">\n        <img loading=\"lazy\" decoding=\"async\" width=\"1024\" height=\"683\" src=\"https:\/\/itsyourepilepsy.com\/wp-content\/uploads\/2021\/09\/Cannabis-1024x683.jpg\" class=\"attachment-large size-large wp-post-image\" alt=\"\" srcset=\"https:\/\/itsyourepilepsy.com\/wp-content\/uploads\/2021\/09\/Cannabis-1024x683.jpg 1024w, https:\/\/itsyourepilepsy.com\/wp-content\/uploads\/2021\/09\/Cannabis-300x200.jpg 300w, https:\/\/itsyourepilepsy.com\/wp-content\/uploads\/2021\/09\/Cannabis-768x512.jpg 768w, https:\/\/itsyourepilepsy.com\/wp-content\/uploads\/2021\/09\/Cannabis.jpg 1200w\" sizes=\"auto, (max-width: 1024px) 100vw, 1024px\" \/>    <\/a>\n    <\/div>\n    <div class=\"related-content\">\n\t\t\n        <h3 class=\"related-title\">\n\t\t\t\t\t\t<a href=\"https:\/\/itsyourepilepsy.com\/es\/concentrados-de-marihuana\/\" title=\"Concentrados de Marihuana\">Concentrados de Marihuana<\/a>\n\t\t<\/h3>\n\t\t<div class=\"related-meta\">\n\t\t\t<span class=\"entry-meta\">09.08.2021<\/span>\n\t\t\t<span class=\"entry-meta cat-links terapias alternativas\"><a href=\"https:\/\/itsyourepilepsy.com\/es\/category\/terapias-alternativas\/\" rel=\"category tag\">Terapias Alternativas<\/a><\/span>\t\t<\/div>\n        <p>Los concentrados de marihuana (tambi\u00e9n conocida como cannabis) son compuestos&#8230;<\/p>\t\n\t\t\n    <\/div>\n\t\t<div class=\"related-footer\">\n\t\t\t<a href=\"https:\/\/itsyourepilepsy.com\/es\/concentrados-de-marihuana\/\" title=\"Concentrados de Marihuana\">\t\n\t\t\t\t<svg   viewBox=\"0 0 32 32\"><path d=\"M19.414 27.414l10-10c0.781-0.781 0.781-2.047 0-2.828l-10-10c-0.781-0.781-2.047-0.781-2.828 0s-0.781 2.047 0 2.828l6.586 6.586h-19.172c-1.105 0-2 0.895-2 2s0.895 2 2 2h19.172l-6.586 6.586c-0.39 0.39-0.586 0.902-0.586 1.414s0.195 1.024 0.586 1.414c0.781 0.781 2.047 0.781 2.828 0z\"><\/path><\/svg>\n\t\t\t<\/a>\n\t\t<\/div>\n\t<\/div>\n<\/div>\n<\/div><\/div><\/div>\n<\/div>\n<\/div><\/div>","protected":false},"excerpt":{"rendered":"<p>Follow-up care is an integrative part of the treatment plan and must not be overseen. Your team of specialists will &#8230; <a title=\"Controles Peri\u00f3dicos de Tratamiento\" class=\"read-more\" href=\"https:\/\/itsyourepilepsy.com\/es\/evaluaciones-y-opciones-de-tratamiento\/controles-periodicos-de-tratamiento\/\" aria-label=\"Leer m\u00e1s sobre Controles Peri\u00f3dicos de Tratamiento\">Leer m\u00e1s<\/a><\/p>\n","protected":false},"author":13,"featured_media":0,"parent":3629,"menu_order":0,"comment_status":"closed","ping_status":"closed","template":"","meta":{"_acf_changed":false,"footnotes":""},"class_list":["post-3745","page","type-page","status-publish"],"acf":[],"_links":{"self":[{"href":"https:\/\/itsyourepilepsy.com\/es\/wp-json\/wp\/v2\/pages\/3745","targetHints":{"allow":["GET"]}}],"collection":[{"href":"https:\/\/itsyourepilepsy.com\/es\/wp-json\/wp\/v2\/pages"}],"about":[{"href":"https:\/\/itsyourepilepsy.com\/es\/wp-json\/wp\/v2\/types\/page"}],"author":[{"embeddable":true,"href":"https:\/\/itsyourepilepsy.com\/es\/wp-json\/wp\/v2\/users\/13"}],"replies":[{"embeddable":true,"href":"https:\/\/itsyourepilepsy.com\/es\/wp-json\/wp\/v2\/comments?post=3745"}],"version-history":[{"count":0,"href":"https:\/\/itsyourepilepsy.com\/es\/wp-json\/wp\/v2\/pages\/3745\/revisions"}],"up":[{"embeddable":true,"href":"https:\/\/itsyourepilepsy.com\/es\/wp-json\/wp\/v2\/pages\/3629"}],"wp:attachment":[{"href":"https:\/\/itsyourepilepsy.com\/es\/wp-json\/wp\/v2\/media?parent=3745"}],"curies":[{"name":"wp","href":"https:\/\/api.w.org\/{rel}","templated":true}]}}