{"id":3706,"date":"2021-08-03T08:21:11","date_gmt":"2021-08-03T12:21:11","guid":{"rendered":"https:\/\/itsyourepilepsy.com\/?page_id=3706"},"modified":"2022-11-28T10:34:07","modified_gmt":"2022-11-28T15:34:07","slug":"cirugias-de-neuroestimulacion","status":"publish","type":"page","link":"https:\/\/itsyourepilepsy.com\/es\/evaluaciones-y-opciones-de-tratamiento\/cirugias\/cirugias-de-neuroestimulacion\/","title":{"rendered":"Cirug\u00edas de Neuroestimulaci\u00f3n"},"content":{"rendered":"<div class=\"gb-container gb-container-721c7f99\"><div class=\"gb-inside-container\">\n\n<p>Algunas personas no son candidatas para la cirug\u00eda resectiva debido a que:<\/p>\n\n\n\n<ul class=\"wp-block-list\">\n<li>El \u00e1rea donde se inician las convulsiones no se puede identificar o localizar claramente con las pruebas realizadas.<\/li>\n\n\n\n<li>Una cirug\u00eda previa no funcion\u00f3 como se esperaba.<\/li>\n\n\n\n<li>El \u00e1rea donde comienzan las convulsiones est\u00e1 a cargo de funciones cerebrales muy importantes como la memoria, el habla, etc.<\/li>\n\n\n\n<li>Est\u00e1 contraindicada debido a otras condiciones m\u00e9dicas.<\/li>\n<\/ul>\n\n\n\n<p>Pero es importante conocer las otras opciones de tratamiento disponibles para las personas con epilepsia resistente a los medicamentos y que cumplen con los criterios mencionados anteriormente.<\/p>\n\n\n\n<p>Con los avances en la tecnolog\u00eda, los dispositivos m\u00e9dicos han sido desarrollados y aprobados como alternativas seguras y efectivas para aquellos que no son candidatos para cirug\u00edas resectivas.<\/p>\n\n<\/div><\/div>\n\n<div class=\"gb-container gb-container-8741b72d\"><div class=\"gb-inside-container\">\n<div class=\"gb-grid-wrapper gb-grid-wrapper-0784ec6d bordered grey\">\n<div class=\"gb-grid-column gb-grid-column-c5a18825\"><div class=\"gb-container gb-container-c5a18825 covered\"><div class=\"gb-inside-container\">\n\n<figure class=\"wp-block-image size-full\"><img loading=\"lazy\" decoding=\"async\" width=\"800\" height=\"717\" src=\"https:\/\/itsyourepilepsy.com\/wp-content\/uploads\/2021\/09\/DBS.jpg\" alt=\"DBS\" class=\"wp-image-2410\" srcset=\"https:\/\/itsyourepilepsy.com\/wp-content\/uploads\/2021\/09\/DBS.jpg 800w, https:\/\/itsyourepilepsy.com\/wp-content\/uploads\/2021\/09\/DBS-300x269.jpg 300w, https:\/\/itsyourepilepsy.com\/wp-content\/uploads\/2021\/09\/DBS-768x688.jpg 768w\" sizes=\"auto, (max-width: 800px) 100vw, 800px\" \/><\/figure>\n\n<\/div><\/div><\/div>\n\n<div class=\"gb-grid-column gb-grid-column-a3c5a3fd\"><div class=\"gb-container gb-container-a3c5a3fd\"><div class=\"gb-inside-container\">\n\n<h2 class=\"gb-headline gb-headline-6009c1ca gb-headline-text\">Estimulaci\u00f3n Cerebral Profunda <\/h2>\n\n\n\n<p>La estimulaci\u00f3n cerebral profunda o DBS (por sus siglas en ingl\u00e9s) es un procedimiento en el que se implantan electrodos dentro del cerebro para estimular diferentes \u00e1reas y poder controlar las convulsiones.<\/p>\n\n\n\n<p>La estimulaci\u00f3n cerebral profunda es considerada como otro procedimiento seguro y eficaz, y se ha utilizado para el tratamiento de m\u00faltiples enfermedades del sistema nervioso como la enfermedad de Parkinson.<\/p>\n\n\n\t\n<div id=\"read-more-modal-block_397d23a6636247c75204ac0a5ea67728\" class=\"more\">\n\t\n  \n<div class=\"gb-button-wrapper gb-button-wrapper-viola\">\n<button class=\"gb-button gb-button-text gb-button-viola open-modal\" data-open=\"modal-block_397d23a6636247c75204ac0a5ea67728\">Para mayor informaci\u00f3n<\/button>\n<\/div>\n\t<div class=\"modal\" id=\"modal-block_397d23a6636247c75204ac0a5ea67728\" data-animation=\"slideInOutLeft\">\n  <div class=\"modal-dialog\">\n <button class=\"close-modal\" aria-label=\"close modal\" data-close>\n        \u2715  \n      <\/button>\n    <section class=\"modal-content\">\n      <p>Los candidatos para estimulaci\u00f3n cerebral profunda son las personas con epilepsia refractaria, tambi\u00e9n conocida como <strong>epilepsia resistente a los medicamentos<\/strong>, y aquellos que no tienen uno o dos focos identificables.<\/p>\n<p>Durante el procedimiento, el cirujano har\u00e1 dos cortes peque\u00f1os. El primero para implantar el estimulador o generador en la parte superior izquierda del pecho debajo de la piel y cercano a la clav\u00edcula; este funciona con bater\u00edas (similar a un marcapasos). El segundo corte es para perforar cuidadosamente peque\u00f1os agujeros en el cr\u00e1neo y poder introducir cables delgados y flexibles en \u00e1reas espec\u00edficas del cerebro. Los cables est\u00e1n conectados al generador con un cable de extensi\u00f3n que corre debajo de la piel de la cabeza, el cuello y el pecho, en el que se implanta el estimulador. La resonancia magn\u00e9tica y la tomograf\u00eda computarizada son utilizados para confirmar que los cables con los electrodos son implantados en las \u00e1reas a tratar y el cirujano completar\u00e1 la cirug\u00eda cerrando los cortes con puntos de sutura. \u00a0El procedimiento puede completarse el mismo d\u00eda o en dos (2) fases. El equipo m\u00e9dico le explicar\u00e1 qu\u00e9 pasos o fases son necesarios para su condici\u00f3n.<\/p>\n<p>Las citas de seguimientos ser\u00e1n programadas con los especialistas para establecer los par\u00e1metros de estimulaci\u00f3n y establecer los pulsos el\u00e9ctricos apropiados para controlar las convulsiones. Dichos pulsos el\u00e9ctricos se pueden modificar adecuadamente reduciendo los posibles efectos secundarios, mejorando el efecto del tratamiento en funci\u00f3n de sus s\u00edntomas y cu\u00e1n controladas est\u00e1n sus convulsiones. Usted podr\u00e1 tambi\u00e9n hacer ajustes menores con un aparato especial que funciona como un control remoto que se llevar\u00e1 a casa.<\/p>\n<p>El estimulador funciona con una bater\u00eda. Con el tiempo, es posible que sea necesario reemplazar esta bater\u00eda. Si ese es el caso, el cirujano programar\u00e1 un procedimiento ambulatorio para reemplazarla.<\/p>\n<p style=\"text-align: left;\">El riesgo de infecci\u00f3n, sangrado, desplazamiento de los electrodos y dolor en el \u00e1rea donde se implant\u00f3 el estimulador, se han relacionado con el procedimiento. Los efectos secundarios pueden incluir sensaci\u00f3n de hormigueo (como alfileres o agujas) en la cara, los brazos y\/o las piernas, p\u00e9rdida del equilibrio o dolor de cabeza.<\/p>\n<p>Para m\u00e1s informaci\u00f3n y preguntas frequetes acerca de estimulaci\u00f3n cerebral profunda, <a href=\"https:\/\/itsyourepilepsy.com\/wp-content\/uploads\/2022\/11\/Estimulacion-Cerebral-Profunda_PreguntasFrecuente_2022.pdf\" target=\"_blank\" rel=\"noopener\">imprima este folleto.<\/a><\/p>\n    <\/section>\n  <\/div>\n<\/div>\n\t\n\t<\/div>\n<\/div><\/div><\/div>\n<\/div>\n\n\n<div style=\"height:60px\" aria-hidden=\"true\" class=\"wp-block-spacer\"><\/div>\n\n\n<div class=\"gb-grid-wrapper gb-grid-wrapper-f6d30f57 bordered grey\">\n<div class=\"gb-grid-column gb-grid-column-42d93b73\"><div class=\"gb-container gb-container-42d93b73 covered\"><div class=\"gb-inside-container\">\n\n<figure class=\"wp-block-image size-full\"><img loading=\"lazy\" decoding=\"async\" width=\"800\" height=\"717\" src=\"https:\/\/itsyourepilepsy.com\/wp-content\/uploads\/2021\/09\/RNS.jpg\" alt=\"RNS\" class=\"wp-image-2409\" srcset=\"https:\/\/itsyourepilepsy.com\/wp-content\/uploads\/2021\/09\/RNS.jpg 800w, https:\/\/itsyourepilepsy.com\/wp-content\/uploads\/2021\/09\/RNS-300x269.jpg 300w, https:\/\/itsyourepilepsy.com\/wp-content\/uploads\/2021\/09\/RNS-768x688.jpg 768w\" sizes=\"auto, (max-width: 800px) 100vw, 800px\" \/><\/figure>\n\n<\/div><\/div><\/div>\n\n<div class=\"gb-grid-column gb-grid-column-86a05142\"><div class=\"gb-container gb-container-86a05142\"><div class=\"gb-inside-container\">\n\n<h2 class=\"gb-headline gb-headline-673181ee gb-headline-text\">Neuroestimulaci\u00f3n Receptiva <\/h2>\n\n\n\n<p>La neuroestimulaci\u00f3n receptiva o RNS (por sus siglas en ingl\u00e9s), tambi\u00e9n conocida como neuroestimulaci\u00f3n del cerebro, consiste en un sistema que incluye un generador programable (estimulador), cables flexibles (gu\u00edas) y un dispositivo externo llamado programador. El objetivo de la neuroestimulaci\u00f3n receptiva es reducir la frecuencia y la gravedad de las convulsiones mediante el env\u00edo de estimulaci\u00f3n el\u00e9ctrica para reducir la actividad anormal en el cerebro.<\/p>\n\n\n\t\n<div id=\"read-more-modal-block_3464d78c7709140d531051e298819ec0\" class=\"more\">\n\t\n  \n<div class=\"gb-button-wrapper gb-button-wrapper-viola\">\n<button class=\"gb-button gb-button-text gb-button-viola open-modal\" data-open=\"modal-block_3464d78c7709140d531051e298819ec0\">Para mayor informaci\u00f3n<\/button>\n<\/div>\n\t<div class=\"modal\" id=\"modal-block_3464d78c7709140d531051e298819ec0\" data-animation=\"slideInOutLeft\">\n  <div class=\"modal-dialog\">\n <button class=\"close-modal\" aria-label=\"close modal\" data-close>\n        \u2715  \n      <\/button>\n    <section class=\"modal-content\">\n      <p>El candidato para neuroestimulaci\u00f3n receptiva es cualquier persona con epilepsia que tenga de uno (1) a dos (2) focos convulsivos identificados, que sea resistente a los medicamentos y no sea candidato para la cirug\u00eda de resecci\u00f3n.<\/p>\n<p>Durante el procedimiento, el cirujano hace un corte del cuero cabelludo para colocar el neuroestimulador contra el cr\u00e1neo.\u00a0 Los cables delgados y flexibles (gu\u00edas) se colocan en uno o dos lugares del cerebro donde se inician las convulsiones, y estos cables se conectan al estimulador. Una vez que todas las partes est\u00e1n en su lugar y funcionando, el cirujano cierra el corte del cuero cabelludo.<\/p>\n<p>El estimulador comenzar\u00e1 a registrar la actividad convulsiva y la programaci\u00f3n ser\u00e1 realizada por los especialistas durante una cita de seguimiento. El dispositivo registra la actividad cerebral y cuando nota que las convulsiones est\u00e1n a punto de ocurrir, el dispositivo env\u00eda un impulso el\u00e9ctrico para controlarlas.<\/p>\n<p>La programaci\u00f3n del estimulador se lleva a cabo en un par de semanas despu\u00e9s de la implantaci\u00f3n y se realiza con una computadora externa. El nivel de estimulaci\u00f3n ser\u00e1 determinado por el m\u00e9dico y de acuerdo con la actividad cerebral y las convulsiones.<\/p>\n<p>El sistema de neuroestimulaci\u00f3n receptiva se considera un procedimiento seguro, pero como cualquier otro tipo de cirug\u00eda, existe el riesgo de complicaciones como infecciones, sangrado en el cerebro, desplazamiento de los cables y convulsiones. Adem\u00e1s, la neuroestimulaci\u00f3n receptiva puede causar efectos potenciales secundarios, incluyendo depresi\u00f3n y alteraciones de la memoria. Discuta con su cirujano y dem\u00e1s profesionales de la salud sobre los beneficios y riesgos de este procedimiento.<\/p>\n<p>Para m\u00e1s informaci\u00f3n y preguntas frequetes acerca de neuroestimulaci\u00f3n receptiva,<a href=\"https:\/\/itsyourepilepsy.com\/wp-content\/uploads\/2022\/11\/Neuroestimulacion-Receptiva_PreguntasFrecuente_2022.pdf\" target=\"_blank\" rel=\"noopener\"> imprima este folleto.<\/a><\/p>\n    <\/section>\n  <\/div>\n<\/div>\n\t\n\t<\/div>\n<\/div><\/div><\/div>\n<\/div>\n\n\n<div style=\"height:60px\" aria-hidden=\"true\" class=\"wp-block-spacer\"><\/div>\n\n\n<div class=\"gb-grid-wrapper gb-grid-wrapper-96badbb3 bordered grey\">\n<div class=\"gb-grid-column gb-grid-column-39dbadab\"><div class=\"gb-container gb-container-39dbadab covered\"><div class=\"gb-inside-container\">\n\n<figure class=\"wp-block-image size-full\"><img loading=\"lazy\" decoding=\"async\" width=\"800\" height=\"717\" src=\"https:\/\/itsyourepilepsy.com\/wp-content\/uploads\/2021\/09\/VNS.jpg\" alt=\"VNS\" class=\"wp-image-2411\" srcset=\"https:\/\/itsyourepilepsy.com\/wp-content\/uploads\/2021\/09\/VNS.jpg 800w, https:\/\/itsyourepilepsy.com\/wp-content\/uploads\/2021\/09\/VNS-300x269.jpg 300w, https:\/\/itsyourepilepsy.com\/wp-content\/uploads\/2021\/09\/VNS-768x688.jpg 768w\" sizes=\"auto, (max-width: 800px) 100vw, 800px\" \/><\/figure>\n\n<\/div><\/div><\/div>\n\n<div class=\"gb-grid-column gb-grid-column-42e58025\"><div class=\"gb-container gb-container-42e58025\"><div class=\"gb-inside-container\">\n\n<h2 class=\"gb-headline gb-headline-bbc5d361 gb-headline-text\"><strong>Estimulaci\u00f3n del Nervio Vago<\/strong> <\/h2>\n\n\n\n<p>La estimulaci\u00f3n del nervio vago o VNS (por sus siglas en ingl\u00e9s) funciona con un peque\u00f1o generador que env\u00eda se\u00f1ales el\u00e9ctricas al cerebro a trav\u00e9s del nervio vago interrumpiendo la actividad cerebral anormal que causa las convulsiones. El objetivo de la estimulaci\u00f3n del nervio vago es reducir el n\u00famero y la gravedad de las convulsiones.<\/p>\n\n\n\t\n<div id=\"read-more-modal-block_c33cf6fbf844f621fadc05d7c00432aa\" class=\"more\">\n\t\n  \n<div class=\"gb-button-wrapper gb-button-wrapper-viola\">\n<button class=\"gb-button gb-button-text gb-button-viola open-modal\" data-open=\"modal-block_c33cf6fbf844f621fadc05d7c00432aa\">Para mayor informaci\u00f3n<\/button>\n<\/div>\n\t<div class=\"modal\" id=\"modal-block_c33cf6fbf844f621fadc05d7c00432aa\" data-animation=\"slideInOutLeft\">\n  <div class=\"modal-dialog\">\n <button class=\"close-modal\" aria-label=\"close modal\" data-close>\n        \u2715  \n      <\/button>\n    <section class=\"modal-content\">\n      <p>El nervio vago es el m\u00e1s largo y complejo de los 12 nervios que se originan en el cerebro y se conecta con \u00f3rganos, tejidos en el cuello, el pecho y el abdomen. El nervio vago controla las funciones involuntarias del cuerpo como son la respiraci\u00f3n, los latidos del coraz\u00f3n, la digesti\u00f3n y muchas otras.<\/p>\n<p>Una persona con <strong>epilepsia resistente a los medicamentos<\/strong> que no tiene otra opci\u00f3n quir\u00fargica, es una buena candidata para estimulaci\u00f3n del nervio vago.<\/p>\n<p>Durante el procedimiento, el cirujano realiza dos cortes peque\u00f1os. El primero para implantar el estimulador o generador en la parte superior izquierda del pecho debajo de la piel y cercano a la clav\u00edcula; este funciona con bater\u00edas (similar a un marcapasos). Un segundo corte se realiza en el lado izquierdo del cuello para introducir un alambre delgado y flexible (gu\u00eda) que conecta el estimulador con el nervio vago izquierdo. El nervio vago derecho tiene m\u00e1s actividad en el coraz\u00f3n, lo que alterar\u00eda la frecuencia de los latidos del coraz\u00f3n. Por esta raz\u00f3n, el nervio vago izquierdo es el que se utiliza para implantar la gu\u00eda enrollando el cable alrededor del nervio.<\/p>\n<p>El sistema se prueba una vez que se implantan el generador y el cable. Por lo general, los neur\u00f3logos prefieren esperar una o dos semanas antes de iniciar la terapia de estimulaci\u00f3n, pero en algunos casos, puede activarse en la sala de cirug\u00eda en el momento que el estimulador es implantado.<\/p>\n<p>Cuando el sistema est\u00e1 en su lugar y funcionando, los cortes se cierran con puntos de sutura.<\/p>\n<p>El m\u00e9dico tratante lo ver\u00e1 nuevamente para programar el estimulador. La cantidad de estimulaci\u00f3n var\u00eda, pero generalmente se inicia a un nivel bajo y luego se aumenta lentamente hasta llegar al nivel deseado. Cada caso se eval\u00faa individualmente y la programaci\u00f3n se ajusta de acuerdo a la respuesta. La programaci\u00f3n se realiza mediante el uso de una peque\u00f1a computadora y un control de programaci\u00f3n externa.<\/p>\n<p>Para asegurarse de que el estimulador y el sistema funcionan correctamente, se debe visitar al especialista regularmente. La bater\u00eda del estimulador dura a\u00f1os y puede ser reemplazada cuando se agota.<\/p>\n<p>Le entregar\u00e1n un aparato especial que funciona como un control remoto. Este ayudar\u00e1 a detener convulsiones irregulares y que comienzan en un momento diferente de la estimulaci\u00f3n regular del nervio.<\/p>\n<p>La estimulaci\u00f3n del nervio vago es un procedimiento seguro y m\u00ednimamente invasivo, pero existe el riesgo de complicaciones incluyendo sangrado e infecciones.<\/p>\n<p>Los efectos secundarios como la voz ronca y \u00e1spera, tos, tensi\u00f3n muscular, incomodidad en el pecho donde se implant\u00f3 el estimulador y la sensaci\u00f3n de desmayo, se han relacionado con el procedimiento y generalmente mejoran con el tiempo. Hable con su cirujano y profesionales de la salud sobre los beneficios y riesgos de este procedimiento.<\/p>\n<p>Para m\u00e1s informaci\u00f3n y preguntas frequetes acerca de estimulaci\u00f3n del nervio vago, <a href=\"https:\/\/itsyourepilepsy.com\/wp-content\/uploads\/2022\/11\/Estimulacion-del-Nervio-Vago_PreguntasFrecuentes_2022.pdf\" target=\"_blank\" rel=\"noopener\">imprima este folleto.<\/a><\/p>\n    <\/section>\n  <\/div>\n<\/div>\n\t\n\t<\/div>\n<\/div><\/div><\/div>\n<\/div>\n\n\n<div style=\"height:60px\" aria-hidden=\"true\" class=\"wp-block-spacer\"><\/div>\n\n\n\n<p>Hable con sus m\u00e9dicos o especialistas y preg\u00fanteles si usted puede ser candidato para cualquiera de las cirug\u00edas de neuroestimulaci\u00f3n e inf\u00f3rmese de los posibles beneficios y riesgos que puedan tener.<\/p>\n\n<\/div><\/div>\n\n<div class=\"gb-container gb-container-37ae6c19 banner8\"><div class=\"gb-inside-container\">\n<div class=\"gb-grid-wrapper gb-grid-wrapper-118d9a16\">\n<div class=\"gb-grid-column gb-grid-column-3e65fbba\"><div class=\"gb-container gb-container-3e65fbba\"><div class=\"gb-inside-container\">\n<div class=\"wp-block-image\">\n<figure class=\"aligncenter size-full\"><img loading=\"lazy\" decoding=\"async\" width=\"657\" height=\"551\" src=\"https:\/\/itsyourepilepsy.com\/wp-content\/uploads\/2022\/10\/hero_ES.png\" alt=\"\" class=\"wp-image-3759\" srcset=\"https:\/\/itsyourepilepsy.com\/wp-content\/uploads\/2022\/10\/hero_ES.png 657w, https:\/\/itsyourepilepsy.com\/wp-content\/uploads\/2022\/10\/hero_ES-300x252.png 300w\" sizes=\"auto, (max-width: 657px) 100vw, 657px\" \/><\/figure>\n<\/div>\n<\/div><\/div><\/div>\n\n<div class=\"gb-grid-column gb-grid-column-1dcd8f5d\"><div class=\"gb-container gb-container-1dcd8f5d\"><div class=\"gb-inside-container\">\n\n<div class=\"gb-headline gb-headline-531c4a9a gb-headline-text\">Para saber m\u00e1s acerca de terapias alternativas disponibles<\/div>\n\n\n<div class=\"gb-button-wrapper gb-button-wrapper-14e54f8f gb-button-wrapper-viola\">\n\n<a class=\"gb-button gb-button-1fb48db3 gb-button-text gb-button-viola\" href=\"https:\/\/itsyourepilepsy.com\/es\/evaluaciones-y-opciones-de-tratamiento\/terapias-alternativas\/\">Leer m\u00e1s<\/a>\n\n<\/div>\n<\/div><\/div><\/div>\n<\/div>\n<\/div><\/div>\n\n<div class=\"gb-container gb-container-e0068f91\"><div class=\"gb-inside-container\">\n<div class=\"gb-grid-wrapper gb-grid-wrapper-a2bf88f4\">\n<div class=\"gb-grid-column gb-grid-column-395801dd\"><div class=\"gb-container gb-container-395801dd\"><div class=\"gb-inside-container\">\n<div id=\"related-block_2d707ab13a0057e73f295c6bdcea3ab9\" class=\"related\">\n\t<div class=\"related-container\">\n    <div class=\"related-image\">\n\t\t<a href=\"https:\/\/itsyourepilepsy.com\/es\/atencion-plena-o-mindfulness\/\" title=\"Atenci\u00f3n Plena o Mindfulness\">\n        <img loading=\"lazy\" decoding=\"async\" width=\"1024\" height=\"683\" src=\"https:\/\/itsyourepilepsy.com\/wp-content\/uploads\/2021\/09\/Mindfulness-1024x683.jpg\" class=\"attachment-large size-large wp-post-image\" alt=\"\" srcset=\"https:\/\/itsyourepilepsy.com\/wp-content\/uploads\/2021\/09\/Mindfulness-1024x683.jpg 1024w, https:\/\/itsyourepilepsy.com\/wp-content\/uploads\/2021\/09\/Mindfulness-300x200.jpg 300w, https:\/\/itsyourepilepsy.com\/wp-content\/uploads\/2021\/09\/Mindfulness-768x512.jpg 768w, https:\/\/itsyourepilepsy.com\/wp-content\/uploads\/2021\/09\/Mindfulness.jpg 1200w\" sizes=\"auto, (max-width: 1024px) 100vw, 1024px\" \/>    <\/a>\n    <\/div>\n    <div class=\"related-content\">\n\t\t\n        <h3 class=\"related-title\">\n\t\t\t\t\t\t<a href=\"https:\/\/itsyourepilepsy.com\/es\/atencion-plena-o-mindfulness\/\" title=\"Atenci\u00f3n Plena o Mindfulness\">Atenci\u00f3n Plena o Mindfulness<\/a>\n\t\t<\/h3>\n\t\t<div class=\"related-meta\">\n\t\t\t<span class=\"entry-meta\">09.08.2021<\/span>\n\t\t\t<span class=\"entry-meta cat-links terapias alternativas\"><a href=\"https:\/\/itsyourepilepsy.com\/es\/category\/terapias-alternativas\/\" rel=\"category tag\">Terapias Alternativas<\/a><\/span>\t\t<\/div>\n        <p>Las alteraciones f\u00edsicas y mentales se han asociado con el estr\u00e9s y la&#8230;<\/p>\t\n\t\t\n    <\/div>\n\t\t<div class=\"related-footer\">\n\t\t\t<a href=\"https:\/\/itsyourepilepsy.com\/es\/atencion-plena-o-mindfulness\/\" title=\"Atenci\u00f3n Plena o Mindfulness\">\t\n\t\t\t\t<svg   viewBox=\"0 0 32 32\"><path d=\"M19.414 27.414l10-10c0.781-0.781 0.781-2.047 0-2.828l-10-10c-0.781-0.781-2.047-0.781-2.828 0s-0.781 2.047 0 2.828l6.586 6.586h-19.172c-1.105 0-2 0.895-2 2s0.895 2 2 2h19.172l-6.586 6.586c-0.39 0.39-0.586 0.902-0.586 1.414s0.195 1.024 0.586 1.414c0.781 0.781 2.047 0.781 2.828 0z\"><\/path><\/svg>\n\t\t\t<\/a>\n\t\t<\/div>\n\t<\/div>\n<\/div>\n<\/div><\/div><\/div>\n\n<div class=\"gb-grid-column gb-grid-column-f4890257\"><div class=\"gb-container gb-container-f4890257\"><div class=\"gb-inside-container\">\n<div id=\"related-block_b4612699f7fd315d68fd1b9da74244f7\" class=\"related\">\n\t<div class=\"related-container\">\n    <div class=\"related-image\">\n\t\t<a href=\"https:\/\/itsyourepilepsy.com\/es\/yoga\/\" title=\"Yoga\">\n        <img loading=\"lazy\" decoding=\"async\" width=\"1024\" height=\"683\" src=\"https:\/\/itsyourepilepsy.com\/wp-content\/uploads\/2021\/09\/Yoga-1024x683.jpg\" class=\"attachment-large size-large wp-post-image\" alt=\"\" srcset=\"https:\/\/itsyourepilepsy.com\/wp-content\/uploads\/2021\/09\/Yoga-1024x683.jpg 1024w, https:\/\/itsyourepilepsy.com\/wp-content\/uploads\/2021\/09\/Yoga-300x200.jpg 300w, https:\/\/itsyourepilepsy.com\/wp-content\/uploads\/2021\/09\/Yoga-768x512.jpg 768w, https:\/\/itsyourepilepsy.com\/wp-content\/uploads\/2021\/09\/Yoga.jpg 1200w\" sizes=\"auto, (max-width: 1024px) 100vw, 1024px\" \/>    <\/a>\n    <\/div>\n    <div class=\"related-content\">\n\t\t\n        <h3 class=\"related-title\">\n\t\t\t\t\t\t<a href=\"https:\/\/itsyourepilepsy.com\/es\/yoga\/\" title=\"Yoga\">Yoga<\/a>\n\t\t<\/h3>\n\t\t<div class=\"related-meta\">\n\t\t\t<span class=\"entry-meta\">09.08.2021<\/span>\n\t\t\t<span class=\"entry-meta cat-links terapias alternativas\"><a href=\"https:\/\/itsyourepilepsy.com\/es\/category\/terapias-alternativas\/\" rel=\"category tag\">Terapias Alternativas<\/a><\/span>\t\t<\/div>\n        <p>El yoga es un tipo de actividad f\u00edsica que incluye secuencias de posturas y&#8230;<\/p>\t\n\t\t\n    <\/div>\n\t\t<div class=\"related-footer\">\n\t\t\t<a href=\"https:\/\/itsyourepilepsy.com\/es\/yoga\/\" title=\"Yoga\">\t\n\t\t\t\t<svg   viewBox=\"0 0 32 32\"><path d=\"M19.414 27.414l10-10c0.781-0.781 0.781-2.047 0-2.828l-10-10c-0.781-0.781-2.047-0.781-2.828 0s-0.781 2.047 0 2.828l6.586 6.586h-19.172c-1.105 0-2 0.895-2 2s0.895 2 2 2h19.172l-6.586 6.586c-0.39 0.39-0.586 0.902-0.586 1.414s0.195 1.024 0.586 1.414c0.781 0.781 2.047 0.781 2.828 0z\"><\/path><\/svg>\n\t\t\t<\/a>\n\t\t<\/div>\n\t<\/div>\n<\/div>\n<\/div><\/div><\/div>\n\n<div class=\"gb-grid-column gb-grid-column-ba64df8b\"><div class=\"gb-container gb-container-ba64df8b\"><div class=\"gb-inside-container\">\n<div id=\"related-block_a761bcdede9ebfd8019568dd41716345\" class=\"related\">\n\t<div class=\"related-container\">\n    <div class=\"related-image\">\n\t\t<a href=\"https:\/\/itsyourepilepsy.com\/es\/concentrados-de-marihuana\/\" title=\"Concentrados de Marihuana\">\n        <img loading=\"lazy\" decoding=\"async\" width=\"1024\" height=\"683\" src=\"https:\/\/itsyourepilepsy.com\/wp-content\/uploads\/2021\/09\/Cannabis-1024x683.jpg\" class=\"attachment-large size-large wp-post-image\" alt=\"\" srcset=\"https:\/\/itsyourepilepsy.com\/wp-content\/uploads\/2021\/09\/Cannabis-1024x683.jpg 1024w, https:\/\/itsyourepilepsy.com\/wp-content\/uploads\/2021\/09\/Cannabis-300x200.jpg 300w, https:\/\/itsyourepilepsy.com\/wp-content\/uploads\/2021\/09\/Cannabis-768x512.jpg 768w, https:\/\/itsyourepilepsy.com\/wp-content\/uploads\/2021\/09\/Cannabis.jpg 1200w\" sizes=\"auto, (max-width: 1024px) 100vw, 1024px\" \/>    <\/a>\n    <\/div>\n    <div class=\"related-content\">\n\t\t\n        <h3 class=\"related-title\">\n\t\t\t\t\t\t<a href=\"https:\/\/itsyourepilepsy.com\/es\/concentrados-de-marihuana\/\" title=\"Concentrados de Marihuana\">Concentrados de Marihuana<\/a>\n\t\t<\/h3>\n\t\t<div class=\"related-meta\">\n\t\t\t<span class=\"entry-meta\">09.08.2021<\/span>\n\t\t\t<span class=\"entry-meta cat-links terapias alternativas\"><a href=\"https:\/\/itsyourepilepsy.com\/es\/category\/terapias-alternativas\/\" rel=\"category tag\">Terapias Alternativas<\/a><\/span>\t\t<\/div>\n        <p>Los concentrados de marihuana (tambi\u00e9n conocida como cannabis) son compuestos&#8230;<\/p>\t\n\t\t\n    <\/div>\n\t\t<div class=\"related-footer\">\n\t\t\t<a href=\"https:\/\/itsyourepilepsy.com\/es\/concentrados-de-marihuana\/\" title=\"Concentrados de Marihuana\">\t\n\t\t\t\t<svg   viewBox=\"0 0 32 32\"><path d=\"M19.414 27.414l10-10c0.781-0.781 0.781-2.047 0-2.828l-10-10c-0.781-0.781-2.047-0.781-2.828 0s-0.781 2.047 0 2.828l6.586 6.586h-19.172c-1.105 0-2 0.895-2 2s0.895 2 2 2h19.172l-6.586 6.586c-0.39 0.39-0.586 0.902-0.586 1.414s0.195 1.024 0.586 1.414c0.781 0.781 2.047 0.781 2.828 0z\"><\/path><\/svg>\n\t\t\t<\/a>\n\t\t<\/div>\n\t<\/div>\n<\/div>\n<\/div><\/div><\/div>\n<\/div>\n<\/div><\/div>","protected":false},"excerpt":{"rendered":"<p>Algunas personas no son candidatas para la cirug\u00eda resectiva debido a que: Pero es importante conocer las otras opciones de &#8230; <a title=\"Cirug\u00edas de Neuroestimulaci\u00f3n\" class=\"read-more\" href=\"https:\/\/itsyourepilepsy.com\/es\/evaluaciones-y-opciones-de-tratamiento\/cirugias\/cirugias-de-neuroestimulacion\/\" aria-label=\"Leer m\u00e1s sobre Cirug\u00edas de Neuroestimulaci\u00f3n\">Leer m\u00e1s<\/a><\/p>\n","protected":false},"author":13,"featured_media":0,"parent":3674,"menu_order":0,"comment_status":"closed","ping_status":"closed","template":"","meta":{"_acf_changed":false,"footnotes":""},"class_list":["post-3706","page","type-page","status-publish"],"acf":[],"_links":{"self":[{"href":"https:\/\/itsyourepilepsy.com\/es\/wp-json\/wp\/v2\/pages\/3706","targetHints":{"allow":["GET"]}}],"collection":[{"href":"https:\/\/itsyourepilepsy.com\/es\/wp-json\/wp\/v2\/pages"}],"about":[{"href":"https:\/\/itsyourepilepsy.com\/es\/wp-json\/wp\/v2\/types\/page"}],"author":[{"embeddable":true,"href":"https:\/\/itsyourepilepsy.com\/es\/wp-json\/wp\/v2\/users\/13"}],"replies":[{"embeddable":true,"href":"https:\/\/itsyourepilepsy.com\/es\/wp-json\/wp\/v2\/comments?post=3706"}],"version-history":[{"count":0,"href":"https:\/\/itsyourepilepsy.com\/es\/wp-json\/wp\/v2\/pages\/3706\/revisions"}],"up":[{"embeddable":true,"href":"https:\/\/itsyourepilepsy.com\/es\/wp-json\/wp\/v2\/pages\/3674"}],"wp:attachment":[{"href":"https:\/\/itsyourepilepsy.com\/es\/wp-json\/wp\/v2\/media?parent=3706"}],"curies":[{"name":"wp","href":"https:\/\/api.w.org\/{rel}","templated":true}]}}