{"id":3694,"date":"2021-08-03T08:20:50","date_gmt":"2021-08-03T12:20:50","guid":{"rendered":"https:\/\/itsyourepilepsy.com\/?page_id=3694"},"modified":"2022-12-02T13:23:34","modified_gmt":"2022-12-02T18:23:34","slug":"cirugias-invasivas-o-resectivas","status":"publish","type":"page","link":"https:\/\/itsyourepilepsy.com\/es\/evaluaciones-y-opciones-de-tratamiento\/cirugias\/cirugias-invasivas-o-resectivas\/","title":{"rendered":"Cirug\u00edas Invasivas o Resectivas"},"content":{"rendered":"<div class=\"gb-container gb-container-ca39908d\"><div class=\"gb-inside-container\">\n\n<p>Las cirug\u00edas invasivas o resectivas se realizan cuando las pruebas revelan de manera consistente un \u00e1rea o \u00e1reas espec\u00edficas del cerebro donde se inician las convulsiones. El objetivo de estas cirug\u00edas es remover o desconectar ciertas \u00e1reas del cerebro para detener las convulsiones.<\/p>\n\n\n\n<p>Una descripci\u00f3n r\u00e1pida de la anatom\u00eda del cerebro nos ayudar\u00e1 a entender mejor las cirug\u00edas para epilepsia. <a href=\"https:\/\/itsyourepilepsy.com\/es\/anatomia-del-cerebro\/?_gl=1*1bve2xv*_up*MQ..*_ga*Nzc2NTIxNTY0LjE2NzAwMDQ5NjQ.*_ga_DD8RW6GB9J*MTY3MDAwNDk2My4xLjEuMTY3MDAwNTAxNy4wLjAuMA..\"><strong>+M\u00e1s informaci\u00f3n.<\/strong><\/a><\/p>\n\n\n\n<div style=\"height:40px\" aria-hidden=\"true\" class=\"wp-block-spacer\"><\/div>\n\n\n<div class=\"gb-grid-wrapper gb-grid-wrapper-a1d89edb flex-start\">\n<div class=\"gb-grid-column gb-grid-column-4910102c\"><div class=\"gb-container gb-container-4910102c bordered\"><div class=\"gb-inside-container\">\n<div class=\"wp-block-image\">\n<figure class=\"aligncenter size-full\"><img loading=\"lazy\" decoding=\"async\" width=\"600\" height=\"538\" src=\"https:\/\/itsyourepilepsy.com\/wp-content\/uploads\/2021\/09\/lobectomy.jpg\" alt=\"lobectomy\" class=\"wp-image-1953\" srcset=\"https:\/\/itsyourepilepsy.com\/wp-content\/uploads\/2021\/09\/lobectomy.jpg 600w, https:\/\/itsyourepilepsy.com\/wp-content\/uploads\/2021\/09\/lobectomy-300x269.jpg 300w\" sizes=\"auto, (max-width: 600px) 100vw, 600px\" \/><\/figure>\n<\/div>\n\n<div class=\"gb-container gb-container-7107fa71\"><div class=\"gb-inside-container\">\n\n<h2 class=\"gb-headline gb-headline-c3fe1f6f gb-headline-text\">Lobectom\u00eda<\/h2>\n\n\n\n<p class=\"gb-headline gb-headline-3e24725a gb-headline-text\"><meta charset=\"utf-8\">La lobectom\u00eda es un tipo de cirug\u00eda para remover un l\u00f3bulo del cerebro.<\/p>\n\n<\/div><\/div>\n\n\t\n<div id=\"read-more-modal-block_e00b7189002bf6a15f77bd02694114c4\" class=\"more\">\n\t\n\t<button class=\"open-modal\" data-open=\"modal-block_e00b7189002bf6a15f77bd02694114c4\">\n M\u00e1s informaci\u00f3n<\/button>\n\t<div class=\"modal\" id=\"modal-block_e00b7189002bf6a15f77bd02694114c4\" data-animation=\"slideInOutLeft\">\n  <div class=\"modal-dialog\">\n <button class=\"close-modal\" aria-label=\"close modal\" data-close>\n        \u2715  \n      <\/button>\n    <section class=\"modal-content\">\n      <p style=\"text-align: left;\">Los candidatos para lobectom\u00eda son personas con epilepsia resistente a los medicamentos y convulsiones generadas en uno de los l\u00f3bulos.<\/p>\n<p style=\"text-align: left;\">Si el \u00e1rea afectada est\u00e1 en el l\u00f3bulo temporal, se realizar\u00e1 una lobectom\u00eda temporal. La lobectom\u00eda temporal es la m\u00e1s com\u00fan, seguida de la lobectom\u00eda frontal.<\/p>\n<p style=\"text-align: left;\">Durante este procedimiento, el cirujano tendr\u00e1 acceso al cerebro a trav\u00e9s del cuero cabelludo y mediante la extracci\u00f3n de peque\u00f1os cortes del cr\u00e1neo y duramadre (la membrana que cubre el cerebro). En la sala de operaciones, los otros miembros del equipo m\u00e9dico que trabajan con el cirujano tomar\u00e1n im\u00e1genes del cerebro y la inforacion recolectada del electroencefalograma para identificar detalladamente el \u00e1rea afectada del l\u00f3bulo que se va a remover.<\/p>\n<p>Al final de la cirug\u00eda, las estructuras del cr\u00e1neo se pondr\u00e1n en su lugar y se cerrar\u00e1 el cuero cabelludo.<\/p>\n<p style=\"text-align: left;\">El paciente ser\u00e1 trasladado a una Unidad de Cuidados Intensivos (UCI) para observaci\u00f3n continua. Si se encuentra estable, ser\u00e1 trasladado a una habitaci\u00f3n del hospital o a una unidad de rehabilitaci\u00f3n para continuar con su recuperaci\u00f3n. Antes de enviarlo a casa, los m\u00e9dicos van a descartar posibles complicaciones para que la persona pueda regresar a sus actividades regulares.<\/p>\n<p style=\"text-align: left;\">Los riesgos generales relacionados con la lobectom\u00eda incluyen sangrado, infecci\u00f3n, debilidad, entumecimiento, la necesidad de una segunda cirug\u00eda y otros riesgos asociados a la anestesia. Si la cirug\u00eda es del lado izquierdo (lado dominante), los riesgos espec\u00edficos relacionados con la lobectom\u00eda temporal son la p\u00e9rdida de memoria, p\u00e9rdida transitoria de la visi\u00f3n y problemas del habla.<\/p>\n<p style=\"text-align: left;\">Las citas de seguimiento\u00a0 posterior a la cirug\u00eda se programar\u00e1n regularmente para evaluar los resultados del procedimiento. Es posible que la persona deba continuar tomando medicamentos anticonvulsivantes hasta que los m\u00e9dicos consideren que sus convulsiones est\u00e1n bajo control.<\/p>\n<p style=\"text-align: left;\">Para m\u00e1s informaci\u00f3n y preguntas frequetes acerca de lobectom\u00eda, <a href=\"https:\/\/itsyourepilepsy.com\/wp-content\/uploads\/2022\/11\/Lobectomia_PreguntasFrecuente_2022.pdf\" target=\"_blank\" rel=\"noopener\">imprima este folleto.<\/a><\/p>\n    <\/section>\n  <\/div>\n<\/div>\n\t\n\t<\/div>\n<\/div><\/div><\/div>\n\n<div class=\"gb-grid-column gb-grid-column-7ea09a00\"><div class=\"gb-container gb-container-7ea09a00 bordered\"><div class=\"gb-inside-container\">\n<div class=\"wp-block-image\">\n<figure class=\"aligncenter size-full\"><img loading=\"lazy\" decoding=\"async\" width=\"600\" height=\"538\" src=\"https:\/\/itsyourepilepsy.com\/wp-content\/uploads\/2021\/09\/hemispherectomy.jpg\" alt=\"hemispherectomy\" class=\"wp-image-1955\" srcset=\"https:\/\/itsyourepilepsy.com\/wp-content\/uploads\/2021\/09\/hemispherectomy.jpg 600w, https:\/\/itsyourepilepsy.com\/wp-content\/uploads\/2021\/09\/hemispherectomy-300x269.jpg 300w\" sizes=\"auto, (max-width: 600px) 100vw, 600px\" \/><\/figure>\n<\/div>\n\n<div class=\"gb-container gb-container-da079e95\"><div class=\"gb-inside-container\">\n\n<h2 class=\"gb-headline gb-headline-7ea8fb13 gb-headline-text\"><strong>Hemisferectom\u00eda<\/strong><\/h2>\n\n\n\n<p class=\"gb-headline gb-headline-fc528adf gb-headline-text\"><meta charset=\"utf-8\">La hemisferectom\u00eda se realiza cuando un lado del cerebro no funciona bien causando convulsiones graves que afectan otras \u00e1reas y sus funciones cerebrales.<\/p>\n\n<\/div><\/div>\n\n\t\n<div id=\"read-more-modal-block_9cc311b0feea4cea36e74b9a6beb503e\" class=\"more\">\n\t\n\t<button class=\"open-modal\" data-open=\"modal-block_9cc311b0feea4cea36e74b9a6beb503e\">\n M\u00e1s informaci\u00f3n<\/button>\n\t<div class=\"modal\" id=\"modal-block_9cc311b0feea4cea36e74b9a6beb503e\" data-animation=\"slideInOutLeft\">\n  <div class=\"modal-dialog\">\n <button class=\"close-modal\" aria-label=\"close modal\" data-close>\n        \u2715  \n      <\/button>\n    <section class=\"modal-content\">\n      <p style=\"text-align: left;\">Con frecuencia este procedimiento se realiza en ni\u00f1os haciendo posible que ellos tengan un mejor crecimiento y desarrollo.<\/p>\n<p style=\"text-align: left;\">Hay dos tipos de hemisferectom\u00eda:<\/p>\n<ul style=\"text-align: left;\">\n<li>El procedimiento para <u>desconectar<\/u> el hemisferio afectado del resto del cerebro se conoce como hemisferectom\u00eda funcional.<\/li>\n<li>Si es necesario <u>remover<\/u> una parte del hemisferio o todo el hemisferio, este tipo de cirug\u00eda se conoce como hemisferectom\u00eda anat\u00f3mica.<\/li>\n<\/ul>\n<p style=\"text-align: left;\">Durante este procedimiento, el cirujano tendr\u00e1 acceso al cerebro a trav\u00e9s del cuero cabelludo y mediante la extracci\u00f3n de peque\u00f1os cortes del cr\u00e1neo y duramadre (la membrana que cubre el cerebro). El cirujano cerebral remover\u00e1 cuidadosamente el \u00e1rea afectada o desconectar\u00e1 los hemisferios cortando el cuerpo calloso, una estructura gruesa que conecta ambos lados del cerebro. Esta t\u00e9cnica ayudar\u00e1 a proteger el hemisferio o \u00e1reas sanas del da\u00f1o que es causado por las convulsiones originadas en el otro hemisferio.<\/p>\n<p style=\"text-align: left;\">Al final de la cirug\u00eda, las estructuras del cr\u00e1neo se pondr\u00e1n en su sitio y se cerrar\u00e1 el cuero cabelludo.<\/p>\n<p style=\"text-align: left;\">Como cualquier otra cirug\u00eda, la hemisferectom\u00eda tiene riesgos y el sangrado es uno de ellos. Otros riesgos incluyen inflamaci\u00f3n del cerebro, infecci\u00f3n y efectos secundarios debido a los anest\u00e9sicos.<\/p>\n<p style=\"text-align: left;\">El paciente ser\u00e1 trasladado a una Unidad de Cuidados Intensivos (UCI) para observaci\u00f3n continua. Si se encuentra estable, ser\u00e1 trasladado a una habitaci\u00f3n del hospital o a una unidad de rehabilitaci\u00f3n para continuar con su recuperaci\u00f3n. Cuando es trasladado a casa, debe continuar con terapia y se le programar\u00e1n las citas de seguimiento con los especialistas. Es posible que los m\u00e9dicos le recomienden continuar tomando medicamentos anticonvulsivantes y le dejar\u00e1n saber si la dosis que est\u00e1 tomando se ir\u00e1 a reducir o a suspender.<\/p>\n<p>Para m\u00e1s informaci\u00f3n y preguntas frequetes acerca de hemisferectom\u00eda, <a href=\"https:\/\/itsyourepilepsy.com\/wp-content\/uploads\/2022\/11\/Hemisferectomia_PreguntasFrecuente_2022.pdf\" target=\"_blank\" rel=\"noopener\">imprima este folleto.<\/a><\/p>\n    <\/section>\n  <\/div>\n<\/div>\n\t\n\t<\/div>\n<\/div><\/div><\/div>\n\n<div class=\"gb-grid-column gb-grid-column-bb673d0f\"><div class=\"gb-container gb-container-bb673d0f bordered\"><div class=\"gb-inside-container\">\n<div class=\"wp-block-image\">\n<figure class=\"aligncenter size-full\"><img loading=\"lazy\" decoding=\"async\" width=\"600\" height=\"538\" src=\"https:\/\/itsyourepilepsy.com\/wp-content\/uploads\/2021\/09\/corpus_callosotomy.jpg\" alt=\"corpus callosotomy\" class=\"wp-image-1954\" srcset=\"https:\/\/itsyourepilepsy.com\/wp-content\/uploads\/2021\/09\/corpus_callosotomy.jpg 600w, https:\/\/itsyourepilepsy.com\/wp-content\/uploads\/2021\/09\/corpus_callosotomy-300x269.jpg 300w\" sizes=\"auto, (max-width: 600px) 100vw, 600px\" \/><\/figure>\n<\/div>\n\n<div class=\"gb-container gb-container-c14f8a9c\"><div class=\"gb-inside-container\">\n\n<h2 class=\"gb-headline gb-headline-7401433c gb-headline-text\">Callosotom\u00eda<\/h2>\n\n\n\n<p class=\"gb-headline gb-headline-b638ead1 gb-headline-text\"><meta charset=\"utf-8\">El objetivo de la callosotom\u00eda es separar los dos hemisferios cortando el cuerpo calloso, evitando la propagaci\u00f3n de las convulsiones entre los hemisferios.<\/p>\n\n<\/div><\/div>\n\n\t\n<div id=\"read-more-modal-block_fa38a44f8cc49f44ccbefa6a36c56192\" class=\"more\">\n\t\n\t<button class=\"open-modal\" data-open=\"modal-block_fa38a44f8cc49f44ccbefa6a36c56192\">\n M\u00e1s informaci\u00f3n<\/button>\n\t<div class=\"modal\" id=\"modal-block_fa38a44f8cc49f44ccbefa6a36c56192\" data-animation=\"slideInOutLeft\">\n  <div class=\"modal-dialog\">\n <button class=\"close-modal\" aria-label=\"close modal\" data-close>\n        \u2715  \n      <\/button>\n    <section class=\"modal-content\">\n      <p style=\"text-align: left;\">Los candidatos para este tipo de cirug\u00eda son personas con convulsiones graves, generalizadas e incontrolables que afectan ambos hemisferios del cerebro.<\/p>\n<p style=\"text-align: left;\">Este procedimiento ha evolucionado permitiendo a los cirujanos modificar la cirug\u00eda de acuerdo con la distribuci\u00f3n de las convulsiones y las \u00e1reas afectadas. Estas modificaciones incluyen callosotom\u00eda anterior, callosotom\u00eda posterior y callosotom\u00eda parcial.<\/p>\n<p style=\"text-align: left;\">Durante este procedimiento, el cirujano tendr\u00e1 acceso al cerebro a trav\u00e9s del cuero cabelludo y mediante la extracci\u00f3n de peque\u00f1os cortes del cr\u00e1neo y duramadre (la membrana que cubre el cerebro). Para poder ver mejor las estructuras del cerebro, el cirujano utilizar\u00e1 un microscopio y otros instrumentos especiales dise\u00f1ados para este tipo de cirug\u00edas.<\/p>\n<p style=\"text-align: left;\">Otra forma de realizar esta cirug\u00eda es una mini craneotom\u00eda (extracci\u00f3n de una peque\u00f1a parte del cr\u00e1neo y de la duramadre) con el uso de un endoscopio. El endoscopio es una fibra iluminada que se introduce en el cerebro para poder observar las estructuras internas.<\/p>\n<p style=\"text-align: left;\">Las indicaciones para utilizar cualquiera de estas t\u00e9cnicas dependen de la ubicaci\u00f3n y extensi\u00f3n del cuerpo calloso que se necesita desconectar. Este procedimiento har\u00e1 que las convulsiones sean dif\u00edciles de propagar entre los dos hemisferios.<\/p>\n<p style=\"text-align: left;\">Despu\u00e9s de la cirug\u00eda, la pieza de cr\u00e1neo y la duramadre se pondr\u00e1n en su lugar y el cuero cabelludo se cerrar\u00e1 con puntos de sutura.<\/p>\n<p style=\"text-align: left;\">El paciente ser\u00e1 trasladado a una Unidad de Cuidados Intensivos (UCI) para observaci\u00f3n continua. \u00a0\u00a0Cualquier tratamiento quir\u00fargico para la epilepsia tiene riesgos potenciales y son evaluados cuidadosamente para determinar los beneficios del procedimiento. La debilidad de las piernas y la p\u00e9rdida de coordinaci\u00f3n son los efectos adversos m\u00e1s comunes.<\/p>\n<p>Otros riesgos potenciales incluyen sangrado, infecci\u00f3n y el accidente cerebrovascular (cuando hay loqueo del flujo de sangre en las arterias que nutren el cerebro o cuando hay un sangrado que afecta los tejidos y neuronas cerebrales). La debilidad o el d\u00e9ficit neurol\u00f3gico despu\u00e9s de la cirug\u00eda no son comunes, pero en el caso de cualquier complicaci\u00f3n, se puede requerir un ingreso adicional a la unidad de rehabilitaci\u00f3n para promover una r\u00e1pida recuperaci\u00f3n. Se deber\u00e1 continuar con la terapia ambulatoria y las con los especialistas una vez haya sido enviado a la casa. Es posible que los m\u00e9dicos recomienden continuar tomando medicamentos anticonvulsivantes.<\/p>\n<p style=\"text-align: left;\">Para m\u00e1s informaci\u00f3n y preguntas frequetes acerca de callosotom\u00eda, <a href=\"https:\/\/itsyourepilepsy.com\/wp-content\/uploads\/2022\/11\/Callosotomia_PreguntasFrecuente_2022.pdf\" target=\"_blank\" rel=\"noopener\">imprima este folleto.<\/a><\/p>\n    <\/section>\n  <\/div>\n<\/div>\n\t\n\t<\/div>\n<\/div><\/div><\/div>\n<\/div>\n\n\n<div style=\"height:30px\" aria-hidden=\"true\" class=\"wp-block-spacer\"><\/div>\n\n\n\n<p>Los m\u00e9dicos determinar\u00e1n si la cirug\u00eda invasiva o resectiva es la m\u00e1s indicada para usted. Aseg\u00farese de discutir y planificar las citas de seguimiento con su equipo de especialistas.<\/p>\n\n<\/div><\/div>\n\n<div class=\"gb-container gb-container-d2319a27 banner7\"><div class=\"gb-inside-container\">\n<div class=\"gb-grid-wrapper gb-grid-wrapper-34ac4621\">\n<div class=\"gb-grid-column gb-grid-column-73bc8c72\"><div class=\"gb-container gb-container-73bc8c72\"><div class=\"gb-inside-container\">\n\n<figure class=\"wp-block-image size-full\"><img loading=\"lazy\" decoding=\"async\" width=\"395\" height=\"437\" src=\"https:\/\/itsyourepilepsy.com\/wp-content\/uploads\/2022\/10\/invasive-resective-es.png\" alt=\"invasive resective\" class=\"wp-image-3870\" srcset=\"https:\/\/itsyourepilepsy.com\/wp-content\/uploads\/2022\/10\/invasive-resective-es.png 395w, https:\/\/itsyourepilepsy.com\/wp-content\/uploads\/2022\/10\/invasive-resective-es-271x300.png 271w\" sizes=\"auto, (max-width: 395px) 100vw, 395px\" \/><\/figure>\n\n<\/div><\/div><\/div>\n\n<div class=\"gb-grid-column gb-grid-column-32cc1f0b\"><div class=\"gb-container gb-container-32cc1f0b\"><div class=\"gb-inside-container\">\n\n<div class=\"gb-headline gb-headline-d1e3842a gb-headline-text\">Para saber m\u00e1s acerca de cirug\u00edas de neuroestimulaci\u00f3n<\/div>\n\n\n<div class=\"gb-button-wrapper gb-button-wrapper-ee65e0f4 gb-button-wrapper-viola\">\n\n<a class=\"gb-button gb-button-ca351940 gb-button-text gb-button-viola\" href=\"https:\/\/itsyourepilepsy.com\/es\/evaluaciones-y-opciones-de-tratamiento\/cirugias\/cirugias-de-neuroestimulacion\/\">Leer m\u00e1s<\/a>\n\n<\/div>\n<\/div><\/div><\/div>\n<\/div>\n<\/div><\/div>\n\n<div class=\"gb-container gb-container-03cdf303\"><div class=\"gb-inside-container\">\n<div class=\"gb-grid-wrapper gb-grid-wrapper-13fae64e\">\n<div class=\"gb-grid-column gb-grid-column-21542263\"><div class=\"gb-container gb-container-21542263\"><div class=\"gb-inside-container\">\n<div id=\"related-block_3728d0cf7ec7cff8aef6b187681553c8\" class=\"related\">\n\t<div class=\"related-container\">\n    <div class=\"related-image\">\n\t\t<a href=\"https:\/\/itsyourepilepsy.com\/es\/atencion-plena-o-mindfulness\/\" title=\"Atenci\u00f3n Plena o Mindfulness\">\n        <img loading=\"lazy\" decoding=\"async\" width=\"1024\" height=\"683\" src=\"https:\/\/itsyourepilepsy.com\/wp-content\/uploads\/2021\/09\/Mindfulness-1024x683.jpg\" class=\"attachment-large size-large wp-post-image\" alt=\"\" srcset=\"https:\/\/itsyourepilepsy.com\/wp-content\/uploads\/2021\/09\/Mindfulness-1024x683.jpg 1024w, https:\/\/itsyourepilepsy.com\/wp-content\/uploads\/2021\/09\/Mindfulness-300x200.jpg 300w, https:\/\/itsyourepilepsy.com\/wp-content\/uploads\/2021\/09\/Mindfulness-768x512.jpg 768w, https:\/\/itsyourepilepsy.com\/wp-content\/uploads\/2021\/09\/Mindfulness.jpg 1200w\" sizes=\"auto, (max-width: 1024px) 100vw, 1024px\" \/>    <\/a>\n    <\/div>\n    <div class=\"related-content\">\n\t\t\n        <h3 class=\"related-title\">\n\t\t\t\t\t\t<a href=\"https:\/\/itsyourepilepsy.com\/es\/atencion-plena-o-mindfulness\/\" title=\"Atenci\u00f3n Plena o Mindfulness\">Atenci\u00f3n Plena o Mindfulness<\/a>\n\t\t<\/h3>\n\t\t<div class=\"related-meta\">\n\t\t\t<span class=\"entry-meta\">09.08.2021<\/span>\n\t\t\t<span class=\"entry-meta cat-links terapias alternativas\"><a href=\"https:\/\/itsyourepilepsy.com\/es\/category\/terapias-alternativas\/\" rel=\"category tag\">Terapias Alternativas<\/a><\/span>\t\t<\/div>\n        <p>Las alteraciones f\u00edsicas y mentales se han asociado con el estr\u00e9s y la&#8230;<\/p>\t\n\t\t\n    <\/div>\n\t\t<div class=\"related-footer\">\n\t\t\t<a href=\"https:\/\/itsyourepilepsy.com\/es\/atencion-plena-o-mindfulness\/\" title=\"Atenci\u00f3n Plena o Mindfulness\">\t\n\t\t\t\t<svg   viewBox=\"0 0 32 32\"><path d=\"M19.414 27.414l10-10c0.781-0.781 0.781-2.047 0-2.828l-10-10c-0.781-0.781-2.047-0.781-2.828 0s-0.781 2.047 0 2.828l6.586 6.586h-19.172c-1.105 0-2 0.895-2 2s0.895 2 2 2h19.172l-6.586 6.586c-0.39 0.39-0.586 0.902-0.586 1.414s0.195 1.024 0.586 1.414c0.781 0.781 2.047 0.781 2.828 0z\"><\/path><\/svg>\n\t\t\t<\/a>\n\t\t<\/div>\n\t<\/div>\n<\/div>\n<\/div><\/div><\/div>\n\n<div class=\"gb-grid-column gb-grid-column-246ecc99\"><div class=\"gb-container gb-container-246ecc99\"><div class=\"gb-inside-container\">\n<div id=\"related-block_ef350e9c84cdd44d065288ffed84f866\" class=\"related\">\n\t<div class=\"related-container\">\n    <div class=\"related-image\">\n\t\t<a href=\"https:\/\/itsyourepilepsy.com\/es\/yoga\/\" title=\"Yoga\">\n        <img loading=\"lazy\" decoding=\"async\" width=\"1024\" height=\"683\" src=\"https:\/\/itsyourepilepsy.com\/wp-content\/uploads\/2021\/09\/Yoga-1024x683.jpg\" class=\"attachment-large size-large wp-post-image\" alt=\"\" srcset=\"https:\/\/itsyourepilepsy.com\/wp-content\/uploads\/2021\/09\/Yoga-1024x683.jpg 1024w, https:\/\/itsyourepilepsy.com\/wp-content\/uploads\/2021\/09\/Yoga-300x200.jpg 300w, https:\/\/itsyourepilepsy.com\/wp-content\/uploads\/2021\/09\/Yoga-768x512.jpg 768w, https:\/\/itsyourepilepsy.com\/wp-content\/uploads\/2021\/09\/Yoga.jpg 1200w\" sizes=\"auto, (max-width: 1024px) 100vw, 1024px\" \/>    <\/a>\n    <\/div>\n    <div class=\"related-content\">\n\t\t\n        <h3 class=\"related-title\">\n\t\t\t\t\t\t<a href=\"https:\/\/itsyourepilepsy.com\/es\/yoga\/\" title=\"Yoga\">Yoga<\/a>\n\t\t<\/h3>\n\t\t<div class=\"related-meta\">\n\t\t\t<span class=\"entry-meta\">09.08.2021<\/span>\n\t\t\t<span class=\"entry-meta cat-links terapias alternativas\"><a href=\"https:\/\/itsyourepilepsy.com\/es\/category\/terapias-alternativas\/\" rel=\"category tag\">Terapias Alternativas<\/a><\/span>\t\t<\/div>\n        <p>El yoga es un tipo de actividad f\u00edsica que incluye secuencias de posturas y&#8230;<\/p>\t\n\t\t\n    <\/div>\n\t\t<div class=\"related-footer\">\n\t\t\t<a href=\"https:\/\/itsyourepilepsy.com\/es\/yoga\/\" title=\"Yoga\">\t\n\t\t\t\t<svg   viewBox=\"0 0 32 32\"><path d=\"M19.414 27.414l10-10c0.781-0.781 0.781-2.047 0-2.828l-10-10c-0.781-0.781-2.047-0.781-2.828 0s-0.781 2.047 0 2.828l6.586 6.586h-19.172c-1.105 0-2 0.895-2 2s0.895 2 2 2h19.172l-6.586 6.586c-0.39 0.39-0.586 0.902-0.586 1.414s0.195 1.024 0.586 1.414c0.781 0.781 2.047 0.781 2.828 0z\"><\/path><\/svg>\n\t\t\t<\/a>\n\t\t<\/div>\n\t<\/div>\n<\/div>\n<\/div><\/div><\/div>\n\n<div class=\"gb-grid-column gb-grid-column-3808771b\"><div class=\"gb-container gb-container-3808771b\"><div class=\"gb-inside-container\">\n<div id=\"related-block_f1c734db3bd1c4a27770e6b249382ba1\" class=\"related\">\n\t<div class=\"related-container\">\n    <div class=\"related-image\">\n\t\t<a href=\"https:\/\/itsyourepilepsy.com\/es\/concentrados-de-marihuana\/\" title=\"Concentrados de Marihuana\">\n        <img loading=\"lazy\" decoding=\"async\" width=\"1024\" height=\"683\" src=\"https:\/\/itsyourepilepsy.com\/wp-content\/uploads\/2021\/09\/Cannabis-1024x683.jpg\" class=\"attachment-large size-large wp-post-image\" alt=\"\" srcset=\"https:\/\/itsyourepilepsy.com\/wp-content\/uploads\/2021\/09\/Cannabis-1024x683.jpg 1024w, https:\/\/itsyourepilepsy.com\/wp-content\/uploads\/2021\/09\/Cannabis-300x200.jpg 300w, https:\/\/itsyourepilepsy.com\/wp-content\/uploads\/2021\/09\/Cannabis-768x512.jpg 768w, https:\/\/itsyourepilepsy.com\/wp-content\/uploads\/2021\/09\/Cannabis.jpg 1200w\" sizes=\"auto, (max-width: 1024px) 100vw, 1024px\" \/>    <\/a>\n    <\/div>\n    <div class=\"related-content\">\n\t\t\n        <h3 class=\"related-title\">\n\t\t\t\t\t\t<a href=\"https:\/\/itsyourepilepsy.com\/es\/concentrados-de-marihuana\/\" title=\"Concentrados de Marihuana\">Concentrados de Marihuana<\/a>\n\t\t<\/h3>\n\t\t<div class=\"related-meta\">\n\t\t\t<span class=\"entry-meta\">09.08.2021<\/span>\n\t\t\t<span class=\"entry-meta cat-links terapias alternativas\"><a href=\"https:\/\/itsyourepilepsy.com\/es\/category\/terapias-alternativas\/\" rel=\"category tag\">Terapias Alternativas<\/a><\/span>\t\t<\/div>\n        <p>Los concentrados de marihuana (tambi\u00e9n conocida como cannabis) son compuestos&#8230;<\/p>\t\n\t\t\n    <\/div>\n\t\t<div class=\"related-footer\">\n\t\t\t<a href=\"https:\/\/itsyourepilepsy.com\/es\/concentrados-de-marihuana\/\" title=\"Concentrados de Marihuana\">\t\n\t\t\t\t<svg   viewBox=\"0 0 32 32\"><path d=\"M19.414 27.414l10-10c0.781-0.781 0.781-2.047 0-2.828l-10-10c-0.781-0.781-2.047-0.781-2.828 0s-0.781 2.047 0 2.828l6.586 6.586h-19.172c-1.105 0-2 0.895-2 2s0.895 2 2 2h19.172l-6.586 6.586c-0.39 0.39-0.586 0.902-0.586 1.414s0.195 1.024 0.586 1.414c0.781 0.781 2.047 0.781 2.828 0z\"><\/path><\/svg>\n\t\t\t<\/a>\n\t\t<\/div>\n\t<\/div>\n<\/div>\n<\/div><\/div><\/div>\n<\/div>\n<\/div><\/div>","protected":false},"excerpt":{"rendered":"<p>Las cirug\u00edas invasivas o resectivas se realizan cuando las pruebas revelan de manera consistente un \u00e1rea o \u00e1reas espec\u00edficas del &#8230; <a title=\"Cirug\u00edas Invasivas o Resectivas\" class=\"read-more\" href=\"https:\/\/itsyourepilepsy.com\/es\/evaluaciones-y-opciones-de-tratamiento\/cirugias\/cirugias-invasivas-o-resectivas\/\" aria-label=\"Leer m\u00e1s sobre Cirug\u00edas Invasivas o Resectivas\">Leer m\u00e1s<\/a><\/p>\n","protected":false},"author":13,"featured_media":0,"parent":3674,"menu_order":0,"comment_status":"closed","ping_status":"closed","template":"","meta":{"_acf_changed":false,"footnotes":""},"class_list":["post-3694","page","type-page","status-publish"],"acf":[],"_links":{"self":[{"href":"https:\/\/itsyourepilepsy.com\/es\/wp-json\/wp\/v2\/pages\/3694","targetHints":{"allow":["GET"]}}],"collection":[{"href":"https:\/\/itsyourepilepsy.com\/es\/wp-json\/wp\/v2\/pages"}],"about":[{"href":"https:\/\/itsyourepilepsy.com\/es\/wp-json\/wp\/v2\/types\/page"}],"author":[{"embeddable":true,"href":"https:\/\/itsyourepilepsy.com\/es\/wp-json\/wp\/v2\/users\/13"}],"replies":[{"embeddable":true,"href":"https:\/\/itsyourepilepsy.com\/es\/wp-json\/wp\/v2\/comments?post=3694"}],"version-history":[{"count":0,"href":"https:\/\/itsyourepilepsy.com\/es\/wp-json\/wp\/v2\/pages\/3694\/revisions"}],"up":[{"embeddable":true,"href":"https:\/\/itsyourepilepsy.com\/es\/wp-json\/wp\/v2\/pages\/3674"}],"wp:attachment":[{"href":"https:\/\/itsyourepilepsy.com\/es\/wp-json\/wp\/v2\/media?parent=3694"}],"curies":[{"name":"wp","href":"https:\/\/api.w.org\/{rel}","templated":true}]}}