{"id":3685,"date":"2021-08-03T08:20:25","date_gmt":"2021-08-03T12:20:25","guid":{"rendered":"https:\/\/itsyourepilepsy.com\/?page_id=3685"},"modified":"2022-11-18T14:10:51","modified_gmt":"2022-11-18T19:10:51","slug":"cirugias-minimamente-invasivas","status":"publish","type":"page","link":"https:\/\/itsyourepilepsy.com\/es\/evaluaciones-y-opciones-de-tratamiento\/cirugias\/cirugias-minimamente-invasivas\/","title":{"rendered":"Cirug\u00edas M\u00ednimamente Invasivas"},"content":{"rendered":"<div class=\"gb-container gb-container-b47ad935\"><div class=\"gb-inside-container\">\n\n<p>La radiocirug\u00eda estereot\u00e1ctica (SRS por sus siglas en ingl\u00e9s) y la ablaci\u00f3n estereot\u00e1ctica con l\u00e1ser (SLA por sus siglas en ingl\u00e9s) son dos procedimientos quir\u00fargicos m\u00ednimamente invasivos que utilizan computadoras y tecnolog\u00edas avanzadas para localizar y tratar lesiones en \u00e1reas precisas del cerebro. radiocirug\u00eda estereot\u00e1ctic y ablaci\u00f3n estereot\u00e1ctica con l\u00e1ser ofrecen una alternativa para las personas con epilepsia causada por masas (tumores) en el cerebro o malformaciones vasculares (arteriovenosas) que son dif\u00edciles de alcanzar a trav\u00e9s de la cirug\u00eda convencional.<\/p>\n\n\n\n<div style=\"height:40px\" aria-hidden=\"true\" class=\"wp-block-spacer\"><\/div>\n\n\n<div class=\"gb-grid-wrapper gb-grid-wrapper-2a282b0a middle left\">\n<div class=\"gb-grid-column gb-grid-column-10daeb44\"><div class=\"gb-container gb-container-10daeb44\"><div class=\"gb-inside-container\">\n\n<h2 class=\"gb-headline gb-headline-6fac0b86 gb-headline-text\"><strong>Radiocirug\u00eda Estereot\u00e1ctica<\/strong> <\/h2>\n\n\n\n<p>La radiocirug\u00eda estereot\u00e1ctica o SRS es un procedimiento que utiliza radioterapia para tratar anomal\u00edas del cerebro.<\/p>\n\n\n\t\n<div id=\"read-more-modal-block_dd71e47572092cc62b678018f42017d2\" class=\"more\">\n\t\n  \n<div class=\"gb-button-wrapper gb-button-wrapper-viola\">\n<button class=\"gb-button gb-button-text gb-button-viola open-modal\" data-open=\"modal-block_dd71e47572092cc62b678018f42017d2\">Leer m\u00e1s<\/button>\n<\/div>\n\t<div class=\"modal\" id=\"modal-block_dd71e47572092cc62b678018f42017d2\" data-animation=\"slideInOutLeft\">\n  <div class=\"modal-dialog\">\n <button class=\"close-modal\" aria-label=\"close modal\" data-close>\n        \u2715  \n      <\/button>\n    <section class=\"modal-content\">\n      <p>El equipo utiliza una pieza que emite la cantidad adecuada de radiaci\u00f3n para tratar al \u00e1rea afectada sin necesidad de abrir el cr\u00e1neo (craneotom\u00eda) para el tratamiento. La radiaci\u00f3n altera la estructura de las c\u00e9lulas anormales en el cerebro deteniendo su reproducci\u00f3n y\/o su actividad anormal.<\/p>\n<p>Los efectos secundarios asociados con la cirug\u00eda estereot\u00e1ctica pueden ser leves y transitorios entre los cuales est\u00e1n el cansancio, la inflamaci\u00f3n del cerebro o del \u00e1rea tratada, causando dolor de cabeza, n\u00e1useas y v\u00f3mitos. Los m\u00e9dicos lo vigilar\u00e1n proporcion\u00e1ndole los medicamentos necesarios para controlar estos efectos secundarios.<\/p>\n    <\/section>\n  <\/div>\n<\/div>\n\t\n\t<\/div>\n<\/div><\/div><\/div>\n\n<div class=\"gb-grid-column gb-grid-column-6842d304\"><div class=\"gb-container gb-container-6842d304\"><div class=\"gb-inside-container\">\n\n<h2 class=\"gb-headline gb-headline-6d8917e7 gb-headline-text\"><strong>Ablaci\u00f3n Estereot\u00e1ctica con L\u00e1ser <\/strong><\/h2>\n\n\n\n<p>La ablaci\u00f3n estereot\u00e1ctica con l\u00e1ser o SLA es una t\u00e9cnica m\u00ednimamente invasiva que utiliza una fibra l\u00e1ser para destruir el tejido da\u00f1ado del cerebro que causa las convulsiones<\/p>\n\n\n\t\n<div id=\"read-more-modal-block_bd0330de36f6e9c4f5334fa0da4d8c59\" class=\"more\">\n\t\n  \n<div class=\"gb-button-wrapper gb-button-wrapper-viola\">\n<button class=\"gb-button gb-button-text gb-button-viola open-modal\" data-open=\"modal-block_bd0330de36f6e9c4f5334fa0da4d8c59\">Leer m\u00e1s<\/button>\n<\/div>\n\t<div class=\"modal\" id=\"modal-block_bd0330de36f6e9c4f5334fa0da4d8c59\" data-animation=\"slideInOutLeft\">\n  <div class=\"modal-dialog\">\n <button class=\"close-modal\" aria-label=\"close modal\" data-close>\n        \u2715  \n      <\/button>\n    <section class=\"modal-content\">\n      <p>Los candidatos para este procedimiento son personas con un foco peque\u00f1o y \u00fanico de convulsiones que puede ser quemado (ablacionado) de manera efectiva. En general, las personas con convulsiones que se originan en el l\u00f3bulo temporal y con una condicci\u00f3n llamada esclerosis mesial temporal unilateral (MTS por sus siglas en ingl\u00e9s).<\/p>\n<p>A trav\u00e9s de un corte muy peque\u00f1o del cuero cabelludo y la perforaci\u00f3n de un peque\u00f1o orificio en el cr\u00e1neo se coloca una fibra l\u00e1ser en el \u00e1rea afectada. La t\u00e9cnica de resonancia magn\u00e9tica (MRI) es utilizada durante este procedimiento para ubicar de manera precisa la fibra l\u00e1ser y poder destruir el tejido da\u00f1ado.<\/p>\n<p>Al igual que con cualquier otra cirug\u00eda del cerebro, existe el riesgo de posibles complicaciones y efectos secundarios. Estos incluyen infecci\u00f3n, sangrado, dolor de cabeza, debilidad de algunas partes del cuerpo y cambios en el estado de \u00e1nimo.\u00a0 Los m\u00e9dicos lo vigilar\u00e1n proporcion\u00e1ndole los medicamentos necesarios para controlar estos efectos secundarios.<\/p>\n<p>Para m\u00e1s informaci\u00f3n y preguntas frequetes acerca de ablaci\u00f3n estereot\u00e1ctica con l\u00e1ser, <a href=\"https:\/\/itsyourepilepsy.com\/wp-content\/uploads\/2022\/11\/AblacionEstereotacticaconLaser_PreguntasFrecuente_2022.pdf\">imprima este folleto<\/a>.<\/p>\n<p>&nbsp;<\/p>\n    <\/section>\n  <\/div>\n<\/div>\n\t\n\t<\/div>\n<\/div><\/div><\/div>\n<\/div>\n\n\n<div style=\"height:20px\" aria-hidden=\"true\" class=\"wp-block-spacer\"><\/div>\n\n\n\n<p>Las t\u00e9cnicas de radiocirug\u00eda estereot\u00e1ctica y ablaci\u00f3n estereot\u00e1ctica con l\u00e1ser no est\u00e1n indicadas en todos los pacientes. El equipo de especialistas le dejar\u00e1 saber si usted es un buen candidato y si lo es, ellos determinar\u00e1n cu\u00e1l es la opci\u00f3n de tratamiento m\u00e1s efectiva para usted.<\/p>\n\n<\/div><\/div>\n\n<div class=\"gb-container gb-container-da399b48 banner6\"><div class=\"gb-inside-container\">\n<div class=\"gb-grid-wrapper gb-grid-wrapper-be1741df\">\n<div class=\"gb-grid-column gb-grid-column-89c0dfe6\"><div class=\"gb-container gb-container-89c0dfe6\"><div class=\"gb-inside-container\">\n<div class=\"wp-block-image\">\n<figure class=\"aligncenter size-full\"><img loading=\"lazy\" decoding=\"async\" width=\"222\" height=\"400\" src=\"https:\/\/itsyourepilepsy.com\/wp-content\/uploads\/2021\/09\/minimal-invasive.png\" alt=\"minimal invasive\" class=\"wp-image-1893\" srcset=\"https:\/\/itsyourepilepsy.com\/wp-content\/uploads\/2021\/09\/minimal-invasive.png 222w, https:\/\/itsyourepilepsy.com\/wp-content\/uploads\/2021\/09\/minimal-invasive-167x300.png 167w\" sizes=\"auto, (max-width: 222px) 100vw, 222px\" \/><\/figure>\n<\/div>\n<\/div><\/div><\/div>\n\n<div class=\"gb-grid-column gb-grid-column-bc7ad0b0\"><div class=\"gb-container gb-container-bc7ad0b0\"><div class=\"gb-inside-container\">\n\n<div class=\"gb-headline gb-headline-717028af gb-headline-text\">Para saber m\u00e1s acerca de cirug\u00edas resectivas o invasivas<\/div>\n\n\n<div class=\"gb-button-wrapper gb-button-wrapper-a6511856 gb-button-wrapper-viola\">\n\n<a class=\"gb-button gb-button-685961f3 gb-button-text gb-button-viola\" href=\"https:\/\/itsyourepilepsy.com\/es\/evaluaciones-y-opciones-de-tratamiento\/cirugias\/cirugias-invasivas-o-resectivas\/\">Leer m\u00e1s<\/a>\n\n<\/div>\n<\/div><\/div><\/div>\n<\/div>\n<\/div><\/div>\n\n<div class=\"gb-container gb-container-ff93cd26\"><div class=\"gb-inside-container\">\n<div class=\"gb-grid-wrapper gb-grid-wrapper-1d5ae309\">\n<div class=\"gb-grid-column gb-grid-column-54676704\"><div class=\"gb-container gb-container-54676704\"><div class=\"gb-inside-container\">\n<div id=\"related-block_69a1dd463b2a5375161872c81bde1ad3\" class=\"related\">\n\t<div class=\"related-container\">\n    <div class=\"related-image\">\n\t\t<a href=\"https:\/\/itsyourepilepsy.com\/es\/atencion-plena-o-mindfulness\/\" title=\"Atenci\u00f3n Plena o Mindfulness\">\n        <img loading=\"lazy\" decoding=\"async\" width=\"1024\" height=\"683\" src=\"https:\/\/itsyourepilepsy.com\/wp-content\/uploads\/2021\/09\/Mindfulness-1024x683.jpg\" class=\"attachment-large size-large wp-post-image\" alt=\"\" srcset=\"https:\/\/itsyourepilepsy.com\/wp-content\/uploads\/2021\/09\/Mindfulness-1024x683.jpg 1024w, https:\/\/itsyourepilepsy.com\/wp-content\/uploads\/2021\/09\/Mindfulness-300x200.jpg 300w, https:\/\/itsyourepilepsy.com\/wp-content\/uploads\/2021\/09\/Mindfulness-768x512.jpg 768w, https:\/\/itsyourepilepsy.com\/wp-content\/uploads\/2021\/09\/Mindfulness.jpg 1200w\" sizes=\"auto, (max-width: 1024px) 100vw, 1024px\" \/>    <\/a>\n    <\/div>\n    <div class=\"related-content\">\n\t\t\n        <h3 class=\"related-title\">\n\t\t\t\t\t\t<a href=\"https:\/\/itsyourepilepsy.com\/es\/atencion-plena-o-mindfulness\/\" title=\"Atenci\u00f3n Plena o Mindfulness\">Atenci\u00f3n Plena o Mindfulness<\/a>\n\t\t<\/h3>\n\t\t<div class=\"related-meta\">\n\t\t\t<span class=\"entry-meta\">09.08.2021<\/span>\n\t\t\t<span class=\"entry-meta cat-links terapias alternativas\"><a href=\"https:\/\/itsyourepilepsy.com\/es\/category\/terapias-alternativas\/\" rel=\"category tag\">Terapias Alternativas<\/a><\/span>\t\t<\/div>\n        <p>Las alteraciones f\u00edsicas y mentales se han asociado con el estr\u00e9s y la&#8230;<\/p>\t\n\t\t\n    <\/div>\n\t\t<div class=\"related-footer\">\n\t\t\t<a href=\"https:\/\/itsyourepilepsy.com\/es\/atencion-plena-o-mindfulness\/\" title=\"Atenci\u00f3n Plena o Mindfulness\">\t\n\t\t\t\t<svg   viewBox=\"0 0 32 32\"><path d=\"M19.414 27.414l10-10c0.781-0.781 0.781-2.047 0-2.828l-10-10c-0.781-0.781-2.047-0.781-2.828 0s-0.781 2.047 0 2.828l6.586 6.586h-19.172c-1.105 0-2 0.895-2 2s0.895 2 2 2h19.172l-6.586 6.586c-0.39 0.39-0.586 0.902-0.586 1.414s0.195 1.024 0.586 1.414c0.781 0.781 2.047 0.781 2.828 0z\"><\/path><\/svg>\n\t\t\t<\/a>\n\t\t<\/div>\n\t<\/div>\n<\/div>\n<\/div><\/div><\/div>\n\n<div class=\"gb-grid-column gb-grid-column-c54458a9\"><div class=\"gb-container gb-container-c54458a9\"><div class=\"gb-inside-container\">\n<div id=\"related-block_d69a421ed7cac14bd4a9e462385bd213\" class=\"related\">\n\t<div class=\"related-container\">\n    <div class=\"related-image\">\n\t\t<a href=\"https:\/\/itsyourepilepsy.com\/es\/yoga\/\" title=\"Yoga\">\n        <img loading=\"lazy\" decoding=\"async\" width=\"1024\" height=\"683\" src=\"https:\/\/itsyourepilepsy.com\/wp-content\/uploads\/2021\/09\/Yoga-1024x683.jpg\" class=\"attachment-large size-large wp-post-image\" alt=\"\" srcset=\"https:\/\/itsyourepilepsy.com\/wp-content\/uploads\/2021\/09\/Yoga-1024x683.jpg 1024w, https:\/\/itsyourepilepsy.com\/wp-content\/uploads\/2021\/09\/Yoga-300x200.jpg 300w, https:\/\/itsyourepilepsy.com\/wp-content\/uploads\/2021\/09\/Yoga-768x512.jpg 768w, https:\/\/itsyourepilepsy.com\/wp-content\/uploads\/2021\/09\/Yoga.jpg 1200w\" sizes=\"auto, (max-width: 1024px) 100vw, 1024px\" \/>    <\/a>\n    <\/div>\n    <div class=\"related-content\">\n\t\t\n        <h3 class=\"related-title\">\n\t\t\t\t\t\t<a href=\"https:\/\/itsyourepilepsy.com\/es\/yoga\/\" title=\"Yoga\">Yoga<\/a>\n\t\t<\/h3>\n\t\t<div class=\"related-meta\">\n\t\t\t<span class=\"entry-meta\">09.08.2021<\/span>\n\t\t\t<span class=\"entry-meta cat-links terapias alternativas\"><a href=\"https:\/\/itsyourepilepsy.com\/es\/category\/terapias-alternativas\/\" rel=\"category tag\">Terapias Alternativas<\/a><\/span>\t\t<\/div>\n        <p>El yoga es un tipo de actividad f\u00edsica que incluye secuencias de posturas y&#8230;<\/p>\t\n\t\t\n    <\/div>\n\t\t<div class=\"related-footer\">\n\t\t\t<a href=\"https:\/\/itsyourepilepsy.com\/es\/yoga\/\" title=\"Yoga\">\t\n\t\t\t\t<svg   viewBox=\"0 0 32 32\"><path d=\"M19.414 27.414l10-10c0.781-0.781 0.781-2.047 0-2.828l-10-10c-0.781-0.781-2.047-0.781-2.828 0s-0.781 2.047 0 2.828l6.586 6.586h-19.172c-1.105 0-2 0.895-2 2s0.895 2 2 2h19.172l-6.586 6.586c-0.39 0.39-0.586 0.902-0.586 1.414s0.195 1.024 0.586 1.414c0.781 0.781 2.047 0.781 2.828 0z\"><\/path><\/svg>\n\t\t\t<\/a>\n\t\t<\/div>\n\t<\/div>\n<\/div>\n<\/div><\/div><\/div>\n\n<div class=\"gb-grid-column gb-grid-column-4f79c4e8\"><div class=\"gb-container gb-container-4f79c4e8\"><div class=\"gb-inside-container\">\n<div id=\"related-block_09751a68b475e6ded7d5b35554cb480c\" class=\"related\">\n\t<div class=\"related-container\">\n    <div class=\"related-image\">\n\t\t<a href=\"https:\/\/itsyourepilepsy.com\/es\/concentrados-de-marihuana\/\" title=\"Concentrados de Marihuana\">\n        <img loading=\"lazy\" decoding=\"async\" width=\"1024\" height=\"683\" src=\"https:\/\/itsyourepilepsy.com\/wp-content\/uploads\/2021\/09\/Cannabis-1024x683.jpg\" class=\"attachment-large size-large wp-post-image\" alt=\"\" srcset=\"https:\/\/itsyourepilepsy.com\/wp-content\/uploads\/2021\/09\/Cannabis-1024x683.jpg 1024w, https:\/\/itsyourepilepsy.com\/wp-content\/uploads\/2021\/09\/Cannabis-300x200.jpg 300w, https:\/\/itsyourepilepsy.com\/wp-content\/uploads\/2021\/09\/Cannabis-768x512.jpg 768w, https:\/\/itsyourepilepsy.com\/wp-content\/uploads\/2021\/09\/Cannabis.jpg 1200w\" sizes=\"auto, (max-width: 1024px) 100vw, 1024px\" \/>    <\/a>\n    <\/div>\n    <div class=\"related-content\">\n\t\t\n        <h3 class=\"related-title\">\n\t\t\t\t\t\t<a href=\"https:\/\/itsyourepilepsy.com\/es\/concentrados-de-marihuana\/\" title=\"Concentrados de Marihuana\">Concentrados de Marihuana<\/a>\n\t\t<\/h3>\n\t\t<div class=\"related-meta\">\n\t\t\t<span class=\"entry-meta\">09.08.2021<\/span>\n\t\t\t<span class=\"entry-meta cat-links terapias alternativas\"><a href=\"https:\/\/itsyourepilepsy.com\/es\/category\/terapias-alternativas\/\" rel=\"category tag\">Terapias Alternativas<\/a><\/span>\t\t<\/div>\n        <p>Los concentrados de marihuana (tambi\u00e9n conocida como cannabis) son compuestos&#8230;<\/p>\t\n\t\t\n    <\/div>\n\t\t<div class=\"related-footer\">\n\t\t\t<a href=\"https:\/\/itsyourepilepsy.com\/es\/concentrados-de-marihuana\/\" title=\"Concentrados de Marihuana\">\t\n\t\t\t\t<svg   viewBox=\"0 0 32 32\"><path d=\"M19.414 27.414l10-10c0.781-0.781 0.781-2.047 0-2.828l-10-10c-0.781-0.781-2.047-0.781-2.828 0s-0.781 2.047 0 2.828l6.586 6.586h-19.172c-1.105 0-2 0.895-2 2s0.895 2 2 2h19.172l-6.586 6.586c-0.39 0.39-0.586 0.902-0.586 1.414s0.195 1.024 0.586 1.414c0.781 0.781 2.047 0.781 2.828 0z\"><\/path><\/svg>\n\t\t\t<\/a>\n\t\t<\/div>\n\t<\/div>\n<\/div>\n<\/div><\/div><\/div>\n<\/div>\n<\/div><\/div>","protected":false},"excerpt":{"rendered":"<p>La radiocirug\u00eda estereot\u00e1ctica (SRS por sus siglas en ingl\u00e9s) y la ablaci\u00f3n estereot\u00e1ctica con l\u00e1ser (SLA por sus siglas en &#8230; <a title=\"Cirug\u00edas M\u00ednimamente Invasivas\" class=\"read-more\" href=\"https:\/\/itsyourepilepsy.com\/es\/evaluaciones-y-opciones-de-tratamiento\/cirugias\/cirugias-minimamente-invasivas\/\" aria-label=\"Leer m\u00e1s sobre Cirug\u00edas M\u00ednimamente Invasivas\">Leer m\u00e1s<\/a><\/p>\n","protected":false},"author":13,"featured_media":0,"parent":3674,"menu_order":0,"comment_status":"closed","ping_status":"closed","template":"","meta":{"_acf_changed":false,"footnotes":""},"class_list":["post-3685","page","type-page","status-publish"],"acf":[],"_links":{"self":[{"href":"https:\/\/itsyourepilepsy.com\/es\/wp-json\/wp\/v2\/pages\/3685","targetHints":{"allow":["GET"]}}],"collection":[{"href":"https:\/\/itsyourepilepsy.com\/es\/wp-json\/wp\/v2\/pages"}],"about":[{"href":"https:\/\/itsyourepilepsy.com\/es\/wp-json\/wp\/v2\/types\/page"}],"author":[{"embeddable":true,"href":"https:\/\/itsyourepilepsy.com\/es\/wp-json\/wp\/v2\/users\/13"}],"replies":[{"embeddable":true,"href":"https:\/\/itsyourepilepsy.com\/es\/wp-json\/wp\/v2\/comments?post=3685"}],"version-history":[{"count":0,"href":"https:\/\/itsyourepilepsy.com\/es\/wp-json\/wp\/v2\/pages\/3685\/revisions"}],"up":[{"embeddable":true,"href":"https:\/\/itsyourepilepsy.com\/es\/wp-json\/wp\/v2\/pages\/3674"}],"wp:attachment":[{"href":"https:\/\/itsyourepilepsy.com\/es\/wp-json\/wp\/v2\/media?parent=3685"}],"curies":[{"name":"wp","href":"https:\/\/api.w.org\/{rel}","templated":true}]}}