{"id":3674,"date":"2021-08-03T08:18:20","date_gmt":"2021-08-03T12:18:20","guid":{"rendered":"https:\/\/itsyourepilepsy.com\/?page_id=3674"},"modified":"2022-11-28T11:54:14","modified_gmt":"2022-11-28T16:54:14","slug":"cirugias","status":"publish","type":"page","link":"https:\/\/itsyourepilepsy.com\/es\/evaluaciones-y-opciones-de-tratamiento\/cirugias\/","title":{"rendered":"Cirug\u00edas"},"content":{"rendered":"<div class=\"gb-container gb-container-83152ee8\"><div class=\"gb-inside-container\">\n\n<p class=\"has-text-align-left\">Cualquier persona que tenga <strong>epilepsia resistente a los medicamentos<\/strong> debe someterse a una evaluaci\u00f3n para determinar si es candidata para cirug\u00eda. &nbsp;Cuando el equipo de especialistas ha confirmado la ubicaci\u00f3n de la zona afectada, los cirujanos cerebrales o neurocirujanos remueven o tratan dicha zona.<\/p>\n\n\n\n<p>Para m\u00e1s informaci\u00f3n y preguntas frequetes acerca de las Cirug\u00edas para Epilepsia, <a href=\"https:\/\/itsyourepilepsy.com\/wp-content\/uploads\/2022\/11\/Preguntas-Frecuentes-Acerca-de-las-Cirugias-para-Epilepsia_2022.pdf\" target=\"_blank\" rel=\"noreferrer noopener\">imprima este folleto.<\/a><\/p>\n\n\n<div class=\"gb-grid-wrapper gb-grid-wrapper-4a9d0d3b\">\n<div class=\"gb-grid-column gb-grid-column-589adc03\"><div class=\"gb-container gb-container-589adc03 covered\"><div class=\"gb-inside-container\">\n\n<figure class=\"wp-block-image alignwide size-full\"><img loading=\"lazy\" decoding=\"async\" width=\"1000\" height=\"749\" src=\"https:\/\/itsyourepilepsy.com\/wp-content\/uploads\/2021\/09\/surgeries-1.jpg\" alt=\"surgeries\" class=\"wp-image-1721\" srcset=\"https:\/\/itsyourepilepsy.com\/wp-content\/uploads\/2021\/09\/surgeries-1.jpg 1000w, https:\/\/itsyourepilepsy.com\/wp-content\/uploads\/2021\/09\/surgeries-1-300x225.jpg 300w, https:\/\/itsyourepilepsy.com\/wp-content\/uploads\/2021\/09\/surgeries-1-768x575.jpg 768w\" sizes=\"auto, (max-width: 1000px) 100vw, 1000px\" \/><\/figure>\n\n<\/div><\/div><\/div>\n\n<div class=\"gb-grid-column gb-grid-column-168404d0\"><div class=\"gb-container gb-container-168404d0\"><div class=\"gb-inside-container\">\n<a class=\"gb-container gb-container-ac1b1d63 shaover\" href=\"https:\/\/itsyourepilepsy.com\/es\/evaluaciones-y-opciones-de-tratamiento\/cirugias\/cirugias-minimamente-invasivas\/\"><div class=\"gb-inside-container\">\n<div class=\"gb-grid-wrapper gb-grid-wrapper-8d556c84\">\n<div class=\"gb-grid-column gb-grid-column-7ad5ea9b\"><div class=\"gb-container gb-container-7ad5ea9b vioyel\"><div class=\"gb-inside-container\">\n\n<div class=\"gb-headline gb-headline-42fca26b\"><span class=\"gb-icon\"><svg viewBox=\"0 0 62.425 64.006\" height=\"64.006\" width=\"62.425\" xmlns=\"http:\/\/www.w3.org\/2000\/svg\"><defs><style>.a{fill:#fff;}<\/style><\/defs><g transform=\"translate(78.489 -41.138) rotate(50)\"><g transform=\"translate(0 64)\"><path transform=\"translate(0 -64)\" d=\"M50.212,82.162H24.6L30.5,79.72a1.068,1.068,0,0,0-.818-1.974l-5.895,2.443,9.046-9.045a1.068,1.068,0,1,0-1.511-1.511l-9.045,9.044,2.441-5.9a1.068,1.068,0,1,0-1.974-.818L20.3,77.86V65.068a1.068,1.068,0,1,0-2.137,0V77.86l-2.441-5.9a1.068,1.068,0,0,0-1.974.818l2.441,5.9L7.143,69.633a1.068,1.068,0,1,0-1.511,1.511l9.046,9.045L8.783,77.746a1.068,1.068,0,0,0-.818,1.974l5.894,2.442H1.068a1.068,1.068,0,1,0,0,2.137h12.79L7.965,86.741a1.068,1.068,0,1,0,.818,1.974l5.895-2.443L5.632,95.317a1.068,1.068,0,1,0,1.511,1.511l9.045-9.044-2.441,5.9a1.068,1.068,0,1,0,1.974.818l2.441-5.9v12.792a1.068,1.068,0,0,0,2.137,0V88.6l2.441,5.9a1.068,1.068,0,0,0,1.974-.818l-2.441-5.9,9.045,9.044a1.068,1.068,0,0,0,1.511-1.511l-9.046-9.045,5.895,2.443a1.068,1.068,0,1,0,.818-1.974L24.6,84.3H50.213a1.068,1.068,0,1,0,0-2.137ZM19.23,85.367A2.108,2.108,0,0,0,21.039,84.3h1.2a3.205,3.205,0,1,1,0-2.137h-1.2a2.108,2.108,0,0,0-1.808-1.068,2.137,2.137,0,0,0,0,4.273Z\" class=\"a\"><\/path><\/g><\/g><\/svg><\/span><\/div>\n\n<\/div><\/div><\/div>\n\n<div class=\"gb-grid-column gb-grid-column-8e26a7f5\"><div class=\"gb-container gb-container-8e26a7f5\"><div class=\"gb-inside-container\">\n\n<h2 class=\"gb-headline gb-headline-eb8eebd6 gb-headline-text cent3\">Cirug\u00edas m\u00ednimamente invasivas<\/h2>\n\n<\/div><\/div><\/div>\n<\/div>\n<\/div><\/a>\n\n<a class=\"gb-container gb-container-bdb6c842 shaover\" href=\"https:\/\/itsyourepilepsy.com\/es\/evaluaciones-y-opciones-de-tratamiento\/cirugias\/cirugias-invasivas-o-resectivas\/\"><div class=\"gb-inside-container\">\n<div class=\"gb-grid-wrapper gb-grid-wrapper-d59ebab5\">\n<div class=\"gb-grid-column gb-grid-column-ac1c4549\"><div class=\"gb-container gb-container-ac1c4549 vioyel\"><div class=\"gb-inside-container\">\n\n<div class=\"gb-headline gb-headline-1aaf31ea\"><span class=\"gb-icon\"><svg viewBox=\"0 0 52.452 53.874\" height=\"53.874\" width=\"52.452\" xmlns=\"http:\/\/www.w3.org\/2000\/svg\"><defs><style>.a{fill:#fff;}<\/style><\/defs><g transform=\"translate(0 0)\"><path transform=\"translate(-2 -8.139)\" d=\"M20.8,54.223a1.1,1.1,0,0,0,.211-1.024l-.447-1.534,4.563-5.22,26.051-29.8a5.522,5.522,0,0,0-.052-7.071,3.994,3.994,0,0,0-6.181.059L16.474,42.2,2.256,58.466a1.1,1.1,0,0,0-.24.9.984.984,0,0,0,.514.73l1.581.775A11.085,11.085,0,0,0,17.587,57.9ZM46.181,11.048a2.7,2.7,0,0,1,1.1-.751,2.378,2.378,0,0,1,2.661.715,3.288,3.288,0,0,1,.637,3.041,3.08,3.08,0,0,1-.632,1.177L36.255,30.889l-3.709-4.243ZM31.309,28.06l3.709,4.24-1.237,1.414-3.708-4.242Zm-2.471,2.829,3.708,4.242L31.31,36.545,27.6,32.3Zm-2.474,2.828,3.709,4.242-1.235,1.415L25.13,35.131Zm-2.472,2.828L27.6,40.788,26.364,42.2l-3.709-4.24Zm-2.473,2.829,3.709,4.242-.854.978L18.71,42.473ZM4.8,59.029,4.4,58.836,17.328,44.054l1.854.707L12.764,52.1,14,53.514l6.8-7.778a1,1,0,0,0,.175-.3l1.919.732L18.95,50.681a1.1,1.1,0,0,0-.211,1.023l.446,1.535-2.831,3.239A9.5,9.5,0,0,1,4.8,59.029Z\" class=\"a\"><\/path><path transform=\"translate(-4.39 -8.139)\" d=\"M21,60h1.748v2H21Z\" class=\"a\"><\/path><path transform=\"translate(-4.893 -8.139)\" d=\"M25,60h1.748v2H25Z\" class=\"a\"><\/path><path transform=\"translate(-5.397 -8.139)\" d=\"M29,60h1.748v2H29Z\" class=\"a\"><\/path><path transform=\"translate(-5.9 -8.139)\" d=\"M33,60H58.352v2H33Z\" class=\"a\"><\/path><\/g><\/svg><\/span><\/div>\n\n<\/div><\/div><\/div>\n\n<div class=\"gb-grid-column gb-grid-column-f25a1e35\"><div class=\"gb-container gb-container-f25a1e35\"><div class=\"gb-inside-container\">\n\n<h2 class=\"gb-headline gb-headline-59a7a4af gb-headline-text cent3\">Cirug\u00edas invasivas o resectivas<\/h2>\n\n<\/div><\/div><\/div>\n<\/div>\n<\/div><\/a>\n\n<a class=\"gb-container gb-container-718a2902 shaover\" href=\"https:\/\/itsyourepilepsy.com\/es\/evaluaciones-y-opciones-de-tratamiento\/cirugias\/cirugias-de-neuroestimulacion\/\"><div class=\"gb-inside-container\">\n<div class=\"gb-grid-wrapper gb-grid-wrapper-6086f582\">\n<div class=\"gb-grid-column gb-grid-column-23de495f\"><div class=\"gb-container gb-container-23de495f vioyel\"><div class=\"gb-inside-container\">\n\n<div class=\"gb-headline gb-headline-dc53e5c7\"><span class=\"gb-icon\"><svg viewBox=\"0 0 48.216 53.662\" height=\"53.662\" width=\"48.216\" xmlns=\"http:\/\/www.w3.org\/2000\/svg\"><defs><style>.a{fill:#fff;stroke:#fff;}<\/style><\/defs><g transform=\"translate(-25.467 0.538)\"><g transform=\"translate(27.421 0.596)\"><g transform=\"translate(0)\"><g transform=\"translate(23.383)\"><ellipse ry=\"0.714\" rx=\"0.714\" cy=\"0.714\" cx=\"0.714\" class=\"a\"><\/ellipse><\/g><g transform=\"translate(0 37.669)\"><ellipse ry=\"0.714\" rx=\"0.714\" cy=\"0.714\" cx=\"0.714\" class=\"a\"><\/ellipse><\/g><\/g><\/g><path transform=\"translate(-314.229 -174.06)\" d=\"M380.033,201.981v-3.125a2.209,2.209,0,1,0-1.265,0v3.125a2.21,2.21,0,1,0,1.265,0Zm-1.577-5.239a.945.945,0,1,1,.945.944A.945.945,0,0,1,378.456,196.742Zm.945,8.3a.944.944,0,1,1,.945-.944A.945.945,0,0,1,379.4,205.039Z\" class=\"a\"><\/path><g transform=\"translate(26 0)\"><path transform=\"translate(-99.6 -178.029)\" d=\"M115.963,199.086a.633.633,0,0,0-.882.149c-1.726,2.426-5.91.756-5.952.739a.632.632,0,0,0-.48,1.169,10.081,10.081,0,0,0,3.457.678,6.111,6.111,0,0,0,1.616-.2,2.6,2.6,0,0,1-2.473,2.012.632.632,0,0,0,0,1.264,3.944,3.944,0,0,0,3.86-3.923,4.194,4.194,0,0,0,1-1A.632.632,0,0,0,115.963,199.086Z\" class=\"a\"><\/path><g transform=\"translate(7.604 34.082)\"><ellipse ry=\"0.842\" rx=\"0.843\" cy=\"0.842\" cx=\"0.843\" class=\"a\"><\/ellipse><\/g><g transform=\"translate(15.486 15.454)\"><ellipse ry=\"0.842\" rx=\"0.843\" cy=\"0.842\" cx=\"0.843\" class=\"a\"><\/ellipse><\/g><g transform=\"translate(14.727 29.579)\"><path transform=\"translate(-165.927 -281.043)\" d=\"M166.557,284.552a.637.637,0,0,1-.54-.959c.068-.113,1.706-2.754,4.551-2.537a.632.632,0,1,1-.1,1.26c-2.08-.16-3.359,1.91-3.372,1.931a.632.632,0,0,1-.541.3Z\" class=\"a\"><\/path><\/g><g transform=\"translate(0)\"><path transform=\"translate(-26 0)\" d=\"M72.941,21.007c-.621-3.354-2.511-6.1-4.882-7.16a8.2,8.2,0,0,0-7.092-8.66A11.6,11.6,0,0,0,55.8.531a.632.632,0,1,0-.52,1.152A10.436,10.436,0,0,1,60.041,6.1a.633.633,0,0,0,.5.313,6.929,6.929,0,0,1,6.216,7.765.632.632,0,0,0,.422.677c2.131.732,3.947,3.3,4.519,6.38.533,2.877-.111,5.7-1.641,7.18a.632.632,0,0,0-.046.857,8.038,8.038,0,0,1,1.7,3.677c.574,3.1-.677,6.122-3.043,7.347a.632.632,0,0,0-.34.6c.2,2.924-2.3,5.6-5.815,6.226a.633.633,0,0,0-.469.37,6.817,6.817,0,0,1-5.2,3.725,6.968,6.968,0,0,1-6.6-2.231h0V41.815H55.1v2.354a2.209,2.209,0,1,0,1.265,0V41.183a.632.632,0,0,0-.632-.632H53.3V37.53h5.648a2.208,2.208,0,1,0,0-1.264H52.664a.632.632,0,0,0-.632.632v3.652H50.237v-10.4H51.6V31.9a.632.632,0,0,0,1.265,0V30.155h2.009a.632.632,0,0,0,.632-.632V28.461h1.812a.632.632,0,1,0,0-1.264H55.506V25.52h1.812a.632.632,0,1,0,0-1.264H55.506V23.195a.632.632,0,0,0-.632-.632H52.865v-1.9a.632.632,0,0,0-1.265,0v1.9H50.237v-10.4h1.794v3.652a.632.632,0,0,0,.632.632h6.281a2.208,2.208,0,1,0,0-1.264H53.3v-3.02h2.439a.632.632,0,0,0,.632-.632V8.549a2.209,2.209,0,1,0-1.265,0V10.9H50.237V4.629A4.827,4.827,0,0,0,43.4.426a11.627,11.627,0,0,0-5.182,4.668A8.22,8.22,0,0,0,31.1,13.776c-2.377,1.061-4.271,3.815-4.894,7.177a9.655,9.655,0,0,0,1.619,7.92A9.388,9.388,0,0,0,26.2,32.7a9.209,9.209,0,0,0,.054,3.711.632.632,0,0,0,1.234-.276,7.955,7.955,0,0,1-.045-3.2,8.092,8.092,0,0,1,1.544-3.486,3.651,3.651,0,0,1,4.084,3.149.633.633,0,0,0,1.248-.2,4.6,4.6,0,0,0-3.209-3.929,6.274,6.274,0,0,0-2.2-.276c-1.394-1.533-1.964-4.238-1.453-7a10.844,10.844,0,0,1,.953-2.865,2.182,2.182,0,0,1,1.1,2.566.633.633,0,0,0,1.221.33,3.438,3.438,0,0,0-1.68-3.987,6.138,6.138,0,0,1,2.939-2.441.632.632,0,0,0,.422-.677,6.95,6.95,0,0,1,6.068-7.77,4.139,4.139,0,0,1,2.212,4.406.633.633,0,0,0,1.257.142,5.447,5.447,0,0,0-2.458-5.437,10.534,10.534,0,0,1,3.289-3.264,3.6,3.6,0,0,0,.971,2.578.632.632,0,0,0,.917-.87,2.534,2.534,0,0,1-.55-2.3.635.635,0,0,0,.02-.1,3.654,3.654,0,0,1,3.279.355,3.283,3.283,0,0,1,1.56,2.786v9.848a4.158,4.158,0,0,0-4.825.054.632.632,0,1,0,.682,1.065,3.091,3.091,0,0,1,4.143.511V39.7a3.088,3.088,0,0,1-3.362-2.011.632.632,0,0,0-1.223.323,4.3,4.3,0,0,0,4.382,2.956c.067,0,.135,0,.2,0v8.046a6.763,6.763,0,0,1-5.523,2.344,2.072,2.072,0,0,1,1.916-1.83.632.632,0,1,0-.094-1.26,3.345,3.345,0,0,0-3.084,2.955A6.851,6.851,0,0,1,37.2,47.662a4.437,4.437,0,0,1,3.779-3.952.632.632,0,1,0-.16-1.254A5.608,5.608,0,0,0,36.033,47c-3.028-.786-5.228-3.2-5.211-5.817a.632.632,0,0,0-.628-.636h0a.632.632,0,0,0-.632.628c-.022,3.368,2.718,6.328,6.56,7.144a8.193,8.193,0,0,0,6.025,4.17,9.445,9.445,0,0,0,1.563.131,8,8,0,0,0,5.908-2.418A7.986,7.986,0,0,0,55.489,52.6a9.433,9.433,0,0,0,1.559-.131,8.174,8.174,0,0,0,6.011-4.16c3.821-.813,6.545-3.773,6.544-7.086a8.121,8.121,0,0,0,3.351-8.5,9.37,9.37,0,0,0-1.627-3.814,9.635,9.635,0,0,0,1.614-7.9ZM56.679,46.283a.945.945,0,1,1-.945-.944A.945.945,0,0,1,56.679,46.283ZM61.06,35.955a.944.944,0,1,1-.945.944A.945.945,0,0,1,61.06,35.955Zm0-21.079a.944.944,0,1,1-.945.944A.945.945,0,0,1,61.06,14.875ZM54.79,6.434a.945.945,0,1,1,.945.944A.945.945,0,0,1,54.79,6.434ZM50.237,23.827h4v5.064h-4Z\" class=\"a\"><\/path><\/g><\/g><\/g><\/svg><\/span><\/div>\n\n<\/div><\/div><\/div>\n\n<div class=\"gb-grid-column gb-grid-column-df34c8d9\"><div class=\"gb-container gb-container-df34c8d9\"><div class=\"gb-inside-container\">\n\n<h2 class=\"gb-headline gb-headline-99553f04 gb-headline-text cent3\">Cirug\u00edas de neuroestimulaci\u00f3n<\/h2>\n\n<\/div><\/div><\/div>\n<\/div>\n<\/div><\/a>\n<\/div><\/div><\/div>\n<\/div>\n<\/div><\/div>\n\n<div class=\"gb-container gb-container-ac36e199\"><div class=\"gb-inside-container\">\n\n<p>Los riesgos y beneficios de las cirug\u00edas, as\u00ed como las posibilidades de controlar total o parcialmente las convulsiones, deben discutirse con los m\u00e9dicos y sus familiares. La variedad e intensidad de los posibles efectos secundarios tambi\u00e9n cambian de persona a persona debido a muchos factores, como el tipo de cirug\u00eda, las \u00e1reas del cerebro afectadas por las convulsiones, el tipo de convulsiones, los tratamientos previos y la salud general de la persona.<\/p>\n\n\n\n<div style=\"height:10px\" aria-hidden=\"true\" class=\"wp-block-spacer\"><\/div>\n\n\n\n<hr class=\"wp-block-separator has-text-color has-css-opacity has-background\" style=\"background-color:#f7bb54;color:#f7bb54\"\/>\n\n\n\n<div style=\"height:40px\" aria-hidden=\"true\" class=\"wp-block-spacer\"><\/div>\n\n\n<div class=\"gb-grid-wrapper gb-grid-wrapper-31405960\">\n<div class=\"gb-grid-column gb-grid-column-71e7b695\"><div class=\"gb-container gb-container-71e7b695\"><div class=\"gb-inside-container\">\n<div id=\"related-block_45909aee179d7d50e8b53cb07824b382\" class=\"related\">\n\t<div class=\"related-container\">\n    <div class=\"related-image\">\n\t\t<a href=\"https:\/\/itsyourepilepsy.com\/es\/specialized-epilepsy-centers\/\" title=\"Specialized Epilepsy Centers\">\n        <img loading=\"lazy\" decoding=\"async\" width=\"1024\" height=\"683\" src=\"https:\/\/itsyourepilepsy.com\/wp-content\/uploads\/2022\/02\/Epilepsy-Centers-1024x683.png\" class=\"attachment-large size-large wp-post-image\" alt=\"Epilepsy Centers\" srcset=\"https:\/\/itsyourepilepsy.com\/wp-content\/uploads\/2022\/02\/Epilepsy-Centers-1024x683.png 1024w, https:\/\/itsyourepilepsy.com\/wp-content\/uploads\/2022\/02\/Epilepsy-Centers-300x200.png 300w, https:\/\/itsyourepilepsy.com\/wp-content\/uploads\/2022\/02\/Epilepsy-Centers-768x512.png 768w, https:\/\/itsyourepilepsy.com\/wp-content\/uploads\/2022\/02\/Epilepsy-Centers.png 1200w\" sizes=\"auto, (max-width: 1024px) 100vw, 1024px\" \/>    <\/a>\n    <\/div>\n    <div class=\"related-content\">\n\t\t\n        <h3 class=\"related-title\">\n\t\t\t\t\t\t<a href=\"https:\/\/itsyourepilepsy.com\/es\/specialized-epilepsy-centers\/\" title=\"Specialized Epilepsy Centers\">Specialized Epilepsy Centers<\/a>\n\t\t<\/h3>\n\t\t<div class=\"related-meta\">\n\t\t\t<span class=\"entry-meta\">02.04.2022<\/span>\n\t\t\t<span class=\"entry-meta cat-links epilepsy care\"><a href=\"https:\/\/itsyourepilepsy.com\/category\/epilepsy-care\/\" rel=\"category tag\">Epilepsy Care<\/a><\/span>\t\t<\/div>\n        <p>\nEpilepsy centers are specialized institutions with adequate resources to&#8230;<\/p>\t\n\t\t\n    <\/div>\n\t\t<div class=\"related-footer\">\n\t\t\t<a href=\"https:\/\/itsyourepilepsy.com\/es\/specialized-epilepsy-centers\/\" title=\"Specialized Epilepsy Centers\">\t\n\t\t\t\t<svg   viewBox=\"0 0 32 32\"><path d=\"M19.414 27.414l10-10c0.781-0.781 0.781-2.047 0-2.828l-10-10c-0.781-0.781-2.047-0.781-2.828 0s-0.781 2.047 0 2.828l6.586 6.586h-19.172c-1.105 0-2 0.895-2 2s0.895 2 2 2h19.172l-6.586 6.586c-0.39 0.39-0.586 0.902-0.586 1.414s0.195 1.024 0.586 1.414c0.781 0.781 2.047 0.781 2.828 0z\"><\/path><\/svg>\n\t\t\t<\/a>\n\t\t<\/div>\n\t<\/div>\n<\/div>\n<\/div><\/div><\/div>\n\n<div class=\"gb-grid-column gb-grid-column-a861009d\"><div class=\"gb-container gb-container-a861009d\"><div class=\"gb-inside-container\">\n<div id=\"related-block_0b9e6c5eec0189bb00d2cd0ebd06eead\" class=\"related\">\n\t<div class=\"related-container\">\n    <div class=\"related-image\">\n\t\t<a href=\"https:\/\/itsyourepilepsy.com\/es\/yoga\/\" title=\"Yoga\">\n        <img loading=\"lazy\" decoding=\"async\" width=\"1024\" height=\"683\" src=\"https:\/\/itsyourepilepsy.com\/wp-content\/uploads\/2021\/09\/Yoga-1024x683.jpg\" class=\"attachment-large size-large wp-post-image\" alt=\"\" srcset=\"https:\/\/itsyourepilepsy.com\/wp-content\/uploads\/2021\/09\/Yoga-1024x683.jpg 1024w, https:\/\/itsyourepilepsy.com\/wp-content\/uploads\/2021\/09\/Yoga-300x200.jpg 300w, https:\/\/itsyourepilepsy.com\/wp-content\/uploads\/2021\/09\/Yoga-768x512.jpg 768w, https:\/\/itsyourepilepsy.com\/wp-content\/uploads\/2021\/09\/Yoga.jpg 1200w\" sizes=\"auto, (max-width: 1024px) 100vw, 1024px\" \/>    <\/a>\n    <\/div>\n    <div class=\"related-content\">\n\t\t\n        <h3 class=\"related-title\">\n\t\t\t\t\t\t<a href=\"https:\/\/itsyourepilepsy.com\/es\/yoga\/\" title=\"Yoga\">Yoga<\/a>\n\t\t<\/h3>\n\t\t<div class=\"related-meta\">\n\t\t\t<span class=\"entry-meta\">09.08.2021<\/span>\n\t\t\t<span class=\"entry-meta cat-links terapias alternativas\"><a href=\"https:\/\/itsyourepilepsy.com\/es\/category\/terapias-alternativas\/\" rel=\"category tag\">Terapias Alternativas<\/a><\/span>\t\t<\/div>\n        <p>El yoga es un tipo de actividad f\u00edsica que incluye secuencias de posturas y&#8230;<\/p>\t\n\t\t\n    <\/div>\n\t\t<div class=\"related-footer\">\n\t\t\t<a href=\"https:\/\/itsyourepilepsy.com\/es\/yoga\/\" title=\"Yoga\">\t\n\t\t\t\t<svg   viewBox=\"0 0 32 32\"><path d=\"M19.414 27.414l10-10c0.781-0.781 0.781-2.047 0-2.828l-10-10c-0.781-0.781-2.047-0.781-2.828 0s-0.781 2.047 0 2.828l6.586 6.586h-19.172c-1.105 0-2 0.895-2 2s0.895 2 2 2h19.172l-6.586 6.586c-0.39 0.39-0.586 0.902-0.586 1.414s0.195 1.024 0.586 1.414c0.781 0.781 2.047 0.781 2.828 0z\"><\/path><\/svg>\n\t\t\t<\/a>\n\t\t<\/div>\n\t<\/div>\n<\/div>\n<\/div><\/div><\/div>\n\n<div class=\"gb-grid-column gb-grid-column-004dfc4c\"><div class=\"gb-container gb-container-004dfc4c\"><div class=\"gb-inside-container\">\n<div id=\"related-block_2c0dc048ce06e6e275317cf6c536dae7\" class=\"related\">\n\t<div class=\"related-container\">\n    <div class=\"related-image\">\n\t\t<a href=\"https:\/\/itsyourepilepsy.com\/es\/maximizing-safety-and-independence-at-home\/\" title=\"Maximizing Safety and Independence at Home\">\n        <img loading=\"lazy\" decoding=\"async\" width=\"1024\" height=\"683\" src=\"https:\/\/itsyourepilepsy.com\/wp-content\/uploads\/2022\/03\/Session1-Devices-Epilepsy-2-1024x683.png\" class=\"attachment-large size-large wp-post-image\" alt=\"Man cooking\" srcset=\"https:\/\/itsyourepilepsy.com\/wp-content\/uploads\/2022\/03\/Session1-Devices-Epilepsy-2-1024x683.png 1024w, https:\/\/itsyourepilepsy.com\/wp-content\/uploads\/2022\/03\/Session1-Devices-Epilepsy-2-300x200.png 300w, https:\/\/itsyourepilepsy.com\/wp-content\/uploads\/2022\/03\/Session1-Devices-Epilepsy-2-768x512.png 768w, https:\/\/itsyourepilepsy.com\/wp-content\/uploads\/2022\/03\/Session1-Devices-Epilepsy-2.png 1200w\" sizes=\"auto, (max-width: 1024px) 100vw, 1024px\" \/>    <\/a>\n    <\/div>\n    <div class=\"related-content\">\n\t\t\n        <h3 class=\"related-title\">\n\t\t\t\t\t\t<a href=\"https:\/\/itsyourepilepsy.com\/es\/maximizing-safety-and-independence-at-home\/\" title=\"Maximizing Safety and Independence at Home\">Maximizing Safety and Independence at Home<\/a>\n\t\t<\/h3>\n\t\t<div class=\"related-meta\">\n\t\t\t<span class=\"entry-meta\">03.16.2022<\/span>\n\t\t\t<span class=\"entry-meta cat-links resources\"><a href=\"https:\/\/itsyourepilepsy.com\/category\/resources\/\" rel=\"category tag\">Resources<\/a><\/span>\t\t<\/div>\n        <p>Session 1 Key Takeaways from webinar series on Safety Devices for Epilepsy.<\/p>\n\t\n\t\t\n    <\/div>\n\t\t<div class=\"related-footer\">\n\t\t\t<a href=\"https:\/\/itsyourepilepsy.com\/es\/maximizing-safety-and-independence-at-home\/\" title=\"Maximizing Safety and Independence at Home\">\t\n\t\t\t\t<svg   viewBox=\"0 0 32 32\"><path d=\"M19.414 27.414l10-10c0.781-0.781 0.781-2.047 0-2.828l-10-10c-0.781-0.781-2.047-0.781-2.828 0s-0.781 2.047 0 2.828l6.586 6.586h-19.172c-1.105 0-2 0.895-2 2s0.895 2 2 2h19.172l-6.586 6.586c-0.39 0.39-0.586 0.902-0.586 1.414s0.195 1.024 0.586 1.414c0.781 0.781 2.047 0.781 2.828 0z\"><\/path><\/svg>\n\t\t\t<\/a>\n\t\t<\/div>\n\t<\/div>\n<\/div>\n<\/div><\/div><\/div>\n<\/div>\n<\/div><\/div>","protected":false},"excerpt":{"rendered":"<p>Cualquier persona que tenga epilepsia resistente a los medicamentos debe someterse a una evaluaci\u00f3n para determinar si es candidata para &#8230; <a title=\"Cirug\u00edas\" class=\"read-more\" href=\"https:\/\/itsyourepilepsy.com\/es\/evaluaciones-y-opciones-de-tratamiento\/cirugias\/\" aria-label=\"Leer m\u00e1s sobre Cirug\u00edas\">Leer m\u00e1s<\/a><\/p>\n","protected":false},"author":13,"featured_media":0,"parent":3629,"menu_order":0,"comment_status":"closed","ping_status":"closed","template":"","meta":{"_acf_changed":false,"footnotes":""},"class_list":["post-3674","page","type-page","status-publish"],"acf":[],"_links":{"self":[{"href":"https:\/\/itsyourepilepsy.com\/es\/wp-json\/wp\/v2\/pages\/3674","targetHints":{"allow":["GET"]}}],"collection":[{"href":"https:\/\/itsyourepilepsy.com\/es\/wp-json\/wp\/v2\/pages"}],"about":[{"href":"https:\/\/itsyourepilepsy.com\/es\/wp-json\/wp\/v2\/types\/page"}],"author":[{"embeddable":true,"href":"https:\/\/itsyourepilepsy.com\/es\/wp-json\/wp\/v2\/users\/13"}],"replies":[{"embeddable":true,"href":"https:\/\/itsyourepilepsy.com\/es\/wp-json\/wp\/v2\/comments?post=3674"}],"version-history":[{"count":0,"href":"https:\/\/itsyourepilepsy.com\/es\/wp-json\/wp\/v2\/pages\/3674\/revisions"}],"up":[{"embeddable":true,"href":"https:\/\/itsyourepilepsy.com\/es\/wp-json\/wp\/v2\/pages\/3629"}],"wp:attachment":[{"href":"https:\/\/itsyourepilepsy.com\/es\/wp-json\/wp\/v2\/media?parent=3674"}],"curies":[{"name":"wp","href":"https:\/\/api.w.org\/{rel}","templated":true}]}}