{"id":3669,"date":"2021-08-03T08:10:40","date_gmt":"2021-08-03T12:10:40","guid":{"rendered":"https:\/\/itsyourepilepsy.com\/?page_id=3669"},"modified":"2022-10-20T11:31:33","modified_gmt":"2022-10-20T15:31:33","slug":"socios-comunitarios","status":"publish","type":"page","link":"https:\/\/itsyourepilepsy.com\/es\/socios-comunitarios\/","title":{"rendered":"Socios Comunitarios"},"content":{"rendered":"<div class=\"gb-container gb-container-88f3f4a7\"><div class=\"gb-inside-container\">\n\n<p class=\"has-text-align-center\">Queremos compartir con usted recursos de confianza. Esperamos que sean para su beneficio. <br>Si quiere recomendar un recurso para la comunidad, env\u00edenos un correo electr\u00f3nico a info@itsyourepilepsy.com.<br><br>Tenga en cuenta que al visitar cualquiera de estas p\u00e1ginas, saldr\u00e1 de nuestro sitio web ItsYourEpilepsy.com.<\/p>\n\n<\/div><\/div>\n\n<div class=\"gb-container gb-container-e6886e83\"><div class=\"gb-inside-container\">\n<!-- Gridbuilder \u1d42\u1d3e Plugin (https:\/\/wpgridbuilder.com) -->\n<div class=\"wp-grid-builder wpgb-grid-3 resources\" data-options=\"{&quot;id&quot;:3,&quot;type&quot;:&quot;masonry&quot;,&quot;source&quot;:&quot;post_type&quot;,&quot;loader&quot;:0,&quot;layout&quot;:&quot;vertical&quot;,&quot;reveal&quot;:0,&quot;isMainQuery&quot;:false,&quot;lazyLoad&quot;:0,&quot;cardSizes&quot;:{&quot;9999&quot;:{&quot;columns&quot;:3,&quot;height&quot;:240,&quot;gutter&quot;:60,&quot;ratio&quot;:&quot;1.33333&quot;},&quot;1200&quot;:{&quot;columns&quot;:3,&quot;height&quot;:240,&quot;gutter&quot;:60,&quot;ratio&quot;:&quot;1.33333&quot;},&quot;992&quot;:{&quot;columns&quot;:2,&quot;height&quot;:220,&quot;gutter&quot;:60,&quot;ratio&quot;:&quot;1.33333&quot;},&quot;768&quot;:{&quot;columns&quot;:2,&quot;height&quot;:220,&quot;gutter&quot;:60,&quot;ratio&quot;:&quot;1.33333&quot;},&quot;576&quot;:{&quot;columns&quot;:1,&quot;height&quot;:200,&quot;gutter&quot;:60,&quot;ratio&quot;:&quot;1.33333&quot;},&quot;320&quot;:{&quot;columns&quot;:1,&quot;height&quot;:200,&quot;gutter&quot;:60,&quot;ratio&quot;:&quot;1.33333&quot;}},&quot;fitRows&quot;:0,&quot;equalRows&quot;:0,&quot;equalColumns&quot;:0,&quot;fillLastRow&quot;:0,&quot;centerLastRow&quot;:0,&quot;horizontalOrder&quot;:0,&quot;fullWidth&quot;:0,&quot;transitionDelay&quot;:100,&quot;gallerySlideshow&quot;:0,&quot;rowsNumber&quot;:1,&quot;slideAlign&quot;:&quot;left&quot;,&quot;groupCells&quot;:1,&quot;draggable&quot;:1,&quot;initialIndex&quot;:0,&quot;contain&quot;:0,&quot;freeScroll&quot;:0,&quot;freeFriction&quot;:&quot;0.075&quot;,&quot;friction&quot;:&quot;0.285&quot;,&quot;attraction&quot;:&quot;0.025&quot;,&quot;autoPlay&quot;:0,&quot;pageDotAriaLabel&quot;:&quot;Page dot %d&quot;,&quot;isPreview&quot;:false,&quot;isGutenberg&quot;:false,&quot;rightToLeft&quot;:false}\"><div class=\"wpgb-svg-icons\" hidden>\n\t<svg viewBox=\"0 0 120 24\" width=\"0\" height=\"0\">\n\t<defs>\n        <polygon id=\"wpgb-star-svg\" points=\"12 2.5 15.1 8.8 22 9.8 17 14.6 18.2 21.5 12 18.3 5.8 21.5 7 14.6 2 9.8 8.9 8.8\"><\/polygon>\n    <\/defs>\n    <symbol id=\"wpgb-rating-stars-svg\">\n        <use xlink:href=\"#wpgb-star-svg\"><\/use>\n        <use xlink:href=\"#wpgb-star-svg\" x=\"24\"><\/use>\n        <use xlink:href=\"#wpgb-star-svg\" x=\"48\"><\/use>\n        <use xlink:href=\"#wpgb-star-svg\" x=\"72\"><\/use>\n        <use xlink:href=\"#wpgb-star-svg\" x=\"96\"><\/use>\n    <\/symbol>\n<\/svg>\n<\/div>\n<div class=\"wpgb-wrapper\">\n\t<div class=\"wpgb-main\">\n\t<div class=\"wpgb-layout\">\n\t<div class=\"wpgb-viewport\">\n\t\t<div class=\"wpgb-masonry\">\n\t\t\t<article class=\"wpgb-card wpgb-card-22 wpgb-post-251\" data-col=\"1\" data-row=\"1\" data-format=\"standard\"><div class=\"wpgb-card-wrapper\"><div class=\"wpgb-card-inner\"><div class=\"wpgb-card-media wpgb-scheme-light\"><svg data-ratio style=\"padding-top:44.68%\" viewBox=\"0 0 235 105\" aria-hidden=\"true\"><\/svg><div class=\"wpgb-card-media-thumbnail\"><a href=\"https:\/\/itsyourepilepsy.com\/wp-content\/uploads\/2021\/08\/EF_Primary_Logo.jpg\" tabindex=\"-1\" class=\"wpgb-handle-lb wpgb-lightbox\" data-type=\"image\" data-rel=\"3\" data-title=\"EF_Primary_Logo\" title=\"Enlarge photo\"><div style=\"background-image:url(https:\/\/itsyourepilepsy.com\/wp-content\/uploads\/2021\/08\/EF_Primary_Logo.jpg)\"><\/div><noscript><img loading=\"lazy\" decoding=\"async\" class=\"wpgb-noscript-img\" src=\"https:\/\/itsyourepilepsy.com\/wp-content\/uploads\/2021\/08\/EF_Primary_Logo.jpg\" alt=\"EF logo\" height=\"105\" width=\"235\"><\/noscript><\/a><\/div><\/div><div class=\"wpgb-card-content wpgb-scheme-dark\"><div class=\"wpgb-card-body\"><h3 class=\"wpgb-block-3 wpgb-idle-scheme-1 wpgb-hover-scheme-1\">Epilepsy Foundation<\/h3><div class=\"wpgb-block-4 wpgb-idle-scheme-1\"><p><\/p>\n<p>US national foundation dedicated to the welfare of people living with epilepsy and seizure disorders.<\/p>\n<p><\/p><\/div><a class=\"wpgb-block-2 external\" target=\"_blank\" aria-label=\"External\" rel=\"external noopener noreferrer nofollow\" href=\"https:\/\/www.epilepsy.com\/\"><svg><use xlink:href=\"https:\/\/itsyourepilepsy.com\/wp-content\/plugins\/wp-grid-builder\/public\/svg\/arrows\/tail-right.svg#wpgb-icon\"\/><\/svg><\/a><\/div><\/div><\/div><\/div><\/article><article class=\"wpgb-card wpgb-card-22 wpgb-post-392\" data-col=\"1\" data-row=\"1\" data-format=\"standard\"><div class=\"wpgb-card-wrapper\"><div class=\"wpgb-card-inner\"><div class=\"wpgb-card-media wpgb-scheme-light\"><svg data-ratio style=\"padding-top:53.2%\" viewBox=\"0 0 250 133\" aria-hidden=\"true\"><\/svg><div class=\"wpgb-card-media-thumbnail\"><a href=\"https:\/\/itsyourepilepsy.com\/wp-content\/uploads\/2021\/08\/EFEPA.jpg\" tabindex=\"-1\" class=\"wpgb-handle-lb wpgb-lightbox\" data-type=\"image\" data-rel=\"3\" data-title=\"EFEPA\" title=\"Enlarge photo\"><div style=\"background-image:url(https:\/\/itsyourepilepsy.com\/wp-content\/uploads\/2021\/08\/EFEPA.jpg)\"><\/div><noscript><img loading=\"lazy\" decoding=\"async\" class=\"wpgb-noscript-img\" src=\"https:\/\/itsyourepilepsy.com\/wp-content\/uploads\/2021\/08\/EFEPA.jpg\" alt=\"EFEPA\" height=\"133\" width=\"250\"><\/noscript><\/a><\/div><\/div><div class=\"wpgb-card-content wpgb-scheme-dark\"><div class=\"wpgb-card-body\"><h3 class=\"wpgb-block-3 wpgb-idle-scheme-1 wpgb-hover-scheme-1\">Epilepsy Foundation Chapters\/ local Epilepsy Foundations<\/h3><div class=\"wpgb-block-4 wpgb-idle-scheme-1\"><p><\/p>\n<p>Find your local Epilepsy Foundation or chapter and connect to the epilepsy community near you!<\/p>\n<p><\/p><\/div><a class=\"wpgb-block-2 external\" target=\"_blank\" aria-label=\"External\" rel=\"external noopener noreferrer nofollow\" href=\"https:\/\/www.epilepsy.com\/affiliates?field_affiliate_address_administrative_area=PA&#038;field_affiliate_zips_value=\"><svg><use xlink:href=\"https:\/\/itsyourepilepsy.com\/wp-content\/plugins\/wp-grid-builder\/public\/svg\/arrows\/tail-right.svg#wpgb-icon\"\/><\/svg><\/a><\/div><\/div><\/div><\/div><\/article><article class=\"wpgb-card wpgb-card-22 wpgb-post-393\" data-col=\"1\" data-row=\"1\" data-format=\"standard\"><div class=\"wpgb-card-wrapper\"><div class=\"wpgb-card-inner\"><div class=\"wpgb-card-content wpgb-scheme-dark\"><div class=\"wpgb-card-body\"><h3 class=\"wpgb-block-3 wpgb-idle-scheme-1 wpgb-hover-scheme-1\">USNEWs Find a physician<\/h3><div class=\"wpgb-block-4 wpgb-idle-scheme-1\"><p>An online\u00a0 tool to help you find a physician near you. Browse the description and book an appointment!<\/p><\/div><a class=\"wpgb-block-2 external\" target=\"_blank\" aria-label=\"External\" rel=\"external noopener noreferrer nofollow\" href=\"https:\/\/health.usnews.com\/doctors\"><svg><use xlink:href=\"https:\/\/itsyourepilepsy.com\/wp-content\/plugins\/wp-grid-builder\/public\/svg\/arrows\/tail-right.svg#wpgb-icon\"\/><\/svg><\/a><\/div><\/div><\/div><\/div><\/article><article class=\"wpgb-card wpgb-card-22 wpgb-post-580\" data-col=\"1\" data-row=\"1\" data-format=\"standard\"><div class=\"wpgb-card-wrapper\"><div class=\"wpgb-card-inner\"><div class=\"wpgb-card-media wpgb-scheme-light\"><svg data-ratio style=\"padding-top:22.32%\" viewBox=\"0 0 475 106\" aria-hidden=\"true\"><\/svg><div class=\"wpgb-card-media-thumbnail\"><a href=\"https:\/\/itsyourepilepsy.com\/wp-content\/uploads\/2021\/08\/ILAE.jpg\" tabindex=\"-1\" class=\"wpgb-handle-lb wpgb-lightbox\" data-type=\"image\" data-rel=\"3\" data-title=\"ILAE\" title=\"Enlarge photo\"><div style=\"background-image:url(https:\/\/itsyourepilepsy.com\/wp-content\/uploads\/2021\/08\/ILAE.jpg)\"><\/div><noscript><img loading=\"lazy\" decoding=\"async\" class=\"wpgb-noscript-img\" src=\"https:\/\/itsyourepilepsy.com\/wp-content\/uploads\/2021\/08\/ILAE.jpg\" alt=\"ILAE\" height=\"106\" width=\"475\"><\/noscript><\/a><\/div><\/div><div class=\"wpgb-card-content wpgb-scheme-dark\"><div class=\"wpgb-card-body\"><h3 class=\"wpgb-block-3 wpgb-idle-scheme-1 wpgb-hover-scheme-1\">International League Against Epilepsy<\/h3><div class=\"wpgb-block-4 wpgb-idle-scheme-1\"><p>Find the latest original research findings and breakthroughs in the cure for epilepsy and related seizure.<\/p><\/div><a class=\"wpgb-block-2 external\" target=\"_blank\" aria-label=\"External\" rel=\"external noopener noreferrer nofollow\" href=\"https:\/\/www.ilae.org\/\"><svg><use xlink:href=\"https:\/\/itsyourepilepsy.com\/wp-content\/plugins\/wp-grid-builder\/public\/svg\/arrows\/tail-right.svg#wpgb-icon\"\/><\/svg><\/a><\/div><\/div><\/div><\/div><\/article><article class=\"wpgb-card wpgb-card-22 wpgb-post-3087\" data-col=\"1\" data-row=\"1\" data-format=\"standard\"><div class=\"wpgb-card-wrapper\"><div class=\"wpgb-card-inner\"><div class=\"wpgb-card-media wpgb-scheme-light\"><svg data-ratio style=\"padding-top:45.96%\" viewBox=\"0 0 768 353\" aria-hidden=\"true\"><\/svg><div class=\"wpgb-card-media-thumbnail\"><a href=\"https:\/\/itsyourepilepsy.com\/wp-content\/uploads\/2022\/12\/Brain-Recovery-new-logo-e1671715017589.jpg\" tabindex=\"-1\" class=\"wpgb-handle-lb wpgb-lightbox\" data-type=\"image\" data-rel=\"3\" data-title=\"Brain Recovery new logo\" title=\"Enlarge photo\"><div style=\"background-image:url(https:\/\/itsyourepilepsy.com\/wp-content\/uploads\/2022\/12\/Brain-Recovery-new-logo-768x353.jpg)\"><\/div><noscript><img loading=\"lazy\" decoding=\"async\" class=\"wpgb-noscript-img\" src=\"https:\/\/itsyourepilepsy.com\/wp-content\/uploads\/2022\/12\/Brain-Recovery-new-logo-768x353.jpg\" alt=\"\" height=\"353\" width=\"768\"><\/noscript><\/a><\/div><\/div><div class=\"wpgb-card-content wpgb-scheme-dark\"><div class=\"wpgb-card-body\"><h3 class=\"wpgb-block-3 wpgb-idle-scheme-1 wpgb-hover-scheme-1\">Pediatric Epilepsy Surgery Alliance<\/h3><div class=\"wpgb-block-4 wpgb-idle-scheme-1\"><p>The Brain Recovery Project dba Pediatric Epilepsy Surgery Alliance is a 501(c)3 nonprofit corporation that enhances the lives of children who need neurosurgery to treat medication-resistant epilepsy. They empower their families with research, support services, and impactful programs before, during, and after surgery.<\/p><\/div><a class=\"wpgb-block-2 external\" target=\"_blank\" aria-label=\"External\" rel=\"external noopener noreferrer nofollow\" href=\"https:\/\/epilepsysurgeryalliance.org\/\"><svg><use xlink:href=\"https:\/\/itsyourepilepsy.com\/wp-content\/plugins\/wp-grid-builder\/public\/svg\/arrows\/tail-right.svg#wpgb-icon\"\/><\/svg><\/a><\/div><\/div><\/div><\/div><\/article><article class=\"wpgb-card wpgb-card-22 wpgb-post-3383\" data-col=\"1\" data-row=\"1\" data-format=\"standard\"><div class=\"wpgb-card-wrapper\"><div class=\"wpgb-card-inner\"><div class=\"wpgb-card-media wpgb-scheme-light\"><svg data-ratio style=\"padding-top:33.2%\" viewBox=\"0 0 768 255\" aria-hidden=\"true\"><\/svg><div class=\"wpgb-card-media-thumbnail\"><a href=\"https:\/\/itsyourepilepsy.com\/wp-content\/uploads\/2022\/07\/CHF-LOGO-scaled.jpg\" tabindex=\"-1\" class=\"wpgb-handle-lb wpgb-lightbox\" data-type=\"image\" data-rel=\"3\" data-title=\"Purple on Green LOGO\" title=\"Enlarge photo\"><div style=\"background-image:url(https:\/\/itsyourepilepsy.com\/wp-content\/uploads\/2022\/07\/CHF-LOGO-768x255.jpg)\"><\/div><noscript><img loading=\"lazy\" decoding=\"async\" class=\"wpgb-noscript-img\" src=\"https:\/\/itsyourepilepsy.com\/wp-content\/uploads\/2022\/07\/CHF-LOGO-768x255.jpg\" alt=\"\" height=\"255\" width=\"768\"><\/noscript><\/a><\/div><\/div><div class=\"wpgb-card-content wpgb-scheme-dark\"><div class=\"wpgb-card-body\"><h3 class=\"wpgb-block-3 wpgb-idle-scheme-1 wpgb-hover-scheme-1\">The Chelsea Hutchison Foundation<\/h3><div class=\"wpgb-block-4 wpgb-idle-scheme-1\"><p>The Chelsea Hutchison Foundation grants comfort &amp; hope to those affected by epilepsy. We raise public SUDEP Awareness so families are not blindsided as we were. Funds raised by the Foundation provide grants for seizure-response dogs &amp; movement monitors.<\/p><\/div><a class=\"wpgb-block-2 external\" target=\"_blank\" aria-label=\"External\" rel=\"external noopener noreferrer nofollow\" href=\"https:\/\/chelseahutchisonfoundation.org\/\"><svg><use xlink:href=\"https:\/\/itsyourepilepsy.com\/wp-content\/plugins\/wp-grid-builder\/public\/svg\/arrows\/tail-right.svg#wpgb-icon\"\/><\/svg><\/a><\/div><\/div><\/div><\/div><\/article>\t\t<\/div>\n\t<\/div>\n\t<\/div>\n\t<\/div>\n\t\t<\/div>\n<\/div>\n\n<\/div><\/div>","protected":false},"excerpt":{"rendered":"<p>Queremos compartir con usted recursos de confianza. Esperamos que sean para su beneficio. Si quiere recomendar un recurso para la &#8230; <a title=\"Socios Comunitarios\" class=\"read-more\" href=\"https:\/\/itsyourepilepsy.com\/es\/socios-comunitarios\/\" aria-label=\"Leer m\u00e1s sobre Socios Comunitarios\">Leer m\u00e1s<\/a><\/p>\n","protected":false},"author":13,"featured_media":0,"parent":0,"menu_order":0,"comment_status":"closed","ping_status":"closed","template":"","meta":{"_acf_changed":false,"footnotes":""},"class_list":["post-3669","page","type-page","status-publish"],"acf":[],"_links":{"self":[{"href":"https:\/\/itsyourepilepsy.com\/es\/wp-json\/wp\/v2\/pages\/3669","targetHints":{"allow":["GET"]}}],"collection":[{"href":"https:\/\/itsyourepilepsy.com\/es\/wp-json\/wp\/v2\/pages"}],"about":[{"href":"https:\/\/itsyourepilepsy.com\/es\/wp-json\/wp\/v2\/types\/page"}],"author":[{"embeddable":true,"href":"https:\/\/itsyourepilepsy.com\/es\/wp-json\/wp\/v2\/users\/13"}],"replies":[{"embeddable":true,"href":"https:\/\/itsyourepilepsy.com\/es\/wp-json\/wp\/v2\/comments?post=3669"}],"version-history":[{"count":0,"href":"https:\/\/itsyourepilepsy.com\/es\/wp-json\/wp\/v2\/pages\/3669\/revisions"}],"wp:attachment":[{"href":"https:\/\/itsyourepilepsy.com\/es\/wp-json\/wp\/v2\/media?parent=3669"}],"curies":[{"name":"wp","href":"https:\/\/api.w.org\/{rel}","templated":true}]}}