{"id":3667,"date":"2021-08-04T16:21:17","date_gmt":"2021-08-04T20:21:17","guid":{"rendered":"https:\/\/itsyourepilepsy.com\/?page_id=3667"},"modified":"2022-10-20T11:25:24","modified_gmt":"2022-10-20T15:25:24","slug":"acerca-de-nosotros","status":"publish","type":"page","link":"https:\/\/itsyourepilepsy.com\/es\/acerca-de-nosotros\/","title":{"rendered":"Acerca de Nosotros"},"content":{"rendered":"<div class=\"gb-container gb-container-11cb5cb9\"><div class=\"gb-inside-container\">\n<div class=\"gb-grid-wrapper gb-grid-wrapper-999a2c36\">\n<div class=\"gb-grid-column gb-grid-column-fbc69e62\"><div class=\"gb-container gb-container-fbc69e62\"><div class=\"gb-inside-container\">\n\n<figure class=\"wp-block-image size-full\"><img loading=\"lazy\" decoding=\"async\" width=\"650\" height=\"515\" src=\"https:\/\/itsyourepilepsy.com\/wp-content\/uploads\/2021\/09\/about.jpg\" alt=\"about us\" class=\"wp-image-2407\" srcset=\"https:\/\/itsyourepilepsy.com\/wp-content\/uploads\/2021\/09\/about.jpg 650w, https:\/\/itsyourepilepsy.com\/wp-content\/uploads\/2021\/09\/about-300x238.jpg 300w\" sizes=\"auto, (max-width: 650px) 100vw, 650px\" \/><\/figure>\n\n<\/div><\/div><\/div>\n\n<div class=\"gb-grid-column gb-grid-column-c23fd4e7\"><div class=\"gb-container gb-container-c23fd4e7\"><div class=\"gb-inside-container\">\n\n<p class=\"has-base-3-color has-text-color\">ItsYourEpilepsy.com es un recurso actualizado y creado profesionalmente con un contenido que ha sido desarrollado para generar un impacto positivo en la comunidad de la epilepsia.<\/p>\n\n\n\n<p class=\"has-base-3-color has-text-color\">Nos esforzamos por apoyar y mejorar la educaci\u00f3n de los pacientes, empoderando a las personas con epilepsia y a sus familias, y fortaleciendo la comunicaci\u00f3n con los profesionales de la salud. Creemos en el poder de la educaci\u00f3n y en las iniciativas de trabajo comunitario para mejorar los resultados de la atenci\u00f3n en salud y la calidad de vida.<\/p>\n\n<\/div><\/div><\/div>\n<\/div>\n<\/div><\/div>\n\n<div class=\"gb-container gb-container-b0a9f992\"><div class=\"gb-inside-container\">\n<div class=\"gb-grid-wrapper gb-grid-wrapper-3261b8f5\">\n<div class=\"gb-grid-column gb-grid-column-6fd53e5b\"><div class=\"gb-container gb-container-6fd53e5b\"><div class=\"gb-inside-container\">\n<div id=\"related-block_445b4c46c7cbc21a4cd2c9d810538e6a\" class=\"related\">\n\t<div class=\"related-container\">\n    <div class=\"related-image\">\n\t\t<a href=\"https:\/\/itsyourepilepsy.com\/es\/atencion-plena-o-mindfulness\/\" title=\"Atenci\u00f3n Plena o Mindfulness\">\n        <img loading=\"lazy\" decoding=\"async\" width=\"1024\" height=\"683\" src=\"https:\/\/itsyourepilepsy.com\/wp-content\/uploads\/2021\/09\/Mindfulness-1024x683.jpg\" class=\"attachment-large size-large wp-post-image\" alt=\"\" srcset=\"https:\/\/itsyourepilepsy.com\/wp-content\/uploads\/2021\/09\/Mindfulness-1024x683.jpg 1024w, https:\/\/itsyourepilepsy.com\/wp-content\/uploads\/2021\/09\/Mindfulness-300x200.jpg 300w, https:\/\/itsyourepilepsy.com\/wp-content\/uploads\/2021\/09\/Mindfulness-768x512.jpg 768w, https:\/\/itsyourepilepsy.com\/wp-content\/uploads\/2021\/09\/Mindfulness.jpg 1200w\" sizes=\"auto, (max-width: 1024px) 100vw, 1024px\" \/>    <\/a>\n    <\/div>\n    <div class=\"related-content\">\n\t\t\n        <h3 class=\"related-title\">\n\t\t\t\t\t\t<a href=\"https:\/\/itsyourepilepsy.com\/es\/atencion-plena-o-mindfulness\/\" title=\"Atenci\u00f3n Plena o Mindfulness\">Atenci\u00f3n Plena o Mindfulness<\/a>\n\t\t<\/h3>\n\t\t<div class=\"related-meta\">\n\t\t\t<span class=\"entry-meta\">09.08.2021<\/span>\n\t\t\t<span class=\"entry-meta cat-links terapias alternativas\"><a href=\"https:\/\/itsyourepilepsy.com\/es\/category\/terapias-alternativas\/\" rel=\"category tag\">Terapias Alternativas<\/a><\/span>\t\t<\/div>\n        <p>Las alteraciones f\u00edsicas y mentales se han asociado con el estr\u00e9s y la&#8230;<\/p>\t\n\t\t\n    <\/div>\n\t\t<div class=\"related-footer\">\n\t\t\t<a href=\"https:\/\/itsyourepilepsy.com\/es\/atencion-plena-o-mindfulness\/\" title=\"Atenci\u00f3n Plena o Mindfulness\">\t\n\t\t\t\t<svg   viewBox=\"0 0 32 32\"><path d=\"M19.414 27.414l10-10c0.781-0.781 0.781-2.047 0-2.828l-10-10c-0.781-0.781-2.047-0.781-2.828 0s-0.781 2.047 0 2.828l6.586 6.586h-19.172c-1.105 0-2 0.895-2 2s0.895 2 2 2h19.172l-6.586 6.586c-0.39 0.39-0.586 0.902-0.586 1.414s0.195 1.024 0.586 1.414c0.781 0.781 2.047 0.781 2.828 0z\"><\/path><\/svg>\n\t\t\t<\/a>\n\t\t<\/div>\n\t<\/div>\n<\/div>\n<\/div><\/div><\/div>\n\n<div class=\"gb-grid-column gb-grid-column-51aa5fa7\"><div class=\"gb-container gb-container-51aa5fa7\"><div class=\"gb-inside-container\">\n<div id=\"related-block_84f07eff0b24772d5f96dfe52ba582af\" class=\"related\">\n\t<div class=\"related-container\">\n    <div class=\"related-image\">\n\t\t<a href=\"https:\/\/itsyourepilepsy.com\/es\/opciones-quirurgicas-evaluaciones-y-preguntas-frecuentes-para-la-epilepsia-resistente-a-los-medicamentos\/\" title=\"\u00a0Cirug\u00edas y\u00a0 Preguntas Acerca de la Epilepsia Resistente a los Medicamentos\">\n        <img loading=\"lazy\" decoding=\"async\" width=\"600\" height=\"400\" src=\"https:\/\/itsyourepilepsy.com\/wp-content\/uploads\/2021\/09\/Surgeries.jpg\" class=\"attachment-large size-large wp-post-image\" alt=\"\" srcset=\"https:\/\/itsyourepilepsy.com\/wp-content\/uploads\/2021\/09\/Surgeries.jpg 600w, https:\/\/itsyourepilepsy.com\/wp-content\/uploads\/2021\/09\/Surgeries-300x200.jpg 300w\" sizes=\"auto, (max-width: 600px) 100vw, 600px\" \/>    <\/a>\n    <\/div>\n    <div class=\"related-content\">\n\t\t\n        <h3 class=\"related-title\">\n\t\t\t\t\t\t<a href=\"https:\/\/itsyourepilepsy.com\/es\/opciones-quirurgicas-evaluaciones-y-preguntas-frecuentes-para-la-epilepsia-resistente-a-los-medicamentos\/\" title=\"\u00a0Cirug\u00edas y\u00a0 Preguntas Acerca de la...\">\u00a0Cirug\u00edas y\u00a0 Preguntas Acerca de la&#8230;<\/a>\n\t\t<\/h3>\n\t\t<div class=\"related-meta\">\n\t\t\t<span class=\"entry-meta\">09.06.2022<\/span>\n\t\t\t<span class=\"entry-meta cat-links recursos\"><a href=\"https:\/\/itsyourepilepsy.com\/es\/category\/recursos\/\" rel=\"category tag\">Recursos<\/a><\/span>\t\t<\/div>\n        <p>Encuentre respuestas a sus preguntas sobre opciones quir\u00fargicas y evaluaciones.<\/p>\n\t\n\t\t\n    <\/div>\n\t\t<div class=\"related-footer\">\n\t\t\t<a href=\"https:\/\/itsyourepilepsy.com\/es\/opciones-quirurgicas-evaluaciones-y-preguntas-frecuentes-para-la-epilepsia-resistente-a-los-medicamentos\/\" title=\"\u00a0Cirug\u00edas y\u00a0 Preguntas Acerca de la Epilepsia Resistente a los Medicamentos\">\t\n\t\t\t\t<svg   viewBox=\"0 0 32 32\"><path d=\"M19.414 27.414l10-10c0.781-0.781 0.781-2.047 0-2.828l-10-10c-0.781-0.781-2.047-0.781-2.828 0s-0.781 2.047 0 2.828l6.586 6.586h-19.172c-1.105 0-2 0.895-2 2s0.895 2 2 2h19.172l-6.586 6.586c-0.39 0.39-0.586 0.902-0.586 1.414s0.195 1.024 0.586 1.414c0.781 0.781 2.047 0.781 2.828 0z\"><\/path><\/svg>\n\t\t\t<\/a>\n\t\t<\/div>\n\t<\/div>\n<\/div>\n<\/div><\/div><\/div>\n\n<div class=\"gb-grid-column gb-grid-column-848c4c9c\"><div class=\"gb-container gb-container-848c4c9c\"><div class=\"gb-inside-container\">\n<div id=\"related-block_26d74e9c5e46b457d30198720603879b\" class=\"related\">\n\t<div class=\"related-container\">\n    <div class=\"related-image\">\n\t\t<a href=\"https:\/\/itsyourepilepsy.com\/es\/concentrados-de-marihuana\/\" title=\"Concentrados de Marihuana\">\n        <img loading=\"lazy\" decoding=\"async\" width=\"1024\" height=\"683\" src=\"https:\/\/itsyourepilepsy.com\/wp-content\/uploads\/2021\/09\/Cannabis-1024x683.jpg\" class=\"attachment-large size-large wp-post-image\" alt=\"\" srcset=\"https:\/\/itsyourepilepsy.com\/wp-content\/uploads\/2021\/09\/Cannabis-1024x683.jpg 1024w, https:\/\/itsyourepilepsy.com\/wp-content\/uploads\/2021\/09\/Cannabis-300x200.jpg 300w, https:\/\/itsyourepilepsy.com\/wp-content\/uploads\/2021\/09\/Cannabis-768x512.jpg 768w, https:\/\/itsyourepilepsy.com\/wp-content\/uploads\/2021\/09\/Cannabis.jpg 1200w\" sizes=\"auto, (max-width: 1024px) 100vw, 1024px\" \/>    <\/a>\n    <\/div>\n    <div class=\"related-content\">\n\t\t\n        <h3 class=\"related-title\">\n\t\t\t\t\t\t<a href=\"https:\/\/itsyourepilepsy.com\/es\/concentrados-de-marihuana\/\" title=\"Concentrados de Marihuana\">Concentrados de Marihuana<\/a>\n\t\t<\/h3>\n\t\t<div class=\"related-meta\">\n\t\t\t<span class=\"entry-meta\">09.08.2021<\/span>\n\t\t\t<span class=\"entry-meta cat-links terapias alternativas\"><a href=\"https:\/\/itsyourepilepsy.com\/es\/category\/terapias-alternativas\/\" rel=\"category tag\">Terapias Alternativas<\/a><\/span>\t\t<\/div>\n        <p>Los concentrados de marihuana (tambi\u00e9n conocida como cannabis) son compuestos&#8230;<\/p>\t\n\t\t\n    <\/div>\n\t\t<div class=\"related-footer\">\n\t\t\t<a href=\"https:\/\/itsyourepilepsy.com\/es\/concentrados-de-marihuana\/\" title=\"Concentrados de Marihuana\">\t\n\t\t\t\t<svg   viewBox=\"0 0 32 32\"><path d=\"M19.414 27.414l10-10c0.781-0.781 0.781-2.047 0-2.828l-10-10c-0.781-0.781-2.047-0.781-2.828 0s-0.781 2.047 0 2.828l6.586 6.586h-19.172c-1.105 0-2 0.895-2 2s0.895 2 2 2h19.172l-6.586 6.586c-0.39 0.39-0.586 0.902-0.586 1.414s0.195 1.024 0.586 1.414c0.781 0.781 2.047 0.781 2.828 0z\"><\/path><\/svg>\n\t\t\t<\/a>\n\t\t<\/div>\n\t<\/div>\n<\/div>\n<\/div><\/div><\/div>\n<\/div>\n<\/div><\/div>","protected":false},"excerpt":{"rendered":"","protected":false},"author":13,"featured_media":0,"parent":0,"menu_order":0,"comment_status":"closed","ping_status":"closed","template":"","meta":{"_acf_changed":false,"footnotes":""},"class_list":["post-3667","page","type-page","status-publish"],"acf":[],"_links":{"self":[{"href":"https:\/\/itsyourepilepsy.com\/es\/wp-json\/wp\/v2\/pages\/3667","targetHints":{"allow":["GET"]}}],"collection":[{"href":"https:\/\/itsyourepilepsy.com\/es\/wp-json\/wp\/v2\/pages"}],"about":[{"href":"https:\/\/itsyourepilepsy.com\/es\/wp-json\/wp\/v2\/types\/page"}],"author":[{"embeddable":true,"href":"https:\/\/itsyourepilepsy.com\/es\/wp-json\/wp\/v2\/users\/13"}],"replies":[{"embeddable":true,"href":"https:\/\/itsyourepilepsy.com\/es\/wp-json\/wp\/v2\/comments?post=3667"}],"version-history":[{"count":0,"href":"https:\/\/itsyourepilepsy.com\/es\/wp-json\/wp\/v2\/pages\/3667\/revisions"}],"wp:attachment":[{"href":"https:\/\/itsyourepilepsy.com\/es\/wp-json\/wp\/v2\/media?parent=3667"}],"curies":[{"name":"wp","href":"https:\/\/api.w.org\/{rel}","templated":true}]}}