{"id":3653,"date":"2021-08-03T08:18:01","date_gmt":"2021-08-03T12:18:01","guid":{"rendered":"https:\/\/itsyourepilepsy.com\/?page_id=3653"},"modified":"2022-11-28T10:44:21","modified_gmt":"2022-11-28T15:44:21","slug":"evaluaciones-avanzadas-y-mas-invasivas","status":"publish","type":"page","link":"https:\/\/itsyourepilepsy.com\/es\/evaluaciones-y-opciones-de-tratamiento\/evaluaciones-medicas-y-estudios-prequirurgicos\/evaluaciones-avanzadas-y-mas-invasivas\/","title":{"rendered":"Evaluaciones Especializadas e Invasivas"},"content":{"rendered":"<div class=\"gb-container gb-container-3e77e1d0\"><div class=\"gb-inside-container\">\n\n<p>Si los resultados de las pruebas no invasivas, anteriormente mencionadas, a\u00fan no son claros y la informaci\u00f3n requerida para determinar el mejor plan de tratamiento no es precisa, pueden ser necesarias pruebas adicionales y m\u00e1s especializadas para identificar la ubicaci\u00f3n y el tama\u00f1o de las \u00e1reas donde se inician las convulsiones. Estas <strong><mark style=\"background-color:rgba(0, 0, 0, 0)\" class=\"has-inline-color has-primary-color\">pruebas adicionales<\/mark><\/strong> tambi\u00e9n ayudar\u00e1n a determinar el efecto de la cirug\u00eda en las diferentes funciones cerebrales, como son la memoria y el habla.<\/p>\n\n\n\n<p>A diferencia de un EEG, que registra las se\u00f1ales cerebrales utilizando electrodos colocados en el cuero cabelludo, el EEG intracraneal (iEEG) registra la actividad el\u00e9ctrica desde el interior del cerebro (SEEG) o desde la superficie (SDG). Estas pruebas adicionales se denominan estereoelectroencelefalograf\u00eda (SEEG), tiras y rejillas subdurales (SDG).<\/p>\n\n\n<div class=\"gb-grid-wrapper gb-grid-wrapper-df925c46 bordered\">\n<div class=\"gb-grid-column gb-grid-column-52ccaf9c\"><div class=\"gb-container gb-container-52ccaf9c covered\"><div class=\"gb-inside-container\">\n\n<figure class=\"wp-block-image alignwide size-large\"><img loading=\"lazy\" decoding=\"async\" width=\"1024\" height=\"918\" src=\"https:\/\/itsyourepilepsy.com\/wp-content\/uploads\/2022\/10\/SEEG-e1666876585722-1024x918.png\" alt=\"SEEG\" class=\"wp-image-4239\" srcset=\"https:\/\/itsyourepilepsy.com\/wp-content\/uploads\/2022\/10\/SEEG-e1666876585722-1024x918.png 1024w, https:\/\/itsyourepilepsy.com\/wp-content\/uploads\/2022\/10\/SEEG-e1666876585722-300x269.png 300w, https:\/\/itsyourepilepsy.com\/wp-content\/uploads\/2022\/10\/SEEG-e1666876585722-768x689.png 768w, https:\/\/itsyourepilepsy.com\/wp-content\/uploads\/2022\/10\/SEEG-e1666876585722.png 1200w\" sizes=\"auto, (max-width: 1024px) 100vw, 1024px\" \/><\/figure>\n\n<\/div><\/div><\/div>\n\n<div class=\"gb-grid-column gb-grid-column-c5964858\"><div class=\"gb-container gb-container-c5964858\"><div class=\"gb-inside-container\">\n\n<h2 class=\"gb-headline gb-headline-3426a7f6 gb-headline-text\">Estereoelectroencefalograf\u00eda<\/h2>\n\n\n\n<p>SEEG (por sus siglas en ingl\u00e9s) es un procedimiento m\u00ednimamente invasivo en el que se implantan alrededor de diecis\u00e9is (16) electrodos para registrar la actividad el\u00e9ctrica dentro del cerebro. El objetivo del SEEG es determinar el \u00e1rea donde comienzan las convulsiones y las regiones cerebrales involucradas en la producci\u00f3n y diseminaci\u00f3n de la actividad convulsiva.<\/p>\n\n\n\t\n<div id=\"read-more-modal-block_0e5aa316e678eb5c9745a2e4eb38b1ec\" class=\"more\">\n\t\n  \n<div class=\"gb-button-wrapper gb-button-wrapper-viola\">\n<button class=\"gb-button gb-button-text gb-button-viola open-modal\" data-open=\"modal-block_0e5aa316e678eb5c9745a2e4eb38b1ec\">Leer m\u00e1s<\/button>\n<\/div>\n\t<div class=\"modal\" id=\"modal-block_0e5aa316e678eb5c9745a2e4eb38b1ec\" data-animation=\"slideInOutLeft\">\n  <div class=\"modal-dialog\">\n <button class=\"close-modal\" aria-label=\"close modal\" data-close>\n        \u2715  \n      <\/button>\n    <section class=\"modal-content\">\n      <p>Los candidatos para SEEG son pacientes que no han respondido a dos o m\u00e1s medicamentos anticonvulsivantes, condici\u00f3n conocida como epilepsia resistente a los medicametos, o personas con epilepsia que tienen hallazgos no muy claros o diferentes en los estudios no invasivos.<\/p>\n<p>Los electrodos se implantan en el cr\u00e1neo a trav\u00e9s de peque\u00f1os agujeros y la longitud de estos electrodos es diferente dependiendo de la trayectoria o ubicaci\u00f3n deseada.<\/p>\n<p>Los electrodos est\u00e1n conectados a una computadora para grabar la informaci\u00f3n recolectada. Un vendaje c\u00f3modo y compacto se coloca en la cabeza para garantizar que no haya da\u00f1o de los electrodos y otros materiales usados durante la estancia en la Unidad para Monitoreo de Epilepsia (EMU por sus siglas en ingl\u00e9s). El tiempo de duraci\u00f3n en la Unidad depender\u00e1 de los datos que sean recogidos.<\/p>\n<p>Los electrodos son retirados una vez que se hayan reunido suficientes datos y est\u00e9n listos para ser analizados por el equipo multidisciplinario.<\/p>\n<p>La rasurada del cabello para este tipo de intervenciones es cada vez menos com\u00fan. Si es necesario, algunas instituciones pueden recomendar el recorte en lugar de rasurarse o depilarse. El cabello y el cuero cabelludo son lavados cuidadosamente antes de comenzar el procedimiento.<\/p>\n<p>Para m\u00e1s informaci\u00f3n y preguntas frequetes acerca de SEEG, <a href=\"https:\/\/itsyourepilepsy.com\/wp-content\/uploads\/2022\/11\/Estereoelectroencefalografia_PreguntasFrecuentes_2022.pdf\" target=\"_blank\" rel=\"noopener\">imprima este folleto.<\/a><\/p>\n    <\/section>\n  <\/div>\n<\/div>\n\t\n\t<\/div>\n<\/div><\/div><\/div>\n<\/div>\n\n\n<div style=\"height:40px\" aria-hidden=\"true\" class=\"wp-block-spacer\"><\/div>\n\n\n<div class=\"gb-grid-wrapper gb-grid-wrapper-c1e0f951 bordered\">\n<div class=\"gb-grid-column gb-grid-column-4fbb8b0c\"><div class=\"gb-container gb-container-4fbb8b0c\"><div class=\"gb-inside-container\">\n\n<h2 class=\"gb-headline gb-headline-e04a3b28 gb-headline-text\">Electrodos Subdurales <\/h2>\n\n\n\n<p>Los electrodos subdurales (SDG por sus siglas en ingl\u00e9s) se implantan en la superficie del cerebro para registrar su actividad el\u00e9ctrica del cerebro. Existen diferentes configuraciones: los electrodos agrupados en una columna (tiras), o en filas y columnas (rejillas). El prop\u00f3sito de estos electrodos es determinar el \u00e1rea donde comienzan las convulsiones y las regiones cerebrales involucradas en la producci\u00f3n y diseminaci\u00f3n de la actividad convulsiva.<\/p>\n\n\n\t\n<div id=\"read-more-modal-block_9450c75b5b0d5b27d4f1985fbca4a79c\" class=\"more\">\n\t\n  \n<div class=\"gb-button-wrapper gb-button-wrapper-viola\">\n<button class=\"gb-button gb-button-text gb-button-viola open-modal\" data-open=\"modal-block_9450c75b5b0d5b27d4f1985fbca4a79c\">Leer m\u00e1s<\/button>\n<\/div>\n\t<div class=\"modal\" id=\"modal-block_9450c75b5b0d5b27d4f1985fbca4a79c\" data-animation=\"slideInOutLeft\">\n  <div class=\"modal-dialog\">\n <button class=\"close-modal\" aria-label=\"close modal\" data-close>\n        \u2715  \n      <\/button>\n    <section class=\"modal-content\">\n      <p>Las tiras se implantan a trav\u00e9s de peque\u00f1os agujeros perforados en el cr\u00e1neo. Para las rejillas, se requiere remover una peque\u00f1a porci\u00f3n del cr\u00e1neo (craneotom\u00eda). El procedimiento se puede realizar con anestesia general, pero cuando se requiere interactuar con el paciente durante la cirug\u00eda, el procedimiento se realizar\u00e1 con anestesia local.<\/p>\n<p>Los electrodos est\u00e1n conectados a computadoras que permiten al equipo m\u00e9dico grabar y analizar las se\u00f1ales. Dichos electrodos se dejan en el cerebro de unos pocos a varios d\u00edas y durante este tiempo, se requiere estar hospitalizado en la unidad de monitoreo de epilepsia (EMU por sus siglas en ingl\u00e9s).\u00a0 Una vez que se haya reunindo suficiente informaci\u00f3n y est\u00e9 lista para ser analizada por el equipo multidiciplinary, se programar\u00e1 una segunda cirug\u00eda para extraer los electrodos y cerrar el cr\u00e1neo.<\/p>\n<p>La rasurada del cabello para este tipo de intervenciones es cada vez menos com\u00fan. Si es necesario, algunas instituciones pueden recomendar el recorte en lugar de rasurarse o depilarse. El cabello y el cuero cabelludo son lavados cuidadosamente antes de comenzar el procedimiento.<\/p>\n<p>Para m\u00e1s informaci\u00f3n y preguntas frequetes acerca de SDG,<a href=\"https:\/\/itsyourepilepsy.com\/wp-content\/uploads\/2022\/11\/TirasyRejillas_PreguntasFrecuente_2022.pdf\" target=\"_blank\" rel=\"noopener\"> imprima este folleto.<\/a><\/p>\n    <\/section>\n  <\/div>\n<\/div>\n\t\n\t<\/div>\n<\/div><\/div><\/div>\n\n<div class=\"gb-grid-column gb-grid-column-a3cf7df5\"><div class=\"gb-container gb-container-a3cf7df5 covered\"><div class=\"gb-inside-container\">\n\n<figure class=\"wp-block-image alignwide size-large\"><img loading=\"lazy\" decoding=\"async\" width=\"1024\" height=\"918\" src=\"https:\/\/itsyourepilepsy.com\/wp-content\/uploads\/2022\/10\/GRIDS-1024x918.png\" alt=\"SDG\" class=\"wp-image-4241\" srcset=\"https:\/\/itsyourepilepsy.com\/wp-content\/uploads\/2022\/10\/GRIDS-1024x918.png 1024w, https:\/\/itsyourepilepsy.com\/wp-content\/uploads\/2022\/10\/GRIDS-300x269.png 300w, https:\/\/itsyourepilepsy.com\/wp-content\/uploads\/2022\/10\/GRIDS-768x689.png 768w, https:\/\/itsyourepilepsy.com\/wp-content\/uploads\/2022\/10\/GRIDS.png 1200w\" sizes=\"auto, (max-width: 1024px) 100vw, 1024px\" \/><\/figure>\n\n<\/div><\/div><\/div>\n<\/div>\n\n\n<div style=\"height:40px\" aria-hidden=\"true\" class=\"wp-block-spacer\"><\/div>\n\n\n\n<p>Estas pruebas invasivas requieren de un personal m\u00e9dico altamente capacitado y deben realizarse en una sala de operaciones est\u00e9ril y bien equipada. Debido a que se necesita un seguimiento cuidadoso, es necesario permanecer en la Unidad de Monitoreo para Epilepsia o EMU del hospital. &nbsp;Gracias a los datos reunidos durante su estancia en la Unidad, el equipo multidisciplinario podr\u00e1 planificar los pasos a seguir para iniciar su tratamiento.<\/p>\n\n\n\n<p>La estereoelectroencelefalograf\u00eda y los electrodos subdurales son procedimientos seguros, sin embargo, es importante saber que pueden presentarse riesgos potenciales entre los cuales est\u00e1n las infecciones, el sangrado y otros efectos secundarios como debilidad o par\u00e1lisis de ciertas partes del cuerpo. Tanto la estereoelectroencelefalograf\u00eda y los electrodos subdurales tienen diferentes beneficios y tambi\u00e9n riesgos que deben ser discutidos con el cirujano y los profesionales de la salud que hacen parte del equipo m\u00e9dico.<\/p>\n\n<\/div><\/div>\n\n<div class=\"gb-container gb-container-b5a55eba banner5\"><div class=\"gb-inside-container\">\n<div class=\"gb-grid-wrapper gb-grid-wrapper-9030cf40\">\n<div class=\"gb-grid-column gb-grid-column-5dad4956\"><div class=\"gb-container gb-container-5dad4956\"><div class=\"gb-inside-container\">\n<div class=\"wp-block-image\">\n<figure class=\"aligncenter size-full\"><img loading=\"lazy\" decoding=\"async\" width=\"217\" height=\"420\" src=\"https:\/\/itsyourepilepsy.com\/wp-content\/uploads\/2021\/09\/banner4.png\" alt=\"banner\" class=\"wp-image-1522\" srcset=\"https:\/\/itsyourepilepsy.com\/wp-content\/uploads\/2021\/09\/banner4.png 217w, https:\/\/itsyourepilepsy.com\/wp-content\/uploads\/2021\/09\/banner4-155x300.png 155w\" sizes=\"auto, (max-width: 217px) 100vw, 217px\" \/><\/figure>\n<\/div>\n<\/div><\/div><\/div>\n\n<div class=\"gb-grid-column gb-grid-column-b0c1d9ed\"><div class=\"gb-container gb-container-b0c1d9ed\"><div class=\"gb-inside-container\">\n\n<div class=\"gb-headline gb-headline-81968ee0 gb-headline-text\">Para saber m\u00e1s acerca de cirug\u00edas en epilepsia<\/div>\n\n\n<div class=\"gb-button-wrapper gb-button-wrapper-f01e35c1 gb-button-wrapper-viola\">\n\n<a class=\"gb-button gb-button-ca6b0a69 gb-button-text gb-button-viola\" href=\"https:\/\/itsyourepilepsy.com\/es\/evaluaciones-y-opciones-de-tratamiento\/cirugias\/\">Leer m\u00e1s<\/a>\n\n<\/div>\n<\/div><\/div><\/div>\n<\/div>\n<\/div><\/div>\n\n<div class=\"gb-container gb-container-2cca17d2\"><div class=\"gb-inside-container\">\n<div class=\"gb-grid-wrapper gb-grid-wrapper-84c8f95a\">\n<div class=\"gb-grid-column gb-grid-column-0e9999f7\"><div class=\"gb-container gb-container-0e9999f7\"><div class=\"gb-inside-container\">\n<div id=\"related-block_d4a1e371f202c0c361c880d2cda98959\" class=\"related\">\n\t<div class=\"related-container\">\n    <div class=\"related-image\">\n\t\t<a href=\"https:\/\/itsyourepilepsy.com\/es\/atencion-plena-o-mindfulness\/\" title=\"Atenci\u00f3n Plena o Mindfulness\">\n        <img loading=\"lazy\" decoding=\"async\" width=\"1024\" height=\"683\" src=\"https:\/\/itsyourepilepsy.com\/wp-content\/uploads\/2021\/09\/Mindfulness-1024x683.jpg\" class=\"attachment-large size-large wp-post-image\" alt=\"\" srcset=\"https:\/\/itsyourepilepsy.com\/wp-content\/uploads\/2021\/09\/Mindfulness-1024x683.jpg 1024w, https:\/\/itsyourepilepsy.com\/wp-content\/uploads\/2021\/09\/Mindfulness-300x200.jpg 300w, https:\/\/itsyourepilepsy.com\/wp-content\/uploads\/2021\/09\/Mindfulness-768x512.jpg 768w, https:\/\/itsyourepilepsy.com\/wp-content\/uploads\/2021\/09\/Mindfulness.jpg 1200w\" sizes=\"auto, (max-width: 1024px) 100vw, 1024px\" \/>    <\/a>\n    <\/div>\n    <div class=\"related-content\">\n\t\t\n        <h3 class=\"related-title\">\n\t\t\t\t\t\t<a href=\"https:\/\/itsyourepilepsy.com\/es\/atencion-plena-o-mindfulness\/\" title=\"Atenci\u00f3n Plena o Mindfulness\">Atenci\u00f3n Plena o Mindfulness<\/a>\n\t\t<\/h3>\n\t\t<div class=\"related-meta\">\n\t\t\t<span class=\"entry-meta\">09.08.2021<\/span>\n\t\t\t<span class=\"entry-meta cat-links terapias alternativas\"><a href=\"https:\/\/itsyourepilepsy.com\/es\/category\/terapias-alternativas\/\" rel=\"category tag\">Terapias Alternativas<\/a><\/span>\t\t<\/div>\n        <p>Las alteraciones f\u00edsicas y mentales se han asociado con el estr\u00e9s y la&#8230;<\/p>\t\n\t\t\n    <\/div>\n\t\t<div class=\"related-footer\">\n\t\t\t<a href=\"https:\/\/itsyourepilepsy.com\/es\/atencion-plena-o-mindfulness\/\" title=\"Atenci\u00f3n Plena o Mindfulness\">\t\n\t\t\t\t<svg   viewBox=\"0 0 32 32\"><path d=\"M19.414 27.414l10-10c0.781-0.781 0.781-2.047 0-2.828l-10-10c-0.781-0.781-2.047-0.781-2.828 0s-0.781 2.047 0 2.828l6.586 6.586h-19.172c-1.105 0-2 0.895-2 2s0.895 2 2 2h19.172l-6.586 6.586c-0.39 0.39-0.586 0.902-0.586 1.414s0.195 1.024 0.586 1.414c0.781 0.781 2.047 0.781 2.828 0z\"><\/path><\/svg>\n\t\t\t<\/a>\n\t\t<\/div>\n\t<\/div>\n<\/div>\n<\/div><\/div><\/div>\n\n<div class=\"gb-grid-column gb-grid-column-824c3615\"><div class=\"gb-container gb-container-824c3615\"><div class=\"gb-inside-container\">\n<div id=\"related-block_3ae2e9570456d78cd995c094fc07330d\" class=\"related\">\n\t<div class=\"related-container\">\n    <div class=\"related-image\">\n\t\t<a href=\"https:\/\/itsyourepilepsy.com\/es\/maximizing-safety-and-independence-at-home\/\" title=\"Maximizing Safety and Independence at Home\">\n        <img loading=\"lazy\" decoding=\"async\" width=\"1024\" height=\"683\" src=\"https:\/\/itsyourepilepsy.com\/wp-content\/uploads\/2022\/03\/Session1-Devices-Epilepsy-2-1024x683.png\" class=\"attachment-large size-large wp-post-image\" alt=\"Man cooking\" srcset=\"https:\/\/itsyourepilepsy.com\/wp-content\/uploads\/2022\/03\/Session1-Devices-Epilepsy-2-1024x683.png 1024w, https:\/\/itsyourepilepsy.com\/wp-content\/uploads\/2022\/03\/Session1-Devices-Epilepsy-2-300x200.png 300w, https:\/\/itsyourepilepsy.com\/wp-content\/uploads\/2022\/03\/Session1-Devices-Epilepsy-2-768x512.png 768w, https:\/\/itsyourepilepsy.com\/wp-content\/uploads\/2022\/03\/Session1-Devices-Epilepsy-2.png 1200w\" sizes=\"auto, (max-width: 1024px) 100vw, 1024px\" \/>    <\/a>\n    <\/div>\n    <div class=\"related-content\">\n\t\t\n        <h3 class=\"related-title\">\n\t\t\t\t\t\t<a href=\"https:\/\/itsyourepilepsy.com\/es\/maximizing-safety-and-independence-at-home\/\" title=\"Maximizing Safety and Independence at Home\">Maximizing Safety and Independence at Home<\/a>\n\t\t<\/h3>\n\t\t<div class=\"related-meta\">\n\t\t\t<span class=\"entry-meta\">03.16.2022<\/span>\n\t\t\t<span class=\"entry-meta cat-links resources\"><a href=\"https:\/\/itsyourepilepsy.com\/category\/resources\/\" rel=\"category tag\">Resources<\/a><\/span>\t\t<\/div>\n        <p>Session 1 Key Takeaways from webinar series on Safety Devices for Epilepsy.<\/p>\n\t\n\t\t\n    <\/div>\n\t\t<div class=\"related-footer\">\n\t\t\t<a href=\"https:\/\/itsyourepilepsy.com\/es\/maximizing-safety-and-independence-at-home\/\" title=\"Maximizing Safety and Independence at Home\">\t\n\t\t\t\t<svg   viewBox=\"0 0 32 32\"><path d=\"M19.414 27.414l10-10c0.781-0.781 0.781-2.047 0-2.828l-10-10c-0.781-0.781-2.047-0.781-2.828 0s-0.781 2.047 0 2.828l6.586 6.586h-19.172c-1.105 0-2 0.895-2 2s0.895 2 2 2h19.172l-6.586 6.586c-0.39 0.39-0.586 0.902-0.586 1.414s0.195 1.024 0.586 1.414c0.781 0.781 2.047 0.781 2.828 0z\"><\/path><\/svg>\n\t\t\t<\/a>\n\t\t<\/div>\n\t<\/div>\n<\/div>\n<\/div><\/div><\/div>\n\n<div class=\"gb-grid-column gb-grid-column-ac878b22\"><div class=\"gb-container gb-container-ac878b22\"><div class=\"gb-inside-container\">\n<div id=\"related-block_d7217b3205949666887dde64612aa0c3\" class=\"related\">\n\t<div class=\"related-container\">\n    <div class=\"related-image\">\n\t\t<a href=\"https:\/\/itsyourepilepsy.com\/es\/concentrados-de-marihuana\/\" title=\"Concentrados de Marihuana\">\n        <img loading=\"lazy\" decoding=\"async\" width=\"1024\" height=\"683\" src=\"https:\/\/itsyourepilepsy.com\/wp-content\/uploads\/2021\/09\/Cannabis-1024x683.jpg\" class=\"attachment-large size-large wp-post-image\" alt=\"\" srcset=\"https:\/\/itsyourepilepsy.com\/wp-content\/uploads\/2021\/09\/Cannabis-1024x683.jpg 1024w, https:\/\/itsyourepilepsy.com\/wp-content\/uploads\/2021\/09\/Cannabis-300x200.jpg 300w, https:\/\/itsyourepilepsy.com\/wp-content\/uploads\/2021\/09\/Cannabis-768x512.jpg 768w, https:\/\/itsyourepilepsy.com\/wp-content\/uploads\/2021\/09\/Cannabis.jpg 1200w\" sizes=\"auto, (max-width: 1024px) 100vw, 1024px\" \/>    <\/a>\n    <\/div>\n    <div class=\"related-content\">\n\t\t\n        <h3 class=\"related-title\">\n\t\t\t\t\t\t<a href=\"https:\/\/itsyourepilepsy.com\/es\/concentrados-de-marihuana\/\" title=\"Concentrados de Marihuana\">Concentrados de Marihuana<\/a>\n\t\t<\/h3>\n\t\t<div class=\"related-meta\">\n\t\t\t<span class=\"entry-meta\">09.08.2021<\/span>\n\t\t\t<span class=\"entry-meta cat-links terapias alternativas\"><a href=\"https:\/\/itsyourepilepsy.com\/es\/category\/terapias-alternativas\/\" rel=\"category tag\">Terapias Alternativas<\/a><\/span>\t\t<\/div>\n        <p>Los concentrados de marihuana (tambi\u00e9n conocida como cannabis) son compuestos&#8230;<\/p>\t\n\t\t\n    <\/div>\n\t\t<div class=\"related-footer\">\n\t\t\t<a href=\"https:\/\/itsyourepilepsy.com\/es\/concentrados-de-marihuana\/\" title=\"Concentrados de Marihuana\">\t\n\t\t\t\t<svg   viewBox=\"0 0 32 32\"><path d=\"M19.414 27.414l10-10c0.781-0.781 0.781-2.047 0-2.828l-10-10c-0.781-0.781-2.047-0.781-2.828 0s-0.781 2.047 0 2.828l6.586 6.586h-19.172c-1.105 0-2 0.895-2 2s0.895 2 2 2h19.172l-6.586 6.586c-0.39 0.39-0.586 0.902-0.586 1.414s0.195 1.024 0.586 1.414c0.781 0.781 2.047 0.781 2.828 0z\"><\/path><\/svg>\n\t\t\t<\/a>\n\t\t<\/div>\n\t<\/div>\n<\/div>\n<\/div><\/div><\/div>\n<\/div>\n<\/div><\/div>","protected":false},"excerpt":{"rendered":"<p>Si los resultados de las pruebas no invasivas, anteriormente mencionadas, a\u00fan no son claros y la informaci\u00f3n requerida para determinar &#8230; <a title=\"Evaluaciones Especializadas e Invasivas\" class=\"read-more\" href=\"https:\/\/itsyourepilepsy.com\/es\/evaluaciones-y-opciones-de-tratamiento\/evaluaciones-medicas-y-estudios-prequirurgicos\/evaluaciones-avanzadas-y-mas-invasivas\/\" aria-label=\"Leer m\u00e1s sobre Evaluaciones Especializadas e Invasivas\">Leer m\u00e1s<\/a><\/p>\n","protected":false},"author":13,"featured_media":0,"parent":3637,"menu_order":0,"comment_status":"closed","ping_status":"closed","template":"","meta":{"_acf_changed":false,"footnotes":""},"class_list":["post-3653","page","type-page","status-publish"],"acf":[],"_links":{"self":[{"href":"https:\/\/itsyourepilepsy.com\/es\/wp-json\/wp\/v2\/pages\/3653","targetHints":{"allow":["GET"]}}],"collection":[{"href":"https:\/\/itsyourepilepsy.com\/es\/wp-json\/wp\/v2\/pages"}],"about":[{"href":"https:\/\/itsyourepilepsy.com\/es\/wp-json\/wp\/v2\/types\/page"}],"author":[{"embeddable":true,"href":"https:\/\/itsyourepilepsy.com\/es\/wp-json\/wp\/v2\/users\/13"}],"replies":[{"embeddable":true,"href":"https:\/\/itsyourepilepsy.com\/es\/wp-json\/wp\/v2\/comments?post=3653"}],"version-history":[{"count":0,"href":"https:\/\/itsyourepilepsy.com\/es\/wp-json\/wp\/v2\/pages\/3653\/revisions"}],"up":[{"embeddable":true,"href":"https:\/\/itsyourepilepsy.com\/es\/wp-json\/wp\/v2\/pages\/3637"}],"wp:attachment":[{"href":"https:\/\/itsyourepilepsy.com\/es\/wp-json\/wp\/v2\/media?parent=3653"}],"curies":[{"name":"wp","href":"https:\/\/api.w.org\/{rel}","templated":true}]}}