{"id":3637,"date":"2021-08-03T08:16:36","date_gmt":"2021-08-03T12:16:36","guid":{"rendered":"https:\/\/itsyourepilepsy.com\/?page_id=3637"},"modified":"2022-10-24T10:26:53","modified_gmt":"2022-10-24T14:26:53","slug":"evaluaciones-medicas-y-estudios-prequirurgicos","status":"publish","type":"page","link":"https:\/\/itsyourepilepsy.com\/es\/evaluaciones-y-opciones-de-tratamiento\/evaluaciones-medicas-y-estudios-prequirurgicos\/","title":{"rendered":"Evaluaci\u00f3n M\u00e9dica y Estudios Prequir\u00fargicos"},"content":{"rendered":"<div class=\"gb-container gb-container-01c5788d\"><div class=\"gb-inside-container\">\n\n<p>Para confirmar si una persona con epilepsia resistente a los medicamentos es candidata para cirug\u00eda, es necesaria una evaluaci\u00f3n prequir\u00fargica muy detallada. Esta evaluaci\u00f3n ayudar\u00e1 a:<\/p>\n\n\n\n<ul class=\"listarrow wp-block-list\"><li>Clasificar el tipo de convulsiones.<\/li><li>Identificar las zonas o \u00e1rea donde se inician las convulsiones.<\/li><li>Determinar si la cirug\u00eda cerebral ser\u00e1 segura y no comprometer\u00e1 funciones cerebrales como su memoria o su capacidad para moverse y\/o hablar.<\/li><\/ul>\n\n\n\n<p>Cada tratamiento se adaptar\u00e1 de manera individual y de acuerdo con los resultados de los diferentes estudios o pruebas. Es posible que est\u00e9 familiarizado con algunas de ellas como el electroencefalograma (EEG) y la resonancia magn\u00e9tica (MRI por sus siglas en ingl\u00e9s), pero durante el proceso de evaluaci\u00f3n es posible que deba seguir pasos adicionales y requerir de otras pruebas para obtener un diagn\u00f3stico.<\/p>\n\n<\/div><\/div>\n\n<div class=\"gb-container gb-container-2f20271f\"><div class=\"gb-inside-container\">\n<div class=\"gb-grid-wrapper gb-grid-wrapper-7440b1c7\">\n<div class=\"gb-grid-column gb-grid-column-e99c398d\"><div class=\"gb-container gb-container-e99c398d bordered\"><div class=\"gb-inside-container\">\n\n<figure class=\"wp-block-image alignwide size-full\"><img loading=\"lazy\" decoding=\"async\" width=\"600\" height=\"432\" src=\"https:\/\/itsyourepilepsy.com\/wp-content\/uploads\/2021\/09\/initial_assesments.jpg\" alt=\"initial assesments\" class=\"wp-image-1321\" srcset=\"https:\/\/itsyourepilepsy.com\/wp-content\/uploads\/2021\/09\/initial_assesments.jpg 600w, https:\/\/itsyourepilepsy.com\/wp-content\/uploads\/2021\/09\/initial_assesments-300x216.jpg 300w\" sizes=\"auto, (max-width: 600px) 100vw, 600px\" \/><\/figure>\n\n\n<div class=\"gb-container gb-container-734de0a8 min\"><div class=\"gb-inside-container\">\n\n<h2 class=\"gb-headline gb-headline-11d783bf gb-headline-text\">Evaluaciones Iniciales y No Invasivas<\/h2>\n\n\n\n<p class=\"has-text-align-left justy\">Las pruebas iniciales de la evaluaci\u00f3n prequir\u00fargica incluyen el video-EEG convencional, la resonancia magn\u00e9tica del cerebro de alta resoluci\u00f3n y ex\u00e1menes neuropsicol\u00f3gicos.\u00a0 En algunos casos, puede que el video-EEG, la resonancia magn\u00e9tica y las pruebas neuropsicol\u00f3gicas no muestren resultados definitivos para un diagn\u00f3stico preciso; por lo tanto, el equipo de atenci\u00f3n m\u00e9dica puede necesitar otros estudios cerebrales m\u00e1s especializados para reunir informaci\u00f3n adicional como parte de la evaluaci\u00f3n.<\/p>\n\n\n<div class=\"gb-button-wrapper gb-button-wrapper-0d2f8f06 gb-button-wrapper-viola\">\n\n<a class=\"gb-button gb-button-0fc10944 gb-button-text gb-button-viola\" href=\"https:\/\/itsyourepilepsy.com\/es\/evaluaciones-y-opciones-de-tratamiento\/evaluaciones-medicas-y-estudios-prequirurgicos\/evaluaciones-iniciales-y-no-invasivas\/\">Leer m\u00e1s<\/a>\n\n<\/div>\n<\/div><\/div>\n<\/div><\/div><\/div>\n\n<div class=\"gb-grid-column gb-grid-column-cf74face\"><div class=\"gb-container gb-container-cf74face bordered\"><div class=\"gb-inside-container\">\n\n<figure class=\"wp-block-image alignwide size-full\"><img loading=\"lazy\" decoding=\"async\" width=\"600\" height=\"432\" src=\"https:\/\/itsyourepilepsy.com\/wp-content\/uploads\/2021\/09\/advanced_assesments.jpg\" alt=\"advanced assesments\" class=\"wp-image-1322\" srcset=\"https:\/\/itsyourepilepsy.com\/wp-content\/uploads\/2021\/09\/advanced_assesments.jpg 600w, https:\/\/itsyourepilepsy.com\/wp-content\/uploads\/2021\/09\/advanced_assesments-300x216.jpg 300w\" sizes=\"auto, (max-width: 600px) 100vw, 600px\" \/><\/figure>\n\n\n<div class=\"gb-container gb-container-48b77aa8 min\"><div class=\"gb-inside-container\">\n\n<h2 class=\"gb-headline gb-headline-103d48e0 gb-headline-text\"><strong>Evaluaciones Especializadas e Invasivas<\/strong><\/h2>\n\n\n\n<p class=\"has-text-align-left justy\">Si los resultados de las pruebas no invasivas mencionadas anteriormente no son claros y la informaci\u00f3n que se necesita para determinar el mejor plan de tratamiento no es precisa, otras pruebas adicionales y m\u00e1s invasivas (como el SEEG y los SDG) ser\u00e1n requeridas para identificar la ubicaci\u00f3n y el tama\u00f1o de las \u00e1reas donde se inician las convulsiones.<\/p>\n\n\n<div class=\"gb-button-wrapper gb-button-wrapper-008349ce gb-button-wrapper-viola\">\n\n<a class=\"gb-button gb-button-70a07b77 gb-button-text gb-button-viola\" href=\"https:\/\/itsyourepilepsy.com\/es\/evaluaciones-y-opciones-de-tratamiento\/evaluaciones-medicas-y-estudios-prequirurgicos\/evaluaciones-avanzadas-y-mas-invasivas\/\">Leer m\u00e1s<\/a>\n\n<\/div>\n<\/div><\/div>\n<\/div><\/div><\/div>\n<\/div>\n\n\n<p>Existen m\u00faltiples opciones de tratamiento. Por lo tanto, y con base en los resultados de todos estos estudios, el equipo de epilepsia podr\u00e1 determinar cu\u00e1l es el m\u00e1s indicado para usted.<\/p>\n\n\n\n<div style=\"height:20px\" aria-hidden=\"true\" class=\"wp-block-spacer\"><\/div>\n\n\n<div class=\"gb-grid-wrapper gb-grid-wrapper-bf5ce7ec\">\n<div class=\"gb-grid-column gb-grid-column-69156fa4\"><div class=\"gb-container gb-container-69156fa4 hmiddle\"><div class=\"gb-inside-container\">\n\n<h3 class=\"gb-headline gb-headline-412d74a7 gb-headline-text\"><a href=\"https:\/\/itsyourepilepsy.com\/es\/evaluaciones-y-opciones-de-tratamiento\/cirugias\/\">Cirug\u00edas<\/a><\/h3>\n\n\n\n<div class=\"gb-headline gb-headline-dc6e3e8c\"><span class=\"gb-icon\"><svg viewBox=\"0 0 32 32\"><path d=\"M19.414 27.414l10-10c0.781-0.781 0.781-2.047 0-2.828l-10-10c-0.781-0.781-2.047-0.781-2.828 0s-0.781 2.047 0 2.828l6.586 6.586h-19.172c-1.105 0-2 0.895-2 2s0.895 2 2 2h19.172l-6.586 6.586c-0.39 0.39-0.586 0.902-0.586 1.414s0.195 1.024 0.586 1.414c0.781 0.781 2.047 0.781 2.828 0z\"><\/path><\/svg><\/span><\/div>\n\n<\/div><\/div><\/div>\n\n<div class=\"gb-grid-column gb-grid-column-12df91c0\"><div class=\"gb-container gb-container-12df91c0 hmiddle\"><div class=\"gb-inside-container\">\n\n<h3 class=\"gb-headline gb-headline-ce1b18d8 gb-headline-text\"><a href=\"https:\/\/itsyourepilepsy.com\/es\/evaluaciones-y-opciones-de-tratamiento\/terapias-alternativas\/\">Terapias alternativas<\/a><\/h3>\n\n\n\n<div class=\"gb-headline gb-headline-5ac43b21\"><span class=\"gb-icon\"><svg viewBox=\"0 0 32 32\"><path d=\"M19.414 27.414l10-10c0.781-0.781 0.781-2.047 0-2.828l-10-10c-0.781-0.781-2.047-0.781-2.828 0s-0.781 2.047 0 2.828l6.586 6.586h-19.172c-1.105 0-2 0.895-2 2s0.895 2 2 2h19.172l-6.586 6.586c-0.39 0.39-0.586 0.902-0.586 1.414s0.195 1.024 0.586 1.414c0.781 0.781 2.047 0.781 2.828 0z\"><\/path><\/svg><\/span><\/div>\n\n<\/div><\/div><\/div>\n<\/div>\n<\/div><\/div>\n\n<div class=\"gb-container gb-container-89c21418\"><div class=\"gb-inside-container\">\n\n<hr class=\"wp-block-separator has-text-color has-css-opacity has-background\" style=\"background-color:#f7bb54;color:#f7bb54\"\/>\n\n\n\n<div style=\"height:40px\" aria-hidden=\"true\" class=\"wp-block-spacer\"><\/div>\n\n\n<div class=\"gb-grid-wrapper gb-grid-wrapper-3a4f0bd5\">\n<div class=\"gb-grid-column gb-grid-column-cd0993e9\"><div class=\"gb-container gb-container-cd0993e9\"><div class=\"gb-inside-container\">\n<div id=\"related-block_94420767bf2a81be0c86dd114ace2306\" class=\"related\">\n\t<div class=\"related-container\">\n    <div class=\"related-image\">\n\t\t<a href=\"https:\/\/itsyourepilepsy.com\/es\/specialized-epilepsy-centers\/\" title=\"Specialized Epilepsy Centers\">\n        <img loading=\"lazy\" decoding=\"async\" width=\"1024\" height=\"683\" src=\"https:\/\/itsyourepilepsy.com\/wp-content\/uploads\/2022\/02\/Epilepsy-Centers-1024x683.png\" class=\"attachment-large size-large wp-post-image\" alt=\"Epilepsy Centers\" srcset=\"https:\/\/itsyourepilepsy.com\/wp-content\/uploads\/2022\/02\/Epilepsy-Centers-1024x683.png 1024w, https:\/\/itsyourepilepsy.com\/wp-content\/uploads\/2022\/02\/Epilepsy-Centers-300x200.png 300w, https:\/\/itsyourepilepsy.com\/wp-content\/uploads\/2022\/02\/Epilepsy-Centers-768x512.png 768w, https:\/\/itsyourepilepsy.com\/wp-content\/uploads\/2022\/02\/Epilepsy-Centers.png 1200w\" sizes=\"auto, (max-width: 1024px) 100vw, 1024px\" \/>    <\/a>\n    <\/div>\n    <div class=\"related-content\">\n\t\t\n        <h3 class=\"related-title\">\n\t\t\t\t\t\t<a href=\"https:\/\/itsyourepilepsy.com\/es\/specialized-epilepsy-centers\/\" title=\"Specialized Epilepsy Centers\">Specialized Epilepsy Centers<\/a>\n\t\t<\/h3>\n\t\t<div class=\"related-meta\">\n\t\t\t<span class=\"entry-meta\">02.04.2022<\/span>\n\t\t\t<span class=\"entry-meta cat-links epilepsy care\"><a href=\"https:\/\/itsyourepilepsy.com\/category\/epilepsy-care\/\" rel=\"category tag\">Epilepsy Care<\/a><\/span>\t\t<\/div>\n        <p>\nEpilepsy centers are specialized institutions with adequate resources to&#8230;<\/p>\t\n\t\t\n    <\/div>\n\t\t<div class=\"related-footer\">\n\t\t\t<a href=\"https:\/\/itsyourepilepsy.com\/es\/specialized-epilepsy-centers\/\" title=\"Specialized Epilepsy Centers\">\t\n\t\t\t\t<svg   viewBox=\"0 0 32 32\"><path d=\"M19.414 27.414l10-10c0.781-0.781 0.781-2.047 0-2.828l-10-10c-0.781-0.781-2.047-0.781-2.828 0s-0.781 2.047 0 2.828l6.586 6.586h-19.172c-1.105 0-2 0.895-2 2s0.895 2 2 2h19.172l-6.586 6.586c-0.39 0.39-0.586 0.902-0.586 1.414s0.195 1.024 0.586 1.414c0.781 0.781 2.047 0.781 2.828 0z\"><\/path><\/svg>\n\t\t\t<\/a>\n\t\t<\/div>\n\t<\/div>\n<\/div>\n<\/div><\/div><\/div>\n\n<div class=\"gb-grid-column gb-grid-column-03ac07c7\"><div class=\"gb-container gb-container-03ac07c7\"><div class=\"gb-inside-container\">\n<div id=\"related-block_c2a370171aa70056f111778270195864\" class=\"related\">\n\t<div class=\"related-container\">\n    <div class=\"related-image\">\n\t\t<a href=\"https:\/\/itsyourepilepsy.com\/es\/webinar-series-on-pediatric-epilepsy-surgery\/\" title=\"Webinar Series on Pediatric Epilepsy Surgery\">\n        <img loading=\"lazy\" decoding=\"async\" width=\"1024\" height=\"683\" src=\"https:\/\/itsyourepilepsy.com\/wp-content\/uploads\/2022\/04\/Pediatric-Surgery-1024x683.png\" class=\"attachment-large size-large wp-post-image\" alt=\"\" srcset=\"https:\/\/itsyourepilepsy.com\/wp-content\/uploads\/2022\/04\/Pediatric-Surgery-1024x683.png 1024w, https:\/\/itsyourepilepsy.com\/wp-content\/uploads\/2022\/04\/Pediatric-Surgery-300x200.png 300w, https:\/\/itsyourepilepsy.com\/wp-content\/uploads\/2022\/04\/Pediatric-Surgery-768x512.png 768w, https:\/\/itsyourepilepsy.com\/wp-content\/uploads\/2022\/04\/Pediatric-Surgery.png 1200w\" sizes=\"auto, (max-width: 1024px) 100vw, 1024px\" \/>    <\/a>\n    <\/div>\n    <div class=\"related-content\">\n\t\t\n        <h3 class=\"related-title\">\n\t\t\t\t\t\t<a href=\"https:\/\/itsyourepilepsy.com\/es\/webinar-series-on-pediatric-epilepsy-surgery\/\" title=\"Webinar Series on Pediatric Epilepsy Surgery\">Webinar Series on Pediatric Epilepsy Surgery<\/a>\n\t\t<\/h3>\n\t\t<div class=\"related-meta\">\n\t\t\t<span class=\"entry-meta\">12.04.2021<\/span>\n\t\t\t<span class=\"entry-meta cat-links resources\"><a href=\"https:\/\/itsyourepilepsy.com\/category\/resources\/\" rel=\"category tag\">Resources<\/a><\/span>\t\t<\/div>\n        <p>Go and check the available resources!<\/p>\n\t\n\t\t\n    <\/div>\n\t\t<div class=\"related-footer\">\n\t\t\t<a href=\"https:\/\/itsyourepilepsy.com\/es\/webinar-series-on-pediatric-epilepsy-surgery\/\" title=\"Webinar Series on Pediatric Epilepsy Surgery\">\t\n\t\t\t\t<svg   viewBox=\"0 0 32 32\"><path d=\"M19.414 27.414l10-10c0.781-0.781 0.781-2.047 0-2.828l-10-10c-0.781-0.781-2.047-0.781-2.828 0s-0.781 2.047 0 2.828l6.586 6.586h-19.172c-1.105 0-2 0.895-2 2s0.895 2 2 2h19.172l-6.586 6.586c-0.39 0.39-0.586 0.902-0.586 1.414s0.195 1.024 0.586 1.414c0.781 0.781 2.047 0.781 2.828 0z\"><\/path><\/svg>\n\t\t\t<\/a>\n\t\t<\/div>\n\t<\/div>\n<\/div>\n<\/div><\/div><\/div>\n\n<div class=\"gb-grid-column gb-grid-column-1ebdb3f7\"><div class=\"gb-container gb-container-1ebdb3f7\"><div class=\"gb-inside-container\">\n<div id=\"related-block_8dd8c2325139b06b43446b3738c812aa\" class=\"related\">\n\t<div class=\"related-container\">\n    <div class=\"related-image\">\n\t\t<a href=\"https:\/\/itsyourepilepsy.com\/es\/living-an-active-life-maximizing-community-access-participation\/\" title=\"Living an Active Life: Maximizing Community Access &#038; Participation\">\n        <img loading=\"lazy\" decoding=\"async\" width=\"1024\" height=\"683\" src=\"https:\/\/itsyourepilepsy.com\/wp-content\/uploads\/2022\/05\/Key-takeaways-Session-3-1024x683.png\" class=\"attachment-large size-large wp-post-image\" alt=\"\" srcset=\"https:\/\/itsyourepilepsy.com\/wp-content\/uploads\/2022\/05\/Key-takeaways-Session-3-1024x683.png 1024w, https:\/\/itsyourepilepsy.com\/wp-content\/uploads\/2022\/05\/Key-takeaways-Session-3-e1670944230709-300x200.png 300w, https:\/\/itsyourepilepsy.com\/wp-content\/uploads\/2022\/05\/Key-takeaways-Session-3-768x512.png 768w, https:\/\/itsyourepilepsy.com\/wp-content\/uploads\/2022\/05\/Key-takeaways-Session-3-e1670944230709.png 450w\" sizes=\"auto, (max-width: 1024px) 100vw, 1024px\" \/>    <\/a>\n    <\/div>\n    <div class=\"related-content\">\n\t\t\n        <h3 class=\"related-title\">\n\t\t\t\t\t\t<a href=\"https:\/\/itsyourepilepsy.com\/es\/living-an-active-life-maximizing-community-access-participation\/\" title=\"Living an Active Life: Maximizing Community...\">Living an Active Life: Maximizing Community&#8230;<\/a>\n\t\t<\/h3>\n\t\t<div class=\"related-meta\">\n\t\t\t<span class=\"entry-meta\">05.11.2022<\/span>\n\t\t\t<span class=\"entry-meta cat-links resources\"><a href=\"https:\/\/itsyourepilepsy.com\/category\/resources\/\" rel=\"category tag\">Resources<\/a><\/span>\t\t<\/div>\n        <p>Session 3 Key Takeaways from webinar series on Safety Devices for Epilepsy. We&#8230;<\/p>\t\n\t\t\n    <\/div>\n\t\t<div class=\"related-footer\">\n\t\t\t<a href=\"https:\/\/itsyourepilepsy.com\/es\/living-an-active-life-maximizing-community-access-participation\/\" title=\"Living an Active Life: Maximizing Community Access &#038; Participation\">\t\n\t\t\t\t<svg   viewBox=\"0 0 32 32\"><path d=\"M19.414 27.414l10-10c0.781-0.781 0.781-2.047 0-2.828l-10-10c-0.781-0.781-2.047-0.781-2.828 0s-0.781 2.047 0 2.828l6.586 6.586h-19.172c-1.105 0-2 0.895-2 2s0.895 2 2 2h19.172l-6.586 6.586c-0.39 0.39-0.586 0.902-0.586 1.414s0.195 1.024 0.586 1.414c0.781 0.781 2.047 0.781 2.828 0z\"><\/path><\/svg>\n\t\t\t<\/a>\n\t\t<\/div>\n\t<\/div>\n<\/div>\n<\/div><\/div><\/div>\n<\/div>\n<\/div><\/div>","protected":false},"excerpt":{"rendered":"<p>Para confirmar si una persona con epilepsia resistente a los medicamentos es candidata para cirug\u00eda, es necesaria una evaluaci\u00f3n prequir\u00fargica &#8230; <a title=\"Evaluaci\u00f3n M\u00e9dica y Estudios Prequir\u00fargicos\" class=\"read-more\" href=\"https:\/\/itsyourepilepsy.com\/es\/evaluaciones-y-opciones-de-tratamiento\/evaluaciones-medicas-y-estudios-prequirurgicos\/\" aria-label=\"Leer m\u00e1s sobre Evaluaci\u00f3n M\u00e9dica y Estudios Prequir\u00fargicos\">Leer m\u00e1s<\/a><\/p>\n","protected":false},"author":13,"featured_media":0,"parent":3629,"menu_order":0,"comment_status":"closed","ping_status":"closed","template":"","meta":{"_acf_changed":false,"footnotes":""},"class_list":["post-3637","page","type-page","status-publish"],"acf":[],"_links":{"self":[{"href":"https:\/\/itsyourepilepsy.com\/es\/wp-json\/wp\/v2\/pages\/3637","targetHints":{"allow":["GET"]}}],"collection":[{"href":"https:\/\/itsyourepilepsy.com\/es\/wp-json\/wp\/v2\/pages"}],"about":[{"href":"https:\/\/itsyourepilepsy.com\/es\/wp-json\/wp\/v2\/types\/page"}],"author":[{"embeddable":true,"href":"https:\/\/itsyourepilepsy.com\/es\/wp-json\/wp\/v2\/users\/13"}],"replies":[{"embeddable":true,"href":"https:\/\/itsyourepilepsy.com\/es\/wp-json\/wp\/v2\/comments?post=3637"}],"version-history":[{"count":0,"href":"https:\/\/itsyourepilepsy.com\/es\/wp-json\/wp\/v2\/pages\/3637\/revisions"}],"up":[{"embeddable":true,"href":"https:\/\/itsyourepilepsy.com\/es\/wp-json\/wp\/v2\/pages\/3629"}],"wp:attachment":[{"href":"https:\/\/itsyourepilepsy.com\/es\/wp-json\/wp\/v2\/media?parent=3637"}],"curies":[{"name":"wp","href":"https:\/\/api.w.org\/{rel}","templated":true}]}}