{"id":3629,"date":"2021-08-03T08:12:30","date_gmt":"2021-08-03T12:12:30","guid":{"rendered":"https:\/\/itsyourepilepsy.com\/?page_id=3629"},"modified":"2022-10-25T10:18:11","modified_gmt":"2022-10-25T14:18:11","slug":"evaluaciones-y-opciones-de-tratamiento","status":"publish","type":"page","link":"https:\/\/itsyourepilepsy.com\/es\/evaluaciones-y-opciones-de-tratamiento\/","title":{"rendered":"Evaluaciones y Opciones de Tratamiento"},"content":{"rendered":"<div class=\"gb-container gb-container-23ce02aa\"><div class=\"gb-inside-container\">\n\n<p><strong>La epilepsia resistente a los medicamentos<\/strong> es una condici\u00f3n espec\u00edfica y compleja. Por esta raz\u00f3n las personas con epilepsia resistente a los medicamentos deben ser referidas a un m\u00e9dico especializado en epilepsia, conocido como epilept\u00f3logo, o ser enviadas a un centro de epilepsia para una evaluaci\u00f3n detallada donde se puede proporcionar una atenci\u00f3n especializada y ofrecer otras opciones de tratamiento.<\/p>\n\n\n\n<p>M\u00faltiples factores est\u00e1n relacionados con la epilepsia resistente a los medicamentos.&nbsp; El epilept\u00f3logo y el equipo de profesionales de la salud implementar\u00e1n un plan personalizado de tratamiento con el objetivo de mejorar su calidad de vida. &nbsp;Cada tratamiento es \u00fanico y se lleva a cabo de acuerdo a su condici\u00f3n y necesidades.<\/p>\n\n<\/div><\/div>\n\n<div class=\"gb-container gb-container-7df0fa4c\"><div class=\"gb-inside-container\">\n<div class=\"gb-grid-wrapper gb-grid-wrapper-79844a3d bordered\">\n<div class=\"gb-grid-column gb-grid-column-0c1c0bcc\"><div class=\"gb-container gb-container-0c1c0bcc covered\"><div class=\"gb-inside-container\">\n\n<figure class=\"wp-block-gallery alignwide has-nested-images columns-default is-cropped wp-block-gallery-1 is-layout-flex wp-block-gallery-is-layout-flex\">\n<figure class=\"wp-block-image size-full\"><img loading=\"lazy\" decoding=\"async\" width=\"1000\" height=\"792\" data-id=\"3313\" src=\"https:\/\/itsyourepilepsy.com\/wp-content\/uploads\/2021\/08\/Specialized-Care.jpg\" alt=\"Pre-Surgical-Evaluation-Assessment_ES\" class=\"wp-image-3313\" srcset=\"https:\/\/itsyourepilepsy.com\/wp-content\/uploads\/2021\/08\/Specialized-Care.jpg 1000w, https:\/\/itsyourepilepsy.com\/wp-content\/uploads\/2021\/08\/Specialized-Care-300x238.jpg 300w, https:\/\/itsyourepilepsy.com\/wp-content\/uploads\/2021\/08\/Specialized-Care-768x608.jpg 768w\" sizes=\"auto, (max-width: 1000px) 100vw, 1000px\" \/><\/figure>\n<\/figure>\n\n<\/div><\/div><\/div>\n\n<div class=\"gb-grid-column gb-grid-column-2d905754\"><div class=\"gb-container gb-container-2d905754\"><div class=\"gb-inside-container\">\n\n<h2 class=\"gb-headline gb-headline-c4e7e036 gb-headline-text\">Evaluaci\u00f3n M\u00e9dica y Pruebas Prequir\u00fargicas<\/h2>\n\n\n\n<p>El primer objetivo es determinar qu\u00e9 \u00e1rea o \u00e1reas del cerebro son responsables de sus convulsiones y cu\u00e1l podr\u00eda ser el efecto de la cirug\u00eda en sus funciones cerebrales. Puede que le pidan m\u00faltiples estudios prequir\u00fargicos como la Resonancia Magn\u00e9tica o MRI, Electroencefalograma o EEG, etc.&nbsp;<\/p>\n\n\n\n<div class=\"gb-headline gb-headline-9738fd67\"><span class=\"gb-icon\"><svg aria-hidden=\"true\" role=\"img\" height=\"1em\" width=\"1em\" viewBox=\"0 0 448 512\" xmlns=\"http:\/\/www.w3.org\/2000\/svg\"><path fill=\"currentColor\" d=\"M416 208H272V64c0-17.67-14.33-32-32-32h-32c-17.67 0-32 14.33-32 32v144H32c-17.67 0-32 14.33-32 32v32c0 17.67 14.33 32 32 32h144v144c0 17.67 14.33 32 32 32h32c17.67 0 32-14.33 32-32V304h144c17.67 0 32-14.33 32-32v-32c0-17.67-14.33-32-32-32z\"><\/path><\/svg><\/span><span class=\"gb-headline-text\"><a href=\"https:\/\/itsyourepilepsy.com\/es\/evaluaciones-y-opciones-de-tratamiento\/evaluaciones-medicas-y-estudios-prequirurgicos\/\">Leer m\u00e1s<\/a><\/span><\/div>\n\n<\/div><\/div><\/div>\n<\/div>\n\n\n<div style=\"height:30px\" aria-hidden=\"true\" class=\"wp-block-spacer\"><\/div>\n\n\n<div class=\"gb-grid-wrapper gb-grid-wrapper-aad464f7 bordered\">\n<div class=\"gb-grid-column gb-grid-column-73fd0af2\"><div class=\"gb-container gb-container-73fd0af2 covered\"><div class=\"gb-inside-container\">\n\n<figure class=\"wp-block-image alignwide size-full\"><img loading=\"lazy\" decoding=\"async\" width=\"600\" height=\"400\" src=\"https:\/\/itsyourepilepsy.com\/wp-content\/uploads\/2021\/09\/Surgeries.jpg\" alt=\"Surgeries\" class=\"wp-image-1284\" srcset=\"https:\/\/itsyourepilepsy.com\/wp-content\/uploads\/2021\/09\/Surgeries.jpg 600w, https:\/\/itsyourepilepsy.com\/wp-content\/uploads\/2021\/09\/Surgeries-300x200.jpg 300w\" sizes=\"auto, (max-width: 600px) 100vw, 600px\" \/><\/figure>\n\n<\/div><\/div><\/div>\n\n<div class=\"gb-grid-column gb-grid-column-b9e4cbdf\"><div class=\"gb-container gb-container-b9e4cbdf\"><div class=\"gb-inside-container\">\n\n<h2 class=\"gb-headline gb-headline-73dce318 gb-headline-text\">Cirug\u00edas<\/h2>\n\n\n\n<p>Existen diferentes cirug\u00edas para tratar o remover las \u00e1reas del cerebro que son responsables de las convulsiones. Estas cirug\u00edas pueden disminuir la frecuencia y la gravedad de las convulsiones o incluso detenerlas.<\/p>\n\n\n\n<div class=\"gb-headline gb-headline-1f042e91\"><span class=\"gb-icon\"><svg aria-hidden=\"true\" role=\"img\" height=\"1em\" width=\"1em\" viewBox=\"0 0 448 512\" xmlns=\"http:\/\/www.w3.org\/2000\/svg\"><path fill=\"currentColor\" d=\"M416 208H272V64c0-17.67-14.33-32-32-32h-32c-17.67 0-32 14.33-32 32v144H32c-17.67 0-32 14.33-32 32v32c0 17.67 14.33 32 32 32h144v144c0 17.67 14.33 32 32 32h32c17.67 0 32-14.33 32-32V304h144c17.67 0 32-14.33 32-32v-32c0-17.67-14.33-32-32-32z\"><\/path><\/svg><\/span><span class=\"gb-headline-text\"><a href=\"https:\/\/itsyourepilepsy.com\/additional-treatment-options\/surgeries\/\"><\/a><a href=\"https:\/\/itsyourepilepsy.com\/es\/evaluaciones-y-opciones-de-tratamiento\/cirugias\/\">Leer m\u00e1s<\/a><\/span><\/div>\n\n<\/div><\/div><\/div>\n<\/div>\n\n\n<div style=\"height:30px\" aria-hidden=\"true\" class=\"wp-block-spacer\"><\/div>\n\n\n<div class=\"gb-grid-wrapper gb-grid-wrapper-b8ebcdeb bordered\">\n<div class=\"gb-grid-column gb-grid-column-0e00638f\"><div class=\"gb-container gb-container-0e00638f covered\"><div class=\"gb-inside-container\">\n\n<figure class=\"wp-block-image alignwide size-full\"><img loading=\"lazy\" decoding=\"async\" width=\"600\" height=\"400\" src=\"https:\/\/itsyourepilepsy.com\/wp-content\/uploads\/2021\/09\/Adjuvant-Therapies.jpg\" alt=\"Adjuvant Therapies\" class=\"wp-image-1286\" srcset=\"https:\/\/itsyourepilepsy.com\/wp-content\/uploads\/2021\/09\/Adjuvant-Therapies.jpg 600w, https:\/\/itsyourepilepsy.com\/wp-content\/uploads\/2021\/09\/Adjuvant-Therapies-300x200.jpg 300w\" sizes=\"auto, (max-width: 600px) 100vw, 600px\" \/><\/figure>\n\n<\/div><\/div><\/div>\n\n<div class=\"gb-grid-column gb-grid-column-3ec038bb\"><div class=\"gb-container gb-container-3ec038bb\"><div class=\"gb-inside-container\">\n\n<h2 class=\"gb-headline gb-headline-a7751de6 gb-headline-text\">Terapias Alternativas<\/h2>\n\n\n\n<p>Existen terapias alternativas como las dietas cetog\u00e9nicas, el yoga, etc. que se est\u00e1n convirtiendo en herramientas importantes para tratar la epilepsia resistente a los medicamentos con el fin de mejorar su bienestar y su calidad de vida. Dichas terapias se pueden usar en combinaci\u00f3n con otros tratamientos.<\/p>\n\n\n\n<div class=\"gb-headline gb-headline-57a9ad88\"><span class=\"gb-icon\"><svg aria-hidden=\"true\" role=\"img\" height=\"1em\" width=\"1em\" viewBox=\"0 0 448 512\" xmlns=\"http:\/\/www.w3.org\/2000\/svg\"><path fill=\"currentColor\" d=\"M416 208H272V64c0-17.67-14.33-32-32-32h-32c-17.67 0-32 14.33-32 32v144H32c-17.67 0-32 14.33-32 32v32c0 17.67 14.33 32 32 32h144v144c0 17.67 14.33 32 32 32h32c17.67 0 32-14.33 32-32V304h144c17.67 0 32-14.33 32-32v-32c0-17.67-14.33-32-32-32z\"><\/path><\/svg><\/span><span class=\"gb-headline-text\"><a href=\"https:\/\/itsyourepilepsy.com\/additional-treatment-options\/adjuvant-therapies\/\"><\/a><a href=\"https:\/\/itsyourepilepsy.com\/es\/evaluaciones-y-opciones-de-tratamiento\/terapias-alternativas\/\">Leer m\u00e1s<\/a><\/span><\/div>\n\n<\/div><\/div><\/div>\n<\/div>\n\n\n<div style=\"height:30px\" aria-hidden=\"true\" class=\"wp-block-spacer\"><\/div>\n\n\n<div class=\"gb-grid-wrapper gb-grid-wrapper-9ac2166a bordered\">\n<div class=\"gb-grid-column gb-grid-column-4f61792d\"><div class=\"gb-container gb-container-4f61792d covered\"><div class=\"gb-inside-container\">\n\n<figure class=\"wp-block-image alignwide size-large\"><img loading=\"lazy\" decoding=\"async\" width=\"1024\" height=\"683\" src=\"https:\/\/itsyourepilepsy.com\/wp-content\/uploads\/2021\/09\/Mindfulness-1024x683.jpg\" alt=\"\" class=\"wp-image-3341\" srcset=\"https:\/\/itsyourepilepsy.com\/wp-content\/uploads\/2021\/09\/Mindfulness-1024x683.jpg 1024w, https:\/\/itsyourepilepsy.com\/wp-content\/uploads\/2021\/09\/Mindfulness-300x200.jpg 300w, https:\/\/itsyourepilepsy.com\/wp-content\/uploads\/2021\/09\/Mindfulness-768x512.jpg 768w, https:\/\/itsyourepilepsy.com\/wp-content\/uploads\/2021\/09\/Mindfulness.jpg 1200w\" sizes=\"auto, (max-width: 1024px) 100vw, 1024px\" \/><\/figure>\n\n<\/div><\/div><\/div>\n\n<div class=\"gb-grid-column gb-grid-column-d1d70188\"><div class=\"gb-container gb-container-d1d70188\"><div class=\"gb-inside-container\">\n\n<h2 class=\"gb-headline gb-headline-41d428e1 gb-headline-text\">Controles Peri\u00f3dicos de Tratamiento<\/h2>\n\n\n\n<p>Los controles peri\u00f3dicos de tratamiento hacen parte integral del plan de manejo y no se deben ignorar. Para mejorar su calidad de vida es important\u00edsimo ser constante y seguir las recomendaciones del equipo m\u00e9dico.<\/p>\n\n\n\n<div class=\"gb-headline gb-headline-5f5c48e5\"><span class=\"gb-icon\"><svg aria-hidden=\"true\" role=\"img\" height=\"1em\" width=\"1em\" viewBox=\"0 0 448 512\" xmlns=\"http:\/\/www.w3.org\/2000\/svg\"><path fill=\"currentColor\" d=\"M416 208H272V64c0-17.67-14.33-32-32-32h-32c-17.67 0-32 14.33-32 32v144H32c-17.67 0-32 14.33-32 32v32c0 17.67 14.33 32 32 32h144v144c0 17.67 14.33 32 32 32h32c17.67 0 32-14.33 32-32V304h144c17.67 0 32-14.33 32-32v-32c0-17.67-14.33-32-32-32z\"><\/path><\/svg><\/span><span class=\"gb-headline-text\"><a href=\"https:\/\/itsyourepilepsy.com\/additional-treatment-options\/follow-up-care\/\"><\/a><a href=\"https:\/\/itsyourepilepsy.com\/es\/evaluaciones-y-opciones-de-tratamiento\/controles-periodicos-de-tratamiento\/\">Leer m\u00e1s<\/a><\/span><\/div>\n\n<\/div><\/div><\/div>\n<\/div>\n\n\n<div style=\"height:60px\" aria-hidden=\"true\" class=\"wp-block-spacer\"><\/div>\n\n\n\n<p>Recuerde que cada persona con epilepsia es \u00fanica y tambi\u00e9n lo es su plan de tratamiento. Las evaluaciones son espec\u00edficas y la progresi\u00f3n de esta condici\u00f3n var\u00eda entre todos aquellos quienes la padecen. Se requiere de una colaboraci\u00f3n muy cercana con su equipo de especialistas para entender su tipo de epilepsia, y es tambi\u00e9n importante saber que para encontrar las formas de manejarla se requerir\u00e1 de tiempo.<\/p>\n\n\n\n<p>Siempre haga preguntas relacionadas con su tratamiento y disc\u00fatalas con su equipo multidisciplinario.<\/p>\n\n\n\n<div style=\"height:10px\" aria-hidden=\"true\" class=\"wp-block-spacer\"><\/div>\n\n\n\n<hr class=\"wp-block-separator has-text-color has-css-opacity has-background\" style=\"background-color:#f7bb54;color:#f7bb54\"\/>\n\n<\/div><\/div>\n\n<div class=\"gb-container gb-container-c7fea6d5\"><div class=\"gb-inside-container\">\n<div class=\"gb-grid-wrapper gb-grid-wrapper-f0988e17\">\n<div class=\"gb-grid-column gb-grid-column-fd4d9fa9\"><div class=\"gb-container gb-container-fd4d9fa9\"><div class=\"gb-inside-container\">\n<div id=\"related-block_53e903aa750f905a1f88251b6cc3f904\" class=\"related\">\n\t<div class=\"related-container\">\n    <div class=\"related-image\">\n\t\t<a href=\"https:\/\/itsyourepilepsy.com\/es\/webinar-series-on-pediatric-epilepsy-surgery\/\" title=\"Webinar Series on Pediatric Epilepsy Surgery\">\n        <img loading=\"lazy\" decoding=\"async\" width=\"1024\" height=\"683\" src=\"https:\/\/itsyourepilepsy.com\/wp-content\/uploads\/2022\/04\/Pediatric-Surgery-1024x683.png\" class=\"attachment-large size-large wp-post-image\" alt=\"\" srcset=\"https:\/\/itsyourepilepsy.com\/wp-content\/uploads\/2022\/04\/Pediatric-Surgery-1024x683.png 1024w, https:\/\/itsyourepilepsy.com\/wp-content\/uploads\/2022\/04\/Pediatric-Surgery-300x200.png 300w, https:\/\/itsyourepilepsy.com\/wp-content\/uploads\/2022\/04\/Pediatric-Surgery-768x512.png 768w, https:\/\/itsyourepilepsy.com\/wp-content\/uploads\/2022\/04\/Pediatric-Surgery.png 1200w\" sizes=\"auto, (max-width: 1024px) 100vw, 1024px\" \/>    <\/a>\n    <\/div>\n    <div class=\"related-content\">\n\t\t\n        <h3 class=\"related-title\">\n\t\t\t\t\t\t<a href=\"https:\/\/itsyourepilepsy.com\/es\/webinar-series-on-pediatric-epilepsy-surgery\/\" title=\"Webinar Series on Pediatric Epilepsy Surgery\">Webinar Series on Pediatric Epilepsy Surgery<\/a>\n\t\t<\/h3>\n\t\t<div class=\"related-meta\">\n\t\t\t<span class=\"entry-meta\">12.04.2021<\/span>\n\t\t\t<span class=\"entry-meta cat-links resources\"><a href=\"https:\/\/itsyourepilepsy.com\/category\/resources\/\" rel=\"category tag\">Resources<\/a><\/span>\t\t<\/div>\n        <p>Go and check the available resources!<\/p>\n\t\n\t\t\n    <\/div>\n\t\t<div class=\"related-footer\">\n\t\t\t<a href=\"https:\/\/itsyourepilepsy.com\/es\/webinar-series-on-pediatric-epilepsy-surgery\/\" title=\"Webinar Series on Pediatric Epilepsy Surgery\">\t\n\t\t\t\t<svg   viewBox=\"0 0 32 32\"><path d=\"M19.414 27.414l10-10c0.781-0.781 0.781-2.047 0-2.828l-10-10c-0.781-0.781-2.047-0.781-2.828 0s-0.781 2.047 0 2.828l6.586 6.586h-19.172c-1.105 0-2 0.895-2 2s0.895 2 2 2h19.172l-6.586 6.586c-0.39 0.39-0.586 0.902-0.586 1.414s0.195 1.024 0.586 1.414c0.781 0.781 2.047 0.781 2.828 0z\"><\/path><\/svg>\n\t\t\t<\/a>\n\t\t<\/div>\n\t<\/div>\n<\/div>\n<\/div><\/div><\/div>\n\n<div class=\"gb-grid-column gb-grid-column-ac747f2c\"><div class=\"gb-container gb-container-ac747f2c\"><div class=\"gb-inside-container\">\n<div id=\"related-block_7dace86252514fe72de2cd1fa2e51dd0\" class=\"related\">\n\t<div class=\"related-container\">\n    <div class=\"related-image\">\n\t\t<a href=\"https:\/\/itsyourepilepsy.com\/es\/opciones-quirurgicas-evaluaciones-y-preguntas-frecuentes-para-la-epilepsia-resistente-a-los-medicamentos\/\" title=\"\u00a0Cirug\u00edas y\u00a0 Preguntas Acerca de la Epilepsia Resistente a los Medicamentos\">\n        <img loading=\"lazy\" decoding=\"async\" width=\"600\" height=\"400\" src=\"https:\/\/itsyourepilepsy.com\/wp-content\/uploads\/2021\/09\/Surgeries.jpg\" class=\"attachment-large size-large wp-post-image\" alt=\"\" srcset=\"https:\/\/itsyourepilepsy.com\/wp-content\/uploads\/2021\/09\/Surgeries.jpg 600w, https:\/\/itsyourepilepsy.com\/wp-content\/uploads\/2021\/09\/Surgeries-300x200.jpg 300w\" sizes=\"auto, (max-width: 600px) 100vw, 600px\" \/>    <\/a>\n    <\/div>\n    <div class=\"related-content\">\n\t\t\n        <h3 class=\"related-title\">\n\t\t\t\t\t\t<a href=\"https:\/\/itsyourepilepsy.com\/es\/opciones-quirurgicas-evaluaciones-y-preguntas-frecuentes-para-la-epilepsia-resistente-a-los-medicamentos\/\" title=\"\u00a0Cirug\u00edas y\u00a0 Preguntas Acerca de la...\">\u00a0Cirug\u00edas y\u00a0 Preguntas Acerca de la&#8230;<\/a>\n\t\t<\/h3>\n\t\t<div class=\"related-meta\">\n\t\t\t<span class=\"entry-meta\">09.06.2022<\/span>\n\t\t\t<span class=\"entry-meta cat-links recursos\"><a href=\"https:\/\/itsyourepilepsy.com\/es\/category\/recursos\/\" rel=\"category tag\">Recursos<\/a><\/span>\t\t<\/div>\n        <p>Encuentre respuestas a sus preguntas sobre opciones quir\u00fargicas y evaluaciones.<\/p>\n\t\n\t\t\n    <\/div>\n\t\t<div class=\"related-footer\">\n\t\t\t<a href=\"https:\/\/itsyourepilepsy.com\/es\/opciones-quirurgicas-evaluaciones-y-preguntas-frecuentes-para-la-epilepsia-resistente-a-los-medicamentos\/\" title=\"\u00a0Cirug\u00edas y\u00a0 Preguntas Acerca de la Epilepsia Resistente a los Medicamentos\">\t\n\t\t\t\t<svg   viewBox=\"0 0 32 32\"><path d=\"M19.414 27.414l10-10c0.781-0.781 0.781-2.047 0-2.828l-10-10c-0.781-0.781-2.047-0.781-2.828 0s-0.781 2.047 0 2.828l6.586 6.586h-19.172c-1.105 0-2 0.895-2 2s0.895 2 2 2h19.172l-6.586 6.586c-0.39 0.39-0.586 0.902-0.586 1.414s0.195 1.024 0.586 1.414c0.781 0.781 2.047 0.781 2.828 0z\"><\/path><\/svg>\n\t\t\t<\/a>\n\t\t<\/div>\n\t<\/div>\n<\/div>\n<\/div><\/div><\/div>\n\n<div class=\"gb-grid-column gb-grid-column-e0c17a56\"><div class=\"gb-container gb-container-e0c17a56\"><div class=\"gb-inside-container\">\n<div id=\"related-block_49bb289bbe5677d6f6654e980769acca\" class=\"related\">\n\t<div class=\"related-container\">\n    <div class=\"related-image\">\n\t\t<a href=\"https:\/\/itsyourepilepsy.com\/es\/seizure-detection-and-alarms\/\" title=\"Seizure Detection and Alarms\">\n        <img loading=\"lazy\" decoding=\"async\" width=\"1024\" height=\"683\" src=\"https:\/\/itsyourepilepsy.com\/wp-content\/uploads\/2022\/04\/Seizure-detection-1024x683.png\" class=\"attachment-large size-large wp-post-image\" alt=\"\" srcset=\"https:\/\/itsyourepilepsy.com\/wp-content\/uploads\/2022\/04\/Seizure-detection-1024x683.png 1024w, https:\/\/itsyourepilepsy.com\/wp-content\/uploads\/2022\/04\/Seizure-detection-300x200.png 300w, https:\/\/itsyourepilepsy.com\/wp-content\/uploads\/2022\/04\/Seizure-detection-768x512.png 768w, https:\/\/itsyourepilepsy.com\/wp-content\/uploads\/2022\/04\/Seizure-detection.png 1200w\" sizes=\"auto, (max-width: 1024px) 100vw, 1024px\" \/>    <\/a>\n    <\/div>\n    <div class=\"related-content\">\n\t\t\n        <h3 class=\"related-title\">\n\t\t\t\t\t\t<a href=\"https:\/\/itsyourepilepsy.com\/es\/seizure-detection-and-alarms\/\" title=\"Seizure Detection and Alarms\">Seizure Detection and Alarms<\/a>\n\t\t<\/h3>\n\t\t<div class=\"related-meta\">\n\t\t\t<span class=\"entry-meta\">04.21.2022<\/span>\n\t\t\t<span class=\"entry-meta cat-links resources\"><a href=\"https:\/\/itsyourepilepsy.com\/category\/resources\/\" rel=\"category tag\">Resources<\/a><\/span>\t\t<\/div>\n        <p>Session 2 Key Takeaways from webinar series on Safety Devices for Epilepsy.<\/p>\n\t\n\t\t\n    <\/div>\n\t\t<div class=\"related-footer\">\n\t\t\t<a href=\"https:\/\/itsyourepilepsy.com\/es\/seizure-detection-and-alarms\/\" title=\"Seizure Detection and Alarms\">\t\n\t\t\t\t<svg   viewBox=\"0 0 32 32\"><path d=\"M19.414 27.414l10-10c0.781-0.781 0.781-2.047 0-2.828l-10-10c-0.781-0.781-2.047-0.781-2.828 0s-0.781 2.047 0 2.828l6.586 6.586h-19.172c-1.105 0-2 0.895-2 2s0.895 2 2 2h19.172l-6.586 6.586c-0.39 0.39-0.586 0.902-0.586 1.414s0.195 1.024 0.586 1.414c0.781 0.781 2.047 0.781 2.828 0z\"><\/path><\/svg>\n\t\t\t<\/a>\n\t\t<\/div>\n\t<\/div>\n<\/div>\n<\/div><\/div><\/div>\n<\/div>\n<\/div><\/div>","protected":false},"excerpt":{"rendered":"<p>La epilepsia resistente a los medicamentos es una condici\u00f3n espec\u00edfica y compleja. Por esta raz\u00f3n las personas con epilepsia resistente &#8230; <a title=\"Evaluaciones y Opciones de Tratamiento\" class=\"read-more\" href=\"https:\/\/itsyourepilepsy.com\/es\/evaluaciones-y-opciones-de-tratamiento\/\" aria-label=\"Leer m\u00e1s sobre Evaluaciones y Opciones de Tratamiento\">Leer m\u00e1s<\/a><\/p>\n","protected":false},"author":13,"featured_media":0,"parent":0,"menu_order":0,"comment_status":"closed","ping_status":"closed","template":"","meta":{"_acf_changed":false,"footnotes":""},"class_list":["post-3629","page","type-page","status-publish"],"acf":[],"_links":{"self":[{"href":"https:\/\/itsyourepilepsy.com\/es\/wp-json\/wp\/v2\/pages\/3629","targetHints":{"allow":["GET"]}}],"collection":[{"href":"https:\/\/itsyourepilepsy.com\/es\/wp-json\/wp\/v2\/pages"}],"about":[{"href":"https:\/\/itsyourepilepsy.com\/es\/wp-json\/wp\/v2\/types\/page"}],"author":[{"embeddable":true,"href":"https:\/\/itsyourepilepsy.com\/es\/wp-json\/wp\/v2\/users\/13"}],"replies":[{"embeddable":true,"href":"https:\/\/itsyourepilepsy.com\/es\/wp-json\/wp\/v2\/comments?post=3629"}],"version-history":[{"count":0,"href":"https:\/\/itsyourepilepsy.com\/es\/wp-json\/wp\/v2\/pages\/3629\/revisions"}],"wp:attachment":[{"href":"https:\/\/itsyourepilepsy.com\/es\/wp-json\/wp\/v2\/media?parent=3629"}],"curies":[{"name":"wp","href":"https:\/\/api.w.org\/{rel}","templated":true}]}}